{"id":24683,"date":"2022-08-18T07:41:19","date_gmt":"2022-08-18T07:41:19","guid":{"rendered":"https:\/\/cardiacinstitute.bg\/?page_id=24683"},"modified":"2024-09-17T11:50:04","modified_gmt":"2024-09-17T11:50:04","slug":"heart-and-brain-center-of-excellence-pleven","status":"publish","type":"page","link":"https:\/\/cardiacinstitute.bg\/ro\/hospitals-and-centers\/heart-and-brain-center-of-excellence-pleven\/","title":{"rendered":"Inima Si Creier Centru De Excelen\u021b\u0103 Clinic\u0103, Pleven"},"content":{"rendered":"<div class=\"wpb-content-wrapper\">[mk_page_section bg_image=&#8221;\/\/cardiacinstitute.bg\/wp-content\/uploads\/2022\/01\/heart-and-brain-header3.jpg&#8221; bg_color=&#8221;rgba(123,123,123,0.48)&#8221; bg_repeat=&#8221;no-repeat&#8221; video_opacity=&#8221;0.9&#8243; min_height=&#8221;&#8221; js_vertical_centered=&#8221;true&#8221; padding_top=&#8221;0&#8243; padding_bottom=&#8221;0&#8243; sidebar=&#8221;sidebar-1&#8243;][vc_column][mk_fancy_title tag_name=&#8221;h1&#8243; color=&#8221;#e8e8e8&#8243; size=&#8221;42&#8243; force_font_size=&#8221;true&#8221; size_tablet=&#8221;42&#8243; line_height=&#8221;95&#8243; font_weight=&#8221;bold&#8221; txt_transform=&#8221;uppercase&#8221; margin_top=&#8221;350&#8243; margin_bottom=&#8221;120&#8243; font_family=&#8221;Open+Sans&#8221; font_type=&#8221;google&#8221;]Highly Specialised Expertise in<br \/>\nService of Lifesaving &#8211; in Progress[\/mk_fancy_title][\/vc_column][\/mk_page_section][vc_row][vc_column][mk_padding_divider size=&#8221;120&#8243;][mk_fancy_title tag_name=&#8221;h3&#8243; color=&#8221;#1e73be&#8221; size=&#8221;60&#8243; force_font_size=&#8221;true&#8221; size_tablet=&#8221;40&#8243; size_phone=&#8221;30&#8243; font_weight=&#8221;400&#8243; txt_transform=&#8221;uppercase&#8221; font_family=&#8221;Open+Sans&#8221; font_type=&#8221;google&#8221; animation=&#8221;top-to-bottom&#8221;]Inima Si Creier Centru De Excelen\u021b\u0103 Clinic\u0103, Pleven[\/mk_fancy_title][\/vc_column][\/vc_row][mk_page_section padding_top=&#8221;40&#8243; padding_bottom=&#8221;40&#8243; sidebar=&#8221;sidebar-1&#8243;][vc_column width=&#8221;1\/3&#8243;][mk_image src=&#8221;\/\/cardiacinstitute.bg\/wp-content\/uploads\/2017\/10\/otdelenia-small.jpg&#8221; frame_style=&#8221;rounded&#8221; link=&#8221;\/\/cardiacinstitute.bg\/ro\/hospitals-and-centers\/heart-and-brain-center-of-excellence-pleven\/clinics-and-departments\/&#8221; caption_location=&#8221;outside-image&#8221; align=&#8221;center&#8221;][mk_title_box font_family=&#8221;none&#8221; align=&#8221;center&#8221;]<a href=\"\/\/cardiacinstitute.bg\/ro\/hospitals-and-centers\/heart-and-brain-center-of-excellence-pleven\/clinics-and-departments\/\">Clinici \u015fi departamente<\/a>[\/mk_title_box][mk_padding_divider][mk_image src=&#8221;\/\/cardiacinstitute.bg\/wp-content\/uploads\/2017\/10\/specialisti-small.jpg&#8221; frame_style=&#8221;rounded&#8221; link=&#8221;\/\/cardiacinstitute.bg\/ro\/hospitals-and-centers\/heart-and-brain-center-of-excellence-pleven\/specialists\/&#8221; caption_location=&#8221;outside-image&#8221; align=&#8221;center&#8221;][mk_title_box font_family=&#8221;none&#8221; align=&#8221;center&#8221;]<a href=\"\/\/cardiacinstitute.bg\/ro\/hospitals-and-centers\/heart-and-brain-center-of-excellence-pleven\/specialists\/\">Specialisti<\/a>[\/mk_title_box][\/vc_column][vc_column width=&#8221;1\/3&#8243;][mk_image src=&#8221;\/\/cardiacinstitute.bg\/wp-content\/uploads\/2017\/10\/bolnichni-deinosti-small.jpg&#8221; frame_style=&#8221;rounded&#8221; link=&#8221;\/\/cardiacinstitute.bg\/ro\/hospitals-and-centers\/heart-and-brain-center-of-excellence-pleven\/hospital-procedures\/&#8221; caption_location=&#8221;outside-image&#8221; align=&#8221;center&#8221;][mk_title_box font_family=&#8221;none&#8221; align=&#8221;center&#8221;]<a href=\"\/\/cardiacinstitute.bg\/ro\/hospitals-and-centers\/heart-and-brain-center-of-excellence-pleven\/hospital-procedures\/\">Proceduri spitalicesti<\/a>[\/mk_title_box][mk_padding_divider][mk_image src=&#8221;\/\/cardiacinstitute.bg\/wp-content\/uploads\/2017\/10\/upravlenie-small.jpg&#8221; frame_style=&#8221;rounded&#8221; link=&#8221;\/\/cardiacinstitute.bg\/ro\/hospitals-and-centers\/heart-and-brain-center-of-excellence-pleven\/hospital-management\/&#8221; caption_location=&#8221;outside-image&#8221; align=&#8221;center&#8221;][mk_title_box font_family=&#8221;none&#8221; align=&#8221;center&#8221;]<a href=\"\/\/cardiacinstitute.bg\/ro\/hospitals-and-centers\/heart-and-brain-center-of-excellence-pleven\/hospital-management\/\">Managementul spitalului<\/a>[\/mk_title_box][\/vc_column][vc_column width=&#8221;1\/3&#8243;][mk_image src=&#8221;\/\/cardiacinstitute.bg\/wp-content\/uploads\/2017\/10\/laboratorni-izsledvania-small.jpg&#8221; frame_style=&#8221;rounded&#8221; link=&#8221;\/\/cardiacinstitute.bg\/ro\/hospitals-and-centers\/heart-and-brain-center-of-excellence-pleven\/laboratory-tests\/&#8221; caption_location=&#8221;outside-image&#8221; align=&#8221;center&#8221;][mk_title_box font_family=&#8221;none&#8221; align=&#8221;center&#8221;]<a href=\"\/\/cardiacinstitute.bg\/ro\/hospitals-and-centers\/heart-and-brain-center-of-excellence-pleven\/laboratory-tests\/\">Teste de laborator<\/a>[\/mk_title_box][mk_padding_divider][mk_image src=&#8221;\/\/cardiacinstitute.bg\/wp-content\/uploads\/2017\/10\/contacts-small.jpg&#8221; frame_style=&#8221;rounded&#8221; link=&#8221;\/\/cardiacinstitute.bg\/ro\/hospitals-and-centers\/heart-and-brain-center-of-excellence-pleven\/contacts\/&#8221; caption_location=&#8221;outside-image&#8221; align=&#8221;center&#8221;][mk_title_box font_family=&#8221;none&#8221; align=&#8221;center&#8221;]<a href=\"\/\/cardiacinstitute.bg\/ro\/hospitals-and-centers\/heart-and-brain-center-of-excellence-pleven\/contacts\/\">Contacts<\/a>[\/mk_title_box][\/vc_column][\/mk_page_section][vc_row][vc_column][vc_column_text disable_pattern=&#8221;false&#8221; css=&#8221;.vc_custom_1726573802661{margin-bottom: 0px !important;}&#8221;]Centrul de Excelen\u021b\u0103 Clinic\u0103 HEART AND BRAIN este un spital universitar de \u00eenalt\u0103 tehnologie, specializat \u00een tratamentul bolilor cardiovasculare \u0219i neurologice, dotat cu cea mai avansat\u0103 tehnologie disponibil\u0103. Spitalul dispune de clinici \u0219i sec\u021bii cu cel mai \u00eenalt nivel ter\u021biar de competen\u021b\u0103, conform standardelor medicale na\u021bionale, \u00een chirurgie cardiac\u0103, chirurgie vascular\u0103, neurochirurgie, chirurgie toracic\u0103, chirurgie general\u0103, ortopedie \u0219i traumatologie, oncologie medical\u0103, radioterapie, boli nervoase, gastroenterologie, pneumologie, endocrinologie hematologie, hemodializ\u0103, reumatologie, urologie, imagistic\u0103, medicin\u0103 fizic\u0103 \u0219i de reabilitare, precum \u0219i clinici \u0219i departamente de cardiologie \u0219i electrocardiostimulare, cardiologie invaziv\u0103, anesteziologie \u0219i terapie intensiv\u0103, terapie intensiv\u0103 \u00een cardiologie, terapie intensiv\u0103 \u00een cardiochirurgie, patologie general\u0103 \u0219i clinic\u0103. Facilit\u0103\u021bile de diagnostic clinic ale spitalului includ laborator clinic \u0219i microbiologic.<\/p>\n<p>Centrul de Excelen\u021b\u0103 Clinic\u0103 Inim\u0103 \u0219i Creier desf\u0103\u0219oar\u0103 diverse activit\u0103\u021bi \u0219tiin\u021bifice \u0219i educa\u021bionale, inclusiv educa\u021bia studen\u021bilor, postuniversitari \u0219i doctoranzi, studii clinice interven\u021bionale \u0219i non-interven\u021bionale.<\/p>\n<p>Spitalul utilizeaz\u0103 un sistem electronic server PACS pentru stocarea \u0219i accesul la toate testele de diagnostic \u0219i imagistic\u0103 ale pacien\u021bilor (RMN, tomografie computerizat\u0103, angiografie, ecocardiogram\u0103, radiografie), permi\u021b\u00e2nd o luare rapid\u0103 \u0219i precis\u0103 a deciziilor terapeutice \u00een timpul procedurilor din s\u0103lile de opera\u021bie.<\/p>\n<p>Sistemul software integrat ofer\u0103 acces la examin\u0103ri \u00een timp real \u0219i la rezultatele testelor din spitalele din toat\u0103 \u021bara, precum \u0219i la consulta\u021bii online \u00een timpul examin\u0103rilor angiografice \u00een afara sediului.<\/p>\n<p>Structura spitalului include cinci s\u0103li de opera\u021bie multifunc\u021bionale, inclusiv un bloc operator hibrid, dotat cu cele mai noi tehnologii hibride (angiograf intraoperator B-plan \u0219i imagistic\u0103 prin rezonan\u021b\u0103 magnetic\u0103 intraoperatorie), oferind pacien\u021bilor acces la cele mai avansate realiz\u0103ri globale \u00een domeniul cardiac \u0219i neurochirurgiei.[\/vc_column_text][\/vc_column][\/vc_row]\n<\/div>","protected":false},"excerpt":{"rendered":"<p>[mk_page_section bg_image=&#8221;\/\/cardiacinstitute.bg\/wp-content\/uploads\/2022\/01\/heart-and-brain-header3.jpg&#8221; bg_color=&#8221;rgba(123,123,123,0.48)&#8221; bg_repeat=&#8221;no-repeat&#8221; video_opacity=&#8221;0.9&#8243; min_height=&#8221;&#8221; js_vertical_centered=&#8221;true&#8221; padding_top=&#8221;0&#8243; padding_bottom=&#8221;0&#8243; sidebar=&#8221;sidebar-1&#8243;][vc_column][mk_fancy_title tag_name=&#8221;h1&#8243; color=&#8221;#e8e8e8&#8243; size=&#8221;42&#8243; force_font_size=&#8221;true&#8221; size_tablet=&#8221;42&#8243; line_height=&#8221;95&#8243; font_weight=&#8221;bold&#8221; txt_transform=&#8221;uppercase&#8221; margin_top=&#8221;350&#8243; margin_bottom=&#8221;120&#8243; font_family=&#8221;Open+Sans&#8221; font_type=&#8221;google&#8221;]Highly Specialised Expertise in Service of Lifesaving &#8211; in Progress[\/mk_fancy_title][\/vc_column][\/mk_page_section][vc_row][vc_column][mk_padding_divider size=&#8221;120&#8243;][mk_fancy_title tag_name=&#8221;h3&#8243; color=&#8221;#1e73be&#8221; size=&#8221;60&#8243; force_font_size=&#8221;true&#8221; size_tablet=&#8221;40&#8243; size_phone=&#8221;30&#8243; font_weight=&#8221;400&#8243; txt_transform=&#8221;uppercase&#8221; font_family=&#8221;Open+Sans&#8221; font_type=&#8221;google&#8221; animation=&#8221;top-to-bottom&#8221;]Inima Si Creier Centru De Excelen\u021b\u0103 Clinic\u0103, Pleven[\/mk_fancy_title][\/vc_column][\/vc_row][mk_page_section padding_top=&#8221;40&#8243; padding_bottom=&#8221;40&#8243; sidebar=&#8221;sidebar-1&#8243;][vc_column width=&#8221;1\/3&#8243;][mk_image src=&#8221;\/\/cardiacinstitute.bg\/wp-content\/uploads\/2017\/10\/otdelenia-small.jpg&#8221; [&hellip;]<\/p>\n","protected":false},"author":1,"featured_media":0,"parent":21750,"menu_order":0,"comment_status":"closed","ping_status":"closed","template":"","meta":{"footnotes":""},"class_list":["post-24683","page","type-page","status-publish","hentry"],"_links":{"self":[{"href":"https:\/\/cardiacinstitute.bg\/ro\/wp-json\/wp\/v2\/pages\/24683","targetHints":{"allow":["GET"]}}],"collection":[{"href":"https:\/\/cardiacinstitute.bg\/ro\/wp-json\/wp\/v2\/pages"}],"about":[{"href":"https:\/\/cardiacinstitute.bg\/ro\/wp-json\/wp\/v2\/types\/page"}],"author":[{"embeddable":true,"href":"https:\/\/cardiacinstitute.bg\/ro\/wp-json\/wp\/v2\/users\/1"}],"replies":[{"embeddable":true,"href":"https:\/\/cardiacinstitute.bg\/ro\/wp-json\/wp\/v2\/comments?post=24683"}],"version-history":[{"count":11,"href":"https:\/\/cardiacinstitute.bg\/ro\/wp-json\/wp\/v2\/pages\/24683\/revisions"}],"predecessor-version":[{"id":45551,"href":"https:\/\/cardiacinstitute.bg\/ro\/wp-json\/wp\/v2\/pages\/24683\/revisions\/45551"}],"up":[{"embeddable":true,"href":"https:\/\/cardiacinstitute.bg\/ro\/wp-json\/wp\/v2\/pages\/21750"}],"wp:attachment":[{"href":"https:\/\/cardiacinstitute.bg\/ro\/wp-json\/wp\/v2\/media?parent=24683"}],"curies":[{"name":"wp","href":"https:\/\/api.w.org\/{rel}","templated":true}]}}