{"id":22562,"date":"2022-07-28T11:30:34","date_gmt":"2022-07-28T11:30:34","guid":{"rendered":"https:\/\/cardiacinstitute.bg\/?page_id=22562"},"modified":"2025-02-17T10:05:42","modified_gmt":"2025-02-17T10:05:42","slug":"second-opinion","status":"publish","type":"page","link":"https:\/\/cardiacinstitute.bg\/ro\/for-patients\/second-opinion\/","title":{"rendered":"A doua opinie"},"content":{"rendered":"<div class=\"wpb-content-wrapper\">[vc_row][vc_column][mk_fancy_title tag_name=&#8221;h4&#8243; color=&#8221;#1e73be&#8221; size=&#8221;36&#8243; force_font_size=&#8221;true&#8221; size_phone=&#8221;30&#8243; font_weight=&#8221;400&#8243; txt_transform=&#8221;uppercase&#8221; font_family=&#8221;Open+Sans&#8221; font_type=&#8221;google&#8221; animation=&#8221;top-to-bottom&#8221;]A doua opinie[\/mk_fancy_title][vc_single_image image=&#8221;15713&#8243; img_size=&#8221;full&#8221; alignment=&#8221;center&#8221;][mk_padding_divider size=&#8221;60&#8243;][\/vc_column][\/vc_row][vc_row][vc_column][vc_column_text css=&#8221;.vc_custom_1739786740459{margin-bottom: 0px !important;}&#8221;]<span style=\"color: #ff0000;\">Dragi pacien\u021bi, dac\u0103 dori\u021bi s\u0103 primi\u021bi o a doua opinie online cu privire la diagnosticul \u0219i tratamentul bolii dumneavoastr\u0103 de la un cardiolog, chirurg cardiac, neurolog, neurochirurg, chirurg vascular, ortoped, medic oncolog, radiooncolog, genetician, patolog sau speciali\u0219ti \u00een abdomen, chirurgie toracic\u0103 \u0219i general\u0103 \u0219i imagistic\u0103, v\u0103 rug\u0103m s\u0103 trimite\u021bi cererea dvs. cu scan\u0103ri \u0219i ata\u0219amente ale tuturor documentelor necesare. Dup\u0103 confirmarea noastr\u0103, v\u0103 rug\u0103m s\u0103 transfera\u021bi taxa de consulta\u021bie dup\u0103 cum urmeaz\u0103:<\/span><\/p>\n<p><span style=\"color: #ff0000;\">\u2013 aviz scris de la un specialist de top \u00een termen de 72 de ore de la solicitare: 150 BGN lv;<\/span><\/p>\n<p><span style=\"color: #ff0000;\">\u2013 conversa\u021bie telefonic\u0103 personal\u0103 cu un specialist (p\u00e2n\u0103 la 15 min.): 150 BGN.<\/span><\/p>\n<p>Taxele de mai sus trebuie pl\u0103tite \u00een BGN prin transfer bancar \u00een contul spitalului &#8222;Heart and Brain&#8221;:<\/p>\n<p><strong>MPHAT INIMA SI CREIERUL EAD<\/strong><br \/>\n<strong>IBAN: BG35UNCR70001522516096<br \/>\nBIC: UNCRBGSF<\/strong><\/p>\n<p>V\u0103 rug\u0103m s\u0103 specifica\u021bi tipul de consulta\u021bie \u2013 de ex. cardiologie, chirurgie cardiac\u0103, neurochirurgie, oncologie etc \u00een motivul de plat\u0103.<\/p>\n<p><strong>Pentru mai multe informa\u021bii \u0219i contact:<\/strong> Dna Viktoria Petrova: 064 678 466, <a href=\"mailto:v.petrova.pn@cardiacinstitute.bg\">v.petrova.pn@cardiacinstitute.bg<\/a>[\/vc_column_text][mk_padding_divider size=&#8221;60&#8243;][\/vc_column][\/vc_row][vc_row][vc_column width=&#8221;1\/3&#8243;][mk_image src=&#8221;\/\/cardiacinstitute.bg\/wp-content\/uploads\/2017\/08\/vtoro-mnenie-1.jpg&#8221;][mk_padding_divider size=&#8221;60&#8243;][\/vc_column][vc_column width=&#8221;2\/3&#8243;][vc_column_text css=&#8221;.vc_custom_1662021403335{margin-bottom: 0px !important;}&#8221;]Statisticile arat\u0103 c\u0103 \u00een 88% din cazuri, atunci c\u00e2nd este reexaminat de un alt medic, diagnosticul este cel pu\u021bin rafinat \u0219i uneori complet schimbat. Acest lucru duce la o schimbare a terapiei medicamentoase \u0219i chiar la eliminarea necesit\u0103\u021bii unei interven\u021bii chirurgicale recomandate ini\u021bial. De obicei, bolile progreseaz\u0103 \u00een timp. Prin urmare, la reexaminare, tabloul clinic este adesea mai complet \u0219i diagnosticul corect este mai u\u0219or.<\/p>\n<p>Medicina este un \u201esport de echip\u0103\u201d \u2013 este jucat de o echip\u0103. Prin urmare, o a doua opinie de la un alt medic ajut\u0103 \u00eentotdeauna. Atunci c\u00e2nd pacientul este \u00een pericol, medicul curant prudent insist\u0103 asupra unei a doua opinie.[\/vc_column_text][\/vc_column][\/vc_row]\n<\/div>","protected":false},"excerpt":{"rendered":"<p>[vc_row][vc_column][mk_fancy_title tag_name=&#8221;h4&#8243; color=&#8221;#1e73be&#8221; size=&#8221;36&#8243; force_font_size=&#8221;true&#8221; size_phone=&#8221;30&#8243; font_weight=&#8221;400&#8243; txt_transform=&#8221;uppercase&#8221; font_family=&#8221;Open+Sans&#8221; font_type=&#8221;google&#8221; animation=&#8221;top-to-bottom&#8221;]A doua opinie[\/mk_fancy_title][vc_single_image image=&#8221;15713&#8243; img_size=&#8221;full&#8221; alignment=&#8221;center&#8221;][mk_padding_divider size=&#8221;60&#8243;][\/vc_column][\/vc_row][vc_row][vc_column][vc_column_text css=&#8221;.vc_custom_1739786740459{margin-bottom: 0px !important;}&#8221;]Dragi pacien\u021bi, dac\u0103 dori\u021bi s\u0103 primi\u021bi o a doua opinie online cu privire la diagnosticul \u0219i tratamentul bolii dumneavoastr\u0103 de la un cardiolog, chirurg cardiac, neurolog, neurochirurg, chirurg vascular, ortoped, medic oncolog, radiooncolog, genetician, patolog sau [&hellip;]<\/p>\n","protected":false},"author":1,"featured_media":0,"parent":21732,"menu_order":3,"comment_status":"closed","ping_status":"closed","template":"","meta":{"footnotes":""},"class_list":["post-22562","page","type-page","status-publish","hentry"],"_links":{"self":[{"href":"https:\/\/cardiacinstitute.bg\/ro\/wp-json\/wp\/v2\/pages\/22562","targetHints":{"allow":["GET"]}}],"collection":[{"href":"https:\/\/cardiacinstitute.bg\/ro\/wp-json\/wp\/v2\/pages"}],"about":[{"href":"https:\/\/cardiacinstitute.bg\/ro\/wp-json\/wp\/v2\/types\/page"}],"author":[{"embeddable":true,"href":"https:\/\/cardiacinstitute.bg\/ro\/wp-json\/wp\/v2\/users\/1"}],"replies":[{"embeddable":true,"href":"https:\/\/cardiacinstitute.bg\/ro\/wp-json\/wp\/v2\/comments?post=22562"}],"version-history":[{"count":8,"href":"https:\/\/cardiacinstitute.bg\/ro\/wp-json\/wp\/v2\/pages\/22562\/revisions"}],"predecessor-version":[{"id":50629,"href":"https:\/\/cardiacinstitute.bg\/ro\/wp-json\/wp\/v2\/pages\/22562\/revisions\/50629"}],"up":[{"embeddable":true,"href":"https:\/\/cardiacinstitute.bg\/ro\/wp-json\/wp\/v2\/pages\/21732"}],"wp:attachment":[{"href":"https:\/\/cardiacinstitute.bg\/ro\/wp-json\/wp\/v2\/media?parent=22562"}],"curies":[{"name":"wp","href":"https:\/\/api.w.org\/{rel}","templated":true}]}}