{"id":22558,"date":"2022-07-28T11:29:09","date_gmt":"2022-07-28T11:29:09","guid":{"rendered":"https:\/\/cardiacinstitute.bg\/?page_id=22558"},"modified":"2025-02-17T10:41:14","modified_gmt":"2025-02-17T10:41:14","slug":"second-opinion-for-cancer-patients","status":"publish","type":"page","link":"https:\/\/cardiacinstitute.bg\/ro\/for-patients\/second-opinion\/second-opinion-for-cancer-patients\/","title":{"rendered":"A doua opinie pentru pacien\u021bi de cancer"},"content":{"rendered":"<div class=\"wpb-content-wrapper\">[vc_row][vc_column][mk_fancy_title tag_name=&#8221;h4&#8243; color=&#8221;#1e73be&#8221; size=&#8221;36&#8243; force_font_size=&#8221;true&#8221; size_phone=&#8221;30&#8243; font_weight=&#8221;400&#8243; txt_transform=&#8221;uppercase&#8221; font_family=&#8221;Open+Sans&#8221; font_type=&#8221;google&#8221; animation=&#8221;top-to-bottom&#8221;]A doua opinie pentru pacien\u021bi de cancer[\/mk_fancy_title][vc_single_image image=&#8221;18605&#8243; img_size=&#8221;full&#8221; alignment=&#8221;center&#8221;][mk_padding_divider size=&#8221;60&#8243;][\/vc_column][\/vc_row][vc_row][vc_column][vc_column_text css=&#8221;.vc_custom_1659006159436{margin-bottom: 0px !important;}&#8221;]<strong>Centrul cuprinz\u0103tor de oncologie din \u201eInim\u0103 \u0219i creier\u201d Pleven<\/strong><\/p>\n<p><em>A doua opinie de la un specialist bazat\u0103 pe o abordare multidisciplinar\u0103 aprofundat\u0103<\/em><\/p>\n<p><strong>De ce caut\u0103 oamenii o a doua opinie?<\/strong><\/p>\n<p>Exist\u0103 mai multe motive pentru a ob\u021bine o a doua opinie de la un specialist din unul sau mai multe dintre urm\u0103toarele motive:<\/p>\n<ul>\n<li>Pentru a v\u0103 confirma diagnosticul<\/li>\n<li>Pentru a v\u0103 asigura c\u0103 primi\u021bi cel mai bun tratament;<\/li>\n<li>Pentru a confirma ceea ce vi s-a spus deja despre starea dumneavoastr\u0103 \u0219i tratament;<\/li>\n<li>Pentru c\u0103 nu po\u021bi vorbi liber sau suficient de detaliat cu medicul t\u0103u actual.<\/li>\n<\/ul>\n<p><strong>Avantajele a doua opinie la bolnavii de cancer<\/strong><\/p>\n<ul>\n<li>Sim\u021bi\u021bi-v\u0103 \u00eencrez\u0103tor c\u0103 diferi\u021bi medici sunt de acord cu diagnosticul \u0219i tratamentul dumneavoastr\u0103;<\/li>\n<li>Oportunitatea de a alege \u00eentre diferite alternative de tratament.<\/li>\n<\/ul>\n<p><strong>Documente necesare<\/strong><\/p>\n<p>epicriz\u0103 ini\u021bial\u0103, diagnostic definitoriu, localizare, stadiu, morfologie, posibil tratament de urm\u0103rire, investiga\u021bii (scanner non-interven\u021bional, RMN-5)[\/vc_column_text][mk_padding_divider size=&#8221;60&#8243;][\/vc_column][\/vc_row][vc_row][vc_column][vc_column_text css=&#8221;.vc_custom_1659007705608{margin-bottom: 0px !important;}&#8221;]<strong>Principalii no\u0219tri speciali\u0219ti<\/strong>[\/vc_column_text][mk_employees column=&#8221;4&#8243; rounded_image=&#8221;false&#8221; grayscale_image=&#8221;false&#8221; count=&#8221;-1&#8243; order=&#8221;ASC&#8221; orderby=&#8221;menu_order&#8221; categories=&#8221;hb-pleven-oncology-second-opinion-ro&#8221;][mk_padding_divider][vc_column_text css=&#8221;.vc_custom_1739788871565{margin-bottom: 0px !important;}&#8221;]<strong>Pentru mai multe informa\u021bii \u0219i documenta\u021bie:<\/strong> Dna Viktoria Petrova: 064 678 466, <a href=\"mailto:v.petrova.pn@cardiacinstitute.bg\">v.petrova.pn@cardiacinstitute.bg<\/a>[\/vc_column_text][\/vc_column][\/vc_row]\n<\/div>","protected":false},"excerpt":{"rendered":"<p>[vc_row][vc_column][mk_fancy_title tag_name=&#8221;h4&#8243; color=&#8221;#1e73be&#8221; size=&#8221;36&#8243; force_font_size=&#8221;true&#8221; size_phone=&#8221;30&#8243; font_weight=&#8221;400&#8243; txt_transform=&#8221;uppercase&#8221; font_family=&#8221;Open+Sans&#8221; font_type=&#8221;google&#8221; animation=&#8221;top-to-bottom&#8221;]A doua opinie pentru pacien\u021bi de cancer[\/mk_fancy_title][vc_single_image image=&#8221;18605&#8243; img_size=&#8221;full&#8221; alignment=&#8221;center&#8221;][mk_padding_divider size=&#8221;60&#8243;][\/vc_column][\/vc_row][vc_row][vc_column][vc_column_text css=&#8221;.vc_custom_1659006159436{margin-bottom: 0px !important;}&#8221;]Centrul cuprinz\u0103tor de oncologie din \u201eInim\u0103 \u0219i creier\u201d Pleven A doua opinie de la un specialist bazat\u0103 pe o abordare multidisciplinar\u0103 aprofundat\u0103 De ce caut\u0103 oamenii o a doua opinie? Exist\u0103 mai [&hellip;]<\/p>\n","protected":false},"author":1,"featured_media":0,"parent":22562,"menu_order":0,"comment_status":"closed","ping_status":"closed","template":"","meta":{"footnotes":""},"class_list":["post-22558","page","type-page","status-publish","hentry"],"_links":{"self":[{"href":"https:\/\/cardiacinstitute.bg\/ro\/wp-json\/wp\/v2\/pages\/22558","targetHints":{"allow":["GET"]}}],"collection":[{"href":"https:\/\/cardiacinstitute.bg\/ro\/wp-json\/wp\/v2\/pages"}],"about":[{"href":"https:\/\/cardiacinstitute.bg\/ro\/wp-json\/wp\/v2\/types\/page"}],"author":[{"embeddable":true,"href":"https:\/\/cardiacinstitute.bg\/ro\/wp-json\/wp\/v2\/users\/1"}],"replies":[{"embeddable":true,"href":"https:\/\/cardiacinstitute.bg\/ro\/wp-json\/wp\/v2\/comments?post=22558"}],"version-history":[{"count":7,"href":"https:\/\/cardiacinstitute.bg\/ro\/wp-json\/wp\/v2\/pages\/22558\/revisions"}],"predecessor-version":[{"id":50638,"href":"https:\/\/cardiacinstitute.bg\/ro\/wp-json\/wp\/v2\/pages\/22558\/revisions\/50638"}],"up":[{"embeddable":true,"href":"https:\/\/cardiacinstitute.bg\/ro\/wp-json\/wp\/v2\/pages\/22562"}],"wp:attachment":[{"href":"https:\/\/cardiacinstitute.bg\/ro\/wp-json\/wp\/v2\/media?parent=22558"}],"curies":[{"name":"wp","href":"https:\/\/api.w.org\/{rel}","templated":true}]}}