{"id":21879,"date":"2022-07-20T14:52:45","date_gmt":"2022-07-20T14:52:45","guid":{"rendered":"https:\/\/cardiacinstitute.bg\/?page_id=21879"},"modified":"2022-08-05T08:04:10","modified_gmt":"2022-08-05T08:04:10","slug":"visit-our-hospitals","status":"publish","type":"page","link":"https:\/\/cardiacinstitute.bg\/ro\/for-physicians\/visit-our-hospitals\/","title":{"rendered":"Vizitati spitalele noastre"},"content":{"rendered":"<div class=\"wpb-content-wrapper\">[vc_row][vc_column][mk_padding_divider size=&#8221;60&#8243;][mk_fancy_title tag_name=&#8221;h4&#8243; color=&#8221;#1e73be&#8221; size=&#8221;36&#8243; force_font_size=&#8221;true&#8221; size_phone=&#8221;30&#8243; font_weight=&#8221;400&#8243; txt_transform=&#8221;uppercase&#8221; font_family=&#8221;Open+Sans&#8221; font_type=&#8221;google&#8221; animation=&#8221;top-to-bottom&#8221;]Vizitati spitalele noastre[\/mk_fancy_title][mk_padding_divider size=&#8221;60&#8243;][\/vc_column][\/vc_row][vc_row][vc_column width=&#8221;1\/3&#8243;][mk_image src=&#8221;\/\/cardiacinstitute.bg\/wp-content\/uploads\/2017\/09\/poseshtenia-za-lekari.jpg&#8221; image_size=&#8221;full&#8221;][\/vc_column][vc_column width=&#8221;2\/3&#8243;][vc_column_text css=&#8221;.vc_custom_1658328764939{margin-bottom: 0px !important;}&#8221;]Pentru a oferi pacientului o \u00eengrijire de \u00eenalt\u0103 calitate pe termen lung, Institutul Cardiac din Bulgaria \u00eencurajeaz\u0103 \u0219i sprijin\u0103 colaborarea profesional\u0103 \u00eentre speciali\u0219tii din ambulatoriu \u0219i spital, inclusiv comunicare permanent\u0103, consulta\u021bii, educa\u021bie, calificare postuniversitar\u0103 etc.<\/p>\n<p>Pentru a vizita spitalele noastre trebuie s\u0103 contacta\u021bi directorul executiv sau specialistul respectiv. Contacta\u021bi urm\u0103toarele numere.[\/vc_column_text][\/vc_column][\/vc_row]\n<\/div>","protected":false},"excerpt":{"rendered":"<p>[vc_row][vc_column][mk_padding_divider size=&#8221;60&#8243;][mk_fancy_title tag_name=&#8221;h4&#8243; color=&#8221;#1e73be&#8221; size=&#8221;36&#8243; force_font_size=&#8221;true&#8221; size_phone=&#8221;30&#8243; font_weight=&#8221;400&#8243; txt_transform=&#8221;uppercase&#8221; font_family=&#8221;Open+Sans&#8221; font_type=&#8221;google&#8221; animation=&#8221;top-to-bottom&#8221;]Vizitati spitalele noastre[\/mk_fancy_title][mk_padding_divider size=&#8221;60&#8243;][\/vc_column][\/vc_row][vc_row][vc_column width=&#8221;1\/3&#8243;][mk_image src=&#8221;\/\/cardiacinstitute.bg\/wp-content\/uploads\/2017\/09\/poseshtenia-za-lekari.jpg&#8221; image_size=&#8221;full&#8221;][\/vc_column][vc_column width=&#8221;2\/3&#8243;][vc_column_text css=&#8221;.vc_custom_1658328764939{margin-bottom: 0px !important;}&#8221;]Pentru a oferi pacientului o \u00eengrijire de \u00eenalt\u0103 calitate pe termen lung, Institutul Cardiac din Bulgaria \u00eencurajeaz\u0103 \u0219i sprijin\u0103 colaborarea profesional\u0103 \u00eentre speciali\u0219tii din ambulatoriu \u0219i spital, inclusiv comunicare permanent\u0103, consulta\u021bii, educa\u021bie, calificare postuniversitar\u0103 [&hellip;]<\/p>\n","protected":false},"author":1,"featured_media":0,"parent":21740,"menu_order":3,"comment_status":"closed","ping_status":"closed","template":"","meta":{"footnotes":""},"class_list":["post-21879","page","type-page","status-publish","hentry"],"_links":{"self":[{"href":"https:\/\/cardiacinstitute.bg\/ro\/wp-json\/wp\/v2\/pages\/21879","targetHints":{"allow":["GET"]}}],"collection":[{"href":"https:\/\/cardiacinstitute.bg\/ro\/wp-json\/wp\/v2\/pages"}],"about":[{"href":"https:\/\/cardiacinstitute.bg\/ro\/wp-json\/wp\/v2\/types\/page"}],"author":[{"embeddable":true,"href":"https:\/\/cardiacinstitute.bg\/ro\/wp-json\/wp\/v2\/users\/1"}],"replies":[{"embeddable":true,"href":"https:\/\/cardiacinstitute.bg\/ro\/wp-json\/wp\/v2\/comments?post=21879"}],"version-history":[{"count":3,"href":"https:\/\/cardiacinstitute.bg\/ro\/wp-json\/wp\/v2\/pages\/21879\/revisions"}],"predecessor-version":[{"id":21882,"href":"https:\/\/cardiacinstitute.bg\/ro\/wp-json\/wp\/v2\/pages\/21879\/revisions\/21882"}],"up":[{"embeddable":true,"href":"https:\/\/cardiacinstitute.bg\/ro\/wp-json\/wp\/v2\/pages\/21740"}],"wp:attachment":[{"href":"https:\/\/cardiacinstitute.bg\/ro\/wp-json\/wp\/v2\/media?parent=21879"}],"curies":[{"name":"wp","href":"https:\/\/api.w.org\/{rel}","templated":true}]}}