{"id":21873,"date":"2022-07-20T14:46:12","date_gmt":"2022-07-20T14:46:12","guid":{"rendered":"https:\/\/cardiacinstitute.bg\/?page_id=21873"},"modified":"2022-08-05T08:03:47","modified_gmt":"2022-08-05T08:03:47","slug":"refer-a-patient","status":"publish","type":"page","link":"https:\/\/cardiacinstitute.bg\/ro\/for-physicians\/refer-a-patient\/","title":{"rendered":"Recomanda un pacient"},"content":{"rendered":"<div class=\"wpb-content-wrapper\">[vc_row][vc_column][mk_padding_divider size=&#8221;60&#8243;][mk_fancy_title tag_name=&#8221;h4&#8243; color=&#8221;#1e73be&#8221; size=&#8221;36&#8243; force_font_size=&#8221;true&#8221; size_phone=&#8221;30&#8243; font_weight=&#8221;400&#8243; txt_transform=&#8221;uppercase&#8221; font_family=&#8221;Open+Sans&#8221; font_type=&#8221;google&#8221; animation=&#8221;top-to-bottom&#8221;]Recomanda un pacient[\/mk_fancy_title][mk_padding_divider size=&#8221;60&#8243;][\/vc_column][\/vc_row][vc_row][vc_column width=&#8221;1\/3&#8243;][mk_image src=&#8221;\/\/cardiacinstitute.bg\/wp-content\/uploads\/2017\/09\/referirane-na-pacienti.jpg&#8221;][\/vc_column][vc_column width=&#8221;2\/3&#8243;][vc_column_text css=&#8221;.vc_custom_1658328369880{margin-bottom: 0px !important;}&#8221;]Pentru intern\u0103ri de urgen\u021b\u0103 sau planificate, examin\u0103ri de specialitate, consulta\u021bii, informa\u021bii despre pacien\u021bii dumneavoastr\u0103 \u0219i orice alte \u00eentreb\u0103ri, v\u0103 rug\u0103m s\u0103 ne contacta\u021bi la urm\u0103toarele numere.<\/p>\n<p>Speciali\u0219tii no\u0219tri de frunte \u00een chirurgie cardiac\u0103, neurochirurgie, chirurgie toracic\u0103, chirurgie vascular\u0103, chirurgie general\u0103, boli nervoase, cardiologie, anestezie \u0219i terapie intensiv\u0103, urologie (Burgas), gastroenterologie (Burgas), oncologie medical\u0103 (Pleven), radioterapie (Pleven), ortopedie iar traumatologie, obstetric\u0103 \u0219i ginecologie, pneumologie \u0219i ftiziologie, genetic\u0103 medical\u0103 (Pleven), medicina de reabilitare \u0219i imagistic\u0103 sunt disponibile \u00een orice moment. La cererea dumneavoastr\u0103, efectu\u0103m consulta\u021bii online \u0219i consiliem pentru a perfec\u021biona diagnosticul \u0219i terapia pacien\u021bilor dumneavoastr\u0103.[\/vc_column_text][\/vc_column][\/vc_row]\n<\/div>","protected":false},"excerpt":{"rendered":"<p>[vc_row][vc_column][mk_padding_divider size=&#8221;60&#8243;][mk_fancy_title tag_name=&#8221;h4&#8243; color=&#8221;#1e73be&#8221; size=&#8221;36&#8243; force_font_size=&#8221;true&#8221; size_phone=&#8221;30&#8243; font_weight=&#8221;400&#8243; txt_transform=&#8221;uppercase&#8221; font_family=&#8221;Open+Sans&#8221; font_type=&#8221;google&#8221; animation=&#8221;top-to-bottom&#8221;]Recomanda un pacient[\/mk_fancy_title][mk_padding_divider size=&#8221;60&#8243;][\/vc_column][\/vc_row][vc_row][vc_column width=&#8221;1\/3&#8243;][mk_image src=&#8221;\/\/cardiacinstitute.bg\/wp-content\/uploads\/2017\/09\/referirane-na-pacienti.jpg&#8221;][\/vc_column][vc_column width=&#8221;2\/3&#8243;][vc_column_text css=&#8221;.vc_custom_1658328369880{margin-bottom: 0px !important;}&#8221;]Pentru intern\u0103ri de urgen\u021b\u0103 sau planificate, examin\u0103ri de specialitate, consulta\u021bii, informa\u021bii despre pacien\u021bii dumneavoastr\u0103 \u0219i orice alte \u00eentreb\u0103ri, v\u0103 rug\u0103m s\u0103 ne contacta\u021bi la urm\u0103toarele numere. Speciali\u0219tii no\u0219tri de frunte \u00een chirurgie cardiac\u0103, neurochirurgie, chirurgie [&hellip;]<\/p>\n","protected":false},"author":1,"featured_media":0,"parent":21740,"menu_order":1,"comment_status":"closed","ping_status":"closed","template":"","meta":{"footnotes":""},"class_list":["post-21873","page","type-page","status-publish","hentry"],"_links":{"self":[{"href":"https:\/\/cardiacinstitute.bg\/ro\/wp-json\/wp\/v2\/pages\/21873","targetHints":{"allow":["GET"]}}],"collection":[{"href":"https:\/\/cardiacinstitute.bg\/ro\/wp-json\/wp\/v2\/pages"}],"about":[{"href":"https:\/\/cardiacinstitute.bg\/ro\/wp-json\/wp\/v2\/types\/page"}],"author":[{"embeddable":true,"href":"https:\/\/cardiacinstitute.bg\/ro\/wp-json\/wp\/v2\/users\/1"}],"replies":[{"embeddable":true,"href":"https:\/\/cardiacinstitute.bg\/ro\/wp-json\/wp\/v2\/comments?post=21873"}],"version-history":[{"count":5,"href":"https:\/\/cardiacinstitute.bg\/ro\/wp-json\/wp\/v2\/pages\/21873\/revisions"}],"predecessor-version":[{"id":23454,"href":"https:\/\/cardiacinstitute.bg\/ro\/wp-json\/wp\/v2\/pages\/21873\/revisions\/23454"}],"up":[{"embeddable":true,"href":"https:\/\/cardiacinstitute.bg\/ro\/wp-json\/wp\/v2\/pages\/21740"}],"wp:attachment":[{"href":"https:\/\/cardiacinstitute.bg\/ro\/wp-json\/wp\/v2\/media?parent=21873"}],"curies":[{"name":"wp","href":"https:\/\/api.w.org\/{rel}","templated":true}]}}