{"id":21868,"date":"2022-07-20T14:39:51","date_gmt":"2022-07-20T14:39:51","guid":{"rendered":"https:\/\/cardiacinstitute.bg\/?page_id=21868"},"modified":"2022-08-05T08:03:15","modified_gmt":"2022-08-05T08:03:15","slug":"we-are-your-reliable-partner","status":"publish","type":"page","link":"https:\/\/cardiacinstitute.bg\/ro\/for-physicians\/we-are-your-reliable-partner\/","title":{"rendered":"Suntem partenerul t\u0103u de \u00eenredere"},"content":{"rendered":"<div class=\"wpb-content-wrapper\">[vc_row][vc_column][mk_padding_divider size=&#8221;60&#8243;][mk_fancy_title tag_name=&#8221;h4&#8243; color=&#8221;#1e73be&#8221; size=&#8221;36&#8243; force_font_size=&#8221;true&#8221; size_phone=&#8221;30&#8243; font_weight=&#8221;400&#8243; txt_transform=&#8221;uppercase&#8221; font_family=&#8221;Open+Sans&#8221; font_type=&#8221;google&#8221; animation=&#8221;top-to-bottom&#8221;]Suntem partenerul t\u0103u de \u00eenredere[\/mk_fancy_title][mk_padding_divider size=&#8221;60&#8243;][\/vc_column][\/vc_row][vc_row][vc_column width=&#8221;1\/3&#8243;][mk_image src=&#8221;\/\/cardiacinstitute.bg\/wp-content\/uploads\/2017\/09\/nadejden-partnior.jpg&#8221;][\/vc_column][vc_column width=&#8221;2\/3&#8243;][vc_column_text css=&#8221;.vc_custom_1658327987112{margin-bottom: 0px !important;}&#8221;]Institutul Cardiac din Bulgaria, prin re\u021beaua sa de spitale \u0219i centre de \u00eenalt\u0103 specialitate cu acoperire na\u021bional\u0103, este un partener de \u00eencredere al medicilor de familie, speciali\u0219tilor ambulatori, ori de c\u00e2te ori este nevoie de intern\u0103ri urgente sau planificate \u00een spital, examin\u0103ri \u0219i consulta\u021bii.<\/p>\n<p>Dac\u0103 este nevoie de \u00eengrijiri medicale urgente, v\u0103 rug\u0103m s\u0103 ne contacta\u021bi. Avem peste 20 de ambulan\u021be \u0219i echipe medicale specializate, complet echipate, disponibile 24 de ore pe zi pentru transport sau internare de urgen\u021b\u0103. Pentru admiteri sau consulta\u021bii planificate, v\u0103 rug\u0103m s\u0103 contacta\u021bi urm\u0103toarele numere.[\/vc_column_text][\/vc_column][\/vc_row]\n<\/div>","protected":false},"excerpt":{"rendered":"<p>[vc_row][vc_column][mk_padding_divider size=&#8221;60&#8243;][mk_fancy_title tag_name=&#8221;h4&#8243; color=&#8221;#1e73be&#8221; size=&#8221;36&#8243; force_font_size=&#8221;true&#8221; size_phone=&#8221;30&#8243; font_weight=&#8221;400&#8243; txt_transform=&#8221;uppercase&#8221; font_family=&#8221;Open+Sans&#8221; font_type=&#8221;google&#8221; animation=&#8221;top-to-bottom&#8221;]Suntem partenerul t\u0103u de \u00eenredere[\/mk_fancy_title][mk_padding_divider size=&#8221;60&#8243;][\/vc_column][\/vc_row][vc_row][vc_column width=&#8221;1\/3&#8243;][mk_image src=&#8221;\/\/cardiacinstitute.bg\/wp-content\/uploads\/2017\/09\/nadejden-partnior.jpg&#8221;][\/vc_column][vc_column width=&#8221;2\/3&#8243;][vc_column_text css=&#8221;.vc_custom_1658327987112{margin-bottom: 0px !important;}&#8221;]Institutul Cardiac din Bulgaria, prin re\u021beaua sa de spitale \u0219i centre de \u00eenalt\u0103 specialitate cu acoperire na\u021bional\u0103, este un partener de \u00eencredere al medicilor de familie, speciali\u0219tilor ambulatori, ori de c\u00e2te ori este [&hellip;]<\/p>\n","protected":false},"author":1,"featured_media":0,"parent":21740,"menu_order":0,"comment_status":"closed","ping_status":"closed","template":"","meta":{"footnotes":""},"class_list":["post-21868","page","type-page","status-publish","hentry"],"_links":{"self":[{"href":"https:\/\/cardiacinstitute.bg\/ro\/wp-json\/wp\/v2\/pages\/21868","targetHints":{"allow":["GET"]}}],"collection":[{"href":"https:\/\/cardiacinstitute.bg\/ro\/wp-json\/wp\/v2\/pages"}],"about":[{"href":"https:\/\/cardiacinstitute.bg\/ro\/wp-json\/wp\/v2\/types\/page"}],"author":[{"embeddable":true,"href":"https:\/\/cardiacinstitute.bg\/ro\/wp-json\/wp\/v2\/users\/1"}],"replies":[{"embeddable":true,"href":"https:\/\/cardiacinstitute.bg\/ro\/wp-json\/wp\/v2\/comments?post=21868"}],"version-history":[{"count":3,"href":"https:\/\/cardiacinstitute.bg\/ro\/wp-json\/wp\/v2\/pages\/21868\/revisions"}],"predecessor-version":[{"id":21871,"href":"https:\/\/cardiacinstitute.bg\/ro\/wp-json\/wp\/v2\/pages\/21868\/revisions\/21871"}],"up":[{"embeddable":true,"href":"https:\/\/cardiacinstitute.bg\/ro\/wp-json\/wp\/v2\/pages\/21740"}],"wp:attachment":[{"href":"https:\/\/cardiacinstitute.bg\/ro\/wp-json\/wp\/v2\/media?parent=21868"}],"curies":[{"name":"wp","href":"https:\/\/api.w.org\/{rel}","templated":true}]}}