{"id":21860,"date":"2022-07-20T14:14:11","date_gmt":"2022-07-20T14:14:11","guid":{"rendered":"https:\/\/cardiacinstitute.bg\/?page_id=21860"},"modified":"2022-08-05T07:52:59","modified_gmt":"2022-08-05T07:52:59","slug":"foreign-patients","status":"publish","type":"page","link":"https:\/\/cardiacinstitute.bg\/ro\/for-patients\/foreign-patients\/","title":{"rendered":"Pacien\u021bi str\u0103ini"},"content":{"rendered":"<div class=\"wpb-content-wrapper\">[vc_row][vc_column][mk_padding_divider size=&#8221;60&#8243;][mk_fancy_title tag_name=&#8221;h4&#8243; color=&#8221;#1e73be&#8221; size=&#8221;36&#8243; force_font_size=&#8221;true&#8221; size_phone=&#8221;30&#8243; font_weight=&#8221;400&#8243; txt_transform=&#8221;uppercase&#8221; font_family=&#8221;Open+Sans&#8221; font_type=&#8221;google&#8221; animation=&#8221;top-to-bottom&#8221;]Pacien\u021bi str\u0103ini[\/mk_fancy_title][mk_padding_divider size=&#8221;60&#8243;][\/vc_column][\/vc_row][vc_row][vc_column width=&#8221;1\/3&#8243;][mk_image src=&#8221;\/\/cardiacinstitute.bg\/wp-content\/uploads\/2017\/11\/evropeiska-zdravna-karta.jpg&#8221;][mk_padding_divider size=&#8221;60&#8243;][\/vc_column][vc_column width=&#8221;2\/3&#8243;][vc_column_text css=&#8221;.vc_custom_1658326449596{margin-bottom: 0px !important;}&#8221;]Pacien\u021bii care sunt cet\u0103\u021beni ai altor \u021b\u0103ri UE, care de\u021bin un Card European de Asigur\u0103ri de S\u0103n\u0103tate, au dreptul la acela\u0219i pachet de servicii \u0219i produse de s\u0103n\u0103tate, acoperite de Fondul Na\u021bional de Asigur\u0103ri de S\u0103n\u0103tate, ca \u0219i cet\u0103\u021benii bulgari asigura\u021bi.<\/p>\n<p>Pacien\u021bii f\u0103r\u0103 Card European de Asigur\u0103ri de S\u0103n\u0103tate, asigura\u021bi de o companie str\u0103in\u0103 de asigur\u0103ri, trebuie s\u0103 pl\u0103teasc\u0103 tratamentul conform listei de pre\u021buri spitalice\u0219ti \u0219i vor primi un document financiar, care s\u0103 le permit\u0103 s\u0103 solicite rambursarea costurilor de la compania de asigur\u0103ri.<\/p>\n<p>Pacien\u021bii f\u0103r\u0103 asigurare de s\u0103n\u0103tate trebuie s\u0103 pl\u0103teasc\u0103 pre\u021bul integral al tratamentului.[\/vc_column_text][\/vc_column][\/vc_row]\n<\/div>","protected":false},"excerpt":{"rendered":"<p>[vc_row][vc_column][mk_padding_divider size=&#8221;60&#8243;][mk_fancy_title tag_name=&#8221;h4&#8243; color=&#8221;#1e73be&#8221; size=&#8221;36&#8243; force_font_size=&#8221;true&#8221; size_phone=&#8221;30&#8243; font_weight=&#8221;400&#8243; txt_transform=&#8221;uppercase&#8221; font_family=&#8221;Open+Sans&#8221; font_type=&#8221;google&#8221; animation=&#8221;top-to-bottom&#8221;]Pacien\u021bi str\u0103ini[\/mk_fancy_title][mk_padding_divider size=&#8221;60&#8243;][\/vc_column][\/vc_row][vc_row][vc_column width=&#8221;1\/3&#8243;][mk_image src=&#8221;\/\/cardiacinstitute.bg\/wp-content\/uploads\/2017\/11\/evropeiska-zdravna-karta.jpg&#8221;][mk_padding_divider size=&#8221;60&#8243;][\/vc_column][vc_column width=&#8221;2\/3&#8243;][vc_column_text css=&#8221;.vc_custom_1658326449596{margin-bottom: 0px !important;}&#8221;]Pacien\u021bii care sunt cet\u0103\u021beni ai altor \u021b\u0103ri UE, care de\u021bin un Card European de Asigur\u0103ri de S\u0103n\u0103tate, au dreptul la acela\u0219i pachet de servicii \u0219i produse de s\u0103n\u0103tate, acoperite de Fondul Na\u021bional de Asigur\u0103ri de [&hellip;]<\/p>\n","protected":false},"author":1,"featured_media":0,"parent":21732,"menu_order":9,"comment_status":"closed","ping_status":"closed","template":"","meta":{"footnotes":""},"class_list":["post-21860","page","type-page","status-publish","hentry"],"_links":{"self":[{"href":"https:\/\/cardiacinstitute.bg\/ro\/wp-json\/wp\/v2\/pages\/21860","targetHints":{"allow":["GET"]}}],"collection":[{"href":"https:\/\/cardiacinstitute.bg\/ro\/wp-json\/wp\/v2\/pages"}],"about":[{"href":"https:\/\/cardiacinstitute.bg\/ro\/wp-json\/wp\/v2\/types\/page"}],"author":[{"embeddable":true,"href":"https:\/\/cardiacinstitute.bg\/ro\/wp-json\/wp\/v2\/users\/1"}],"replies":[{"embeddable":true,"href":"https:\/\/cardiacinstitute.bg\/ro\/wp-json\/wp\/v2\/comments?post=21860"}],"version-history":[{"count":2,"href":"https:\/\/cardiacinstitute.bg\/ro\/wp-json\/wp\/v2\/pages\/21860\/revisions"}],"predecessor-version":[{"id":21862,"href":"https:\/\/cardiacinstitute.bg\/ro\/wp-json\/wp\/v2\/pages\/21860\/revisions\/21862"}],"up":[{"embeddable":true,"href":"https:\/\/cardiacinstitute.bg\/ro\/wp-json\/wp\/v2\/pages\/21732"}],"wp:attachment":[{"href":"https:\/\/cardiacinstitute.bg\/ro\/wp-json\/wp\/v2\/media?parent=21860"}],"curies":[{"name":"wp","href":"https:\/\/api.w.org\/{rel}","templated":true}]}}