{"id":21855,"date":"2022-07-20T14:09:41","date_gmt":"2022-07-20T14:09:41","guid":{"rendered":"https:\/\/cardiacinstitute.bg\/?page_id=21855"},"modified":"2022-08-05T07:52:32","modified_gmt":"2022-08-05T07:52:32","slug":"health-insurance","status":"publish","type":"page","link":"https:\/\/cardiacinstitute.bg\/ro\/for-patients\/health-insurance\/","title":{"rendered":"Asigurare de sanatate"},"content":{"rendered":"<div class=\"wpb-content-wrapper\">[vc_row][vc_column][mk_padding_divider size=&#8221;60&#8243;][mk_fancy_title tag_name=&#8221;h4&#8243; color=&#8221;#1e73be&#8221; size=&#8221;36&#8243; force_font_size=&#8221;true&#8221; size_phone=&#8221;30&#8243; font_weight=&#8221;400&#8243; txt_transform=&#8221;uppercase&#8221; font_family=&#8221;Open+Sans&#8221; font_type=&#8221;google&#8221; animation=&#8221;top-to-bottom&#8221;]Asigurare de sanatate[\/mk_fancy_title][vc_column_text disable_pattern=&#8221;false&#8221; css=&#8221;.vc_custom_1503926994161{margin-bottom: 0px !important;}&#8221;][\/vc_column_text][mk_padding_divider size=&#8221;60&#8243;][\/vc_column][\/vc_row][vc_row][vc_column width=&#8221;1\/3&#8243;][mk_image src=&#8221;https:\/\/cardiacinstitute.bg\/wp-content\/uploads\/2022\/01\/zdravno-osiguriavane.jpg&#8221; image_size=&#8221;full&#8221;][mk_padding_divider size=&#8221;60&#8243;][\/vc_column][vc_column width=&#8221;2\/3&#8243;][vc_column_text css=&#8221;.vc_custom_1658326179055{margin-bottom: 0px !important;}&#8221;]Asigurarea obligatorie de s\u0103n\u0103tate \u00een Bulgaria acoper\u0103 doar o cantitate limitat\u0103 de servicii de \u00eengrijire a s\u0103n\u0103t\u0103\u021bii pentru pacien\u021bii asigura\u021bi. \u00cen unele cazuri, tratamentul dumneavoastr\u0103 poate necesita interven\u021bii medicale, implanturi sau medicamente, neacoperite de Fondul Na\u021bional de Asigur\u0103ri de S\u0103n\u0103tate. De asemenea, este posibil s\u0103 dori\u021bi ca un anumit medic s\u0103 v\u0103 trateze sau s\u0103 v\u0103 opereze.<\/p>\n<p>\u00cen cazurile \u00een care procedurile \u0219i serviciile medicale nu sunt acoperite de Fondul Na\u021bional de Asigur\u0103ri de S\u0103n\u0103tate, pacientul va fi taxat conform listei de pre\u021buri spitalice\u0219ti.<\/p>\n<p>Pentru a acoperi riscul costurilor financiare suplimentare, pute\u021bi achizi\u021biona o poli\u021b\u0103 suplimentar\u0103 de asigurare voluntar\u0103 de s\u0103n\u0103tate la DallBogg: Life and Health.[\/vc_column_text][\/vc_column][\/vc_row]\n<\/div>","protected":false},"excerpt":{"rendered":"<p>[vc_row][vc_column][mk_padding_divider size=&#8221;60&#8243;][mk_fancy_title tag_name=&#8221;h4&#8243; color=&#8221;#1e73be&#8221; size=&#8221;36&#8243; force_font_size=&#8221;true&#8221; size_phone=&#8221;30&#8243; font_weight=&#8221;400&#8243; txt_transform=&#8221;uppercase&#8221; font_family=&#8221;Open+Sans&#8221; font_type=&#8221;google&#8221; animation=&#8221;top-to-bottom&#8221;]Asigurare de sanatate[\/mk_fancy_title][vc_column_text disable_pattern=&#8221;false&#8221; css=&#8221;.vc_custom_1503926994161{margin-bottom: 0px !important;}&#8221;][\/vc_column_text][mk_padding_divider size=&#8221;60&#8243;][\/vc_column][\/vc_row][vc_row][vc_column width=&#8221;1\/3&#8243;][mk_image src=&#8221;https:\/\/cardiacinstitute.bg\/wp-content\/uploads\/2022\/01\/zdravno-osiguriavane.jpg&#8221; image_size=&#8221;full&#8221;][mk_padding_divider size=&#8221;60&#8243;][\/vc_column][vc_column width=&#8221;2\/3&#8243;][vc_column_text css=&#8221;.vc_custom_1658326179055{margin-bottom: 0px !important;}&#8221;]Asigurarea obligatorie de s\u0103n\u0103tate \u00een Bulgaria acoper\u0103 doar o cantitate limitat\u0103 de servicii de \u00eengrijire a s\u0103n\u0103t\u0103\u021bii pentru pacien\u021bii asigura\u021bi. \u00cen unele cazuri, tratamentul dumneavoastr\u0103 poate necesita interven\u021bii medicale, [&hellip;]<\/p>\n","protected":false},"author":1,"featured_media":0,"parent":21732,"menu_order":8,"comment_status":"closed","ping_status":"closed","template":"","meta":{"footnotes":""},"class_list":["post-21855","page","type-page","status-publish","hentry"],"_links":{"self":[{"href":"https:\/\/cardiacinstitute.bg\/ro\/wp-json\/wp\/v2\/pages\/21855","targetHints":{"allow":["GET"]}}],"collection":[{"href":"https:\/\/cardiacinstitute.bg\/ro\/wp-json\/wp\/v2\/pages"}],"about":[{"href":"https:\/\/cardiacinstitute.bg\/ro\/wp-json\/wp\/v2\/types\/page"}],"author":[{"embeddable":true,"href":"https:\/\/cardiacinstitute.bg\/ro\/wp-json\/wp\/v2\/users\/1"}],"replies":[{"embeddable":true,"href":"https:\/\/cardiacinstitute.bg\/ro\/wp-json\/wp\/v2\/comments?post=21855"}],"version-history":[{"count":3,"href":"https:\/\/cardiacinstitute.bg\/ro\/wp-json\/wp\/v2\/pages\/21855\/revisions"}],"predecessor-version":[{"id":21858,"href":"https:\/\/cardiacinstitute.bg\/ro\/wp-json\/wp\/v2\/pages\/21855\/revisions\/21858"}],"up":[{"embeddable":true,"href":"https:\/\/cardiacinstitute.bg\/ro\/wp-json\/wp\/v2\/pages\/21732"}],"wp:attachment":[{"href":"https:\/\/cardiacinstitute.bg\/ro\/wp-json\/wp\/v2\/media?parent=21855"}],"curies":[{"name":"wp","href":"https:\/\/api.w.org\/{rel}","templated":true}]}}