{"id":21851,"date":"2022-07-20T13:57:54","date_gmt":"2022-07-20T13:57:54","guid":{"rendered":"https:\/\/cardiacinstitute.bg\/?page_id=21851"},"modified":"2022-08-05T07:52:06","modified_gmt":"2022-08-05T07:52:06","slug":"visitors","status":"publish","type":"page","link":"https:\/\/cardiacinstitute.bg\/ro\/for-patients\/visitors\/","title":{"rendered":"Vizite"},"content":{"rendered":"<div class=\"wpb-content-wrapper\">[vc_row][vc_column][mk_padding_divider size=&#8221;60&#8243;][mk_fancy_title tag_name=&#8221;h4&#8243; color=&#8221;#1e73be&#8221; size=&#8221;36&#8243; force_font_size=&#8221;true&#8221; size_phone=&#8221;30&#8243; font_weight=&#8221;400&#8243; txt_transform=&#8221;uppercase&#8221; font_family=&#8221;Open+Sans&#8221; font_type=&#8221;google&#8221; animation=&#8221;top-to-bottom&#8221;]Vizite[\/mk_fancy_title][mk_padding_divider size=&#8221;60&#8243;][\/vc_column][\/vc_row][vc_row][vc_column width=&#8221;1\/3&#8243;][mk_image src=&#8221;\/\/cardiacinstitute.bg\/wp-content\/uploads\/2017\/11\/posetiteli.jpg&#8221;][mk_padding_divider size=&#8221;60&#8243;][\/vc_column][vc_column width=&#8221;2\/3&#8243;][vc_column_text css=&#8221;.vc_custom_1658325471532{margin-bottom: 0px !important;}&#8221;]Informa\u021biile despre starea pacientului pot fi furnizate numai rudelor acestuia, indicate \u00een actele de admitere.<\/p>\n<p>Orele de vizitare sunt restric\u021bionate. O vizit\u0103 de maximum doi vizitatori per pacient este permis\u0103 simultan. \u00cen cazul \u00een care ora programat\u0103 a vizitei este extrem de incomod pentru vizitator, asistenta-\u0219ef, dac\u0103 este posibil, poate aranja un alt interval orar pentru vizit\u0103.<\/p>\n<p>Vizitele \u00een Sec\u021bia de Terapie Intensiv\u0103 sunt posibile numai pentru rudele cele mai apropiate \u0219i sunt programate individual, \u00een func\u021bie de starea medical\u0103 a pacientului.<\/p>\n<p>Vizitele \u00een Unitatea de \u00eengrijire de reanimare nu sunt posibile. Este posibil\u0103 o videoconferin\u021b\u0103 \u00eentre pacient \u0219i rudele acestuia.<\/p>\n<p>Aceste restric\u021bii sunt puse \u00een aplicare astfel \u00eenc\u00e2t pacien\u021bii s\u0103 se poat\u0103 recupera c\u00e2t mai bine \u0219i c\u00e2t mai repede posibil.[\/vc_column_text][\/vc_column][\/vc_row]\n<\/div>","protected":false},"excerpt":{"rendered":"<p>[vc_row][vc_column][mk_padding_divider size=&#8221;60&#8243;][mk_fancy_title tag_name=&#8221;h4&#8243; color=&#8221;#1e73be&#8221; size=&#8221;36&#8243; force_font_size=&#8221;true&#8221; size_phone=&#8221;30&#8243; font_weight=&#8221;400&#8243; txt_transform=&#8221;uppercase&#8221; font_family=&#8221;Open+Sans&#8221; font_type=&#8221;google&#8221; animation=&#8221;top-to-bottom&#8221;]Vizite[\/mk_fancy_title][mk_padding_divider size=&#8221;60&#8243;][\/vc_column][\/vc_row][vc_row][vc_column width=&#8221;1\/3&#8243;][mk_image src=&#8221;\/\/cardiacinstitute.bg\/wp-content\/uploads\/2017\/11\/posetiteli.jpg&#8221;][mk_padding_divider size=&#8221;60&#8243;][\/vc_column][vc_column width=&#8221;2\/3&#8243;][vc_column_text css=&#8221;.vc_custom_1658325471532{margin-bottom: 0px !important;}&#8221;]Informa\u021biile despre starea pacientului pot fi furnizate numai rudelor acestuia, indicate \u00een actele de admitere. Orele de vizitare sunt restric\u021bionate. O vizit\u0103 de maximum doi vizitatori per pacient este permis\u0103 simultan. \u00cen cazul \u00een care ora [&hellip;]<\/p>\n","protected":false},"author":1,"featured_media":0,"parent":21732,"menu_order":6,"comment_status":"closed","ping_status":"closed","template":"","meta":{"footnotes":""},"class_list":["post-21851","page","type-page","status-publish","hentry"],"_links":{"self":[{"href":"https:\/\/cardiacinstitute.bg\/ro\/wp-json\/wp\/v2\/pages\/21851","targetHints":{"allow":["GET"]}}],"collection":[{"href":"https:\/\/cardiacinstitute.bg\/ro\/wp-json\/wp\/v2\/pages"}],"about":[{"href":"https:\/\/cardiacinstitute.bg\/ro\/wp-json\/wp\/v2\/types\/page"}],"author":[{"embeddable":true,"href":"https:\/\/cardiacinstitute.bg\/ro\/wp-json\/wp\/v2\/users\/1"}],"replies":[{"embeddable":true,"href":"https:\/\/cardiacinstitute.bg\/ro\/wp-json\/wp\/v2\/comments?post=21851"}],"version-history":[{"count":2,"href":"https:\/\/cardiacinstitute.bg\/ro\/wp-json\/wp\/v2\/pages\/21851\/revisions"}],"predecessor-version":[{"id":21853,"href":"https:\/\/cardiacinstitute.bg\/ro\/wp-json\/wp\/v2\/pages\/21851\/revisions\/21853"}],"up":[{"embeddable":true,"href":"https:\/\/cardiacinstitute.bg\/ro\/wp-json\/wp\/v2\/pages\/21732"}],"wp:attachment":[{"href":"https:\/\/cardiacinstitute.bg\/ro\/wp-json\/wp\/v2\/media?parent=21851"}],"curies":[{"name":"wp","href":"https:\/\/api.w.org\/{rel}","templated":true}]}}