{"id":21845,"date":"2022-07-20T13:54:30","date_gmt":"2022-07-20T13:54:30","guid":{"rendered":"https:\/\/cardiacinstitute.bg\/?page_id=21845"},"modified":"2022-08-05T07:51:41","modified_gmt":"2022-08-05T07:51:41","slug":"hospital-stay","status":"publish","type":"page","link":"https:\/\/cardiacinstitute.bg\/ro\/for-patients\/hospital-stay\/","title":{"rendered":"Sederea in spital"},"content":{"rendered":"<div class=\"wpb-content-wrapper\">[vc_row][vc_column][mk_padding_divider size=&#8221;60&#8243;][mk_fancy_title tag_name=&#8221;h4&#8243; color=&#8221;#1e73be&#8221; size=&#8221;36&#8243; force_font_size=&#8221;true&#8221; size_phone=&#8221;30&#8243; font_weight=&#8221;400&#8243; txt_transform=&#8221;uppercase&#8221; font_family=&#8221;Open+Sans&#8221; font_type=&#8221;google&#8221; animation=&#8221;top-to-bottom&#8221;]Sederea in spital[\/mk_fancy_title][mk_padding_divider size=&#8221;60&#8243;][\/vc_column][\/vc_row][vc_row][vc_column width=&#8221;1\/3&#8243;][mk_image src=&#8221;\/\/cardiacinstitute.bg\/wp-content\/uploads\/2017\/11\/prestoi-v-bolnica.jpg&#8221;][mk_padding_divider size=&#8221;60&#8243;][\/vc_column][vc_column width=&#8221;2\/3&#8243;][vc_column_text css=&#8221;.vc_custom_1658325260734{margin-bottom: 0px !important;}&#8221;]Durata spitaliz\u0103rii depinde de starea dumneavoastr\u0103 medical\u0103, de procesul de recuperare \u0219i de decizia echipei medicale.<\/p>\n<p>De obicei, \u0219ederea \u00een spital depinde de rezultatele clinice ale procedurilor terapeutice \u0219i\/sau chirurgicale, de nivelul de recuperare, de comorbidit\u0103\u021bi \u0219i de starea dumneavoastr\u0103 medical\u0103 general\u0103. Odat\u0103 ce tratamentul dumneavoastr\u0103 este terminat \u0219i sunte\u021bi gata s\u0103 pleca\u021bi, ve\u021bi fi consultat de medicul dumneavoastr\u0103 \u0219i ve\u021bi primi toate informa\u021biile despre boala dumneavoastr\u0103, tratament \u0219i recomand\u0103ri de stil de via\u021b\u0103. Ve\u021bi primi un rezumat de externare \u00een dou\u0103 exemplare \u2013 unul pentru dumneavoastr\u0103 \u0219i unul pentru medicul dumneavoastr\u0103 de familie, cu o descriere detaliat\u0103 a diagnosticului, tratamentului \u0219i tratamentului de urm\u0103rire recomandat. Sunte\u021bi responsabil pentru a oferi medicului dumneavoastr\u0103 de familie copia lui.<\/p>\n<p>C\u00e2nd p\u0103r\u0103si\u021bi spitalul, asigura\u021bi-v\u0103 c\u0103 primi\u021bi o re\u021bet\u0103 de medicamente \u0219i programati-va pentru examin\u0103rile de control ulterioare, care sunt acoperite de Fondul Na\u021bional de Asigur\u0103ri de S\u0103n\u0103tate.[\/vc_column_text][\/vc_column][\/vc_row]\n<\/div>","protected":false},"excerpt":{"rendered":"<p>[vc_row][vc_column][mk_padding_divider size=&#8221;60&#8243;][mk_fancy_title tag_name=&#8221;h4&#8243; color=&#8221;#1e73be&#8221; size=&#8221;36&#8243; force_font_size=&#8221;true&#8221; size_phone=&#8221;30&#8243; font_weight=&#8221;400&#8243; txt_transform=&#8221;uppercase&#8221; font_family=&#8221;Open+Sans&#8221; font_type=&#8221;google&#8221; animation=&#8221;top-to-bottom&#8221;]Sederea in spital[\/mk_fancy_title][mk_padding_divider size=&#8221;60&#8243;][\/vc_column][\/vc_row][vc_row][vc_column width=&#8221;1\/3&#8243;][mk_image src=&#8221;\/\/cardiacinstitute.bg\/wp-content\/uploads\/2017\/11\/prestoi-v-bolnica.jpg&#8221;][mk_padding_divider size=&#8221;60&#8243;][\/vc_column][vc_column width=&#8221;2\/3&#8243;][vc_column_text css=&#8221;.vc_custom_1658325260734{margin-bottom: 0px !important;}&#8221;]Durata spitaliz\u0103rii depinde de starea dumneavoastr\u0103 medical\u0103, de procesul de recuperare \u0219i de decizia echipei medicale. De obicei, \u0219ederea \u00een spital depinde de rezultatele clinice ale procedurilor terapeutice \u0219i\/sau chirurgicale, de nivelul de recuperare, [&hellip;]<\/p>\n","protected":false},"author":1,"featured_media":0,"parent":21732,"menu_order":5,"comment_status":"closed","ping_status":"closed","template":"","meta":{"footnotes":""},"class_list":["post-21845","page","type-page","status-publish","hentry"],"_links":{"self":[{"href":"https:\/\/cardiacinstitute.bg\/ro\/wp-json\/wp\/v2\/pages\/21845","targetHints":{"allow":["GET"]}}],"collection":[{"href":"https:\/\/cardiacinstitute.bg\/ro\/wp-json\/wp\/v2\/pages"}],"about":[{"href":"https:\/\/cardiacinstitute.bg\/ro\/wp-json\/wp\/v2\/types\/page"}],"author":[{"embeddable":true,"href":"https:\/\/cardiacinstitute.bg\/ro\/wp-json\/wp\/v2\/users\/1"}],"replies":[{"embeddable":true,"href":"https:\/\/cardiacinstitute.bg\/ro\/wp-json\/wp\/v2\/comments?post=21845"}],"version-history":[{"count":4,"href":"https:\/\/cardiacinstitute.bg\/ro\/wp-json\/wp\/v2\/pages\/21845\/revisions"}],"predecessor-version":[{"id":21849,"href":"https:\/\/cardiacinstitute.bg\/ro\/wp-json\/wp\/v2\/pages\/21845\/revisions\/21849"}],"up":[{"embeddable":true,"href":"https:\/\/cardiacinstitute.bg\/ro\/wp-json\/wp\/v2\/pages\/21732"}],"wp:attachment":[{"href":"https:\/\/cardiacinstitute.bg\/ro\/wp-json\/wp\/v2\/media?parent=21845"}],"curies":[{"name":"wp","href":"https:\/\/api.w.org\/{rel}","templated":true}]}}