{"id":21840,"date":"2022-07-20T13:47:38","date_gmt":"2022-07-20T13:47:38","guid":{"rendered":"https:\/\/cardiacinstitute.bg\/?page_id=21840"},"modified":"2022-08-05T07:50:59","modified_gmt":"2022-08-05T07:50:59","slug":"admission","status":"publish","type":"page","link":"https:\/\/cardiacinstitute.bg\/ro\/for-patients\/admission\/","title":{"rendered":"Internare"},"content":{"rendered":"<div class=\"wpb-content-wrapper\">[vc_row][vc_column][mk_padding_divider size=&#8221;60&#8243;][mk_fancy_title tag_name=&#8221;h4&#8243; color=&#8221;#1e73be&#8221; size=&#8221;36&#8243; force_font_size=&#8221;true&#8221; size_phone=&#8221;30&#8243; font_weight=&#8221;400&#8243; txt_transform=&#8221;uppercase&#8221; font_family=&#8221;Open+Sans&#8221; font_type=&#8221;google&#8221; animation=&#8221;top-to-bottom&#8221;]Internare[\/mk_fancy_title][mk_padding_divider size=&#8221;60&#8243;][\/vc_column][\/vc_row][vc_row][vc_column width=&#8221;2\/3&#8243;][vc_column_text css=&#8221;.vc_custom_1658324568284{margin-bottom: 0px !important;}&#8221;]Medicul sau specialistul, care a emis nota de trimitere, trebuie s\u0103 se consulte cu noi cu privire la data \u0219i ora admiterii. Data admiterii este scris\u0103 \u00een nota de trimitere.<\/p>\n<p>\u00cenainte de internare, trebuie s\u0103 v\u0103 organiza\u021bi transportul la spital \u0219i s\u0103 fi\u021bi \u00eenso\u021bit de o rud\u0103 sau un prieten \u00een timpul procesului de internare.<\/p>\n<p><strong>Ce fel de obiecte personale ave\u021bi nevoie:<\/strong><\/p>\n<ul>\n<li>Pardesiu<\/li>\n<li>Halat de baie<\/li>\n<li>Articole de toalet\u0103 personale<\/li>\n<li>Pijama<\/li>\n<li>Papuci<\/li>\n<li>S\u0103pun \u0219i prosop<\/li>\n<li>priem-v-bolnica<\/li>\n<li>Ce fel de documenta\u021bie ave\u021bi nevoie:<\/li>\n<\/ul>\n[\/vc_column_text][\/vc_column][vc_column width=&#8221;1\/3&#8243;][mk_image src=&#8221;\/\/cardiacinstitute.bg\/wp-content\/uploads\/2017\/11\/priem-v-bolnica.jpg&#8221;][\/vc_column][\/vc_row][vc_row][vc_column][vc_column_text css=&#8221;.vc_custom_1658324802734{margin-bottom: 0px !important;}&#8221;]<strong>Ce fel de documenta\u021bie ave\u021bi nevoie:<\/strong><\/p>\n<ul>\n<li>ID-ul tau<\/li>\n<li>Carnetul de re\u021bete<\/li>\n<li>Not\u0103 de trimitere din partea medicului dumneavoastr\u0103 generalist<\/li>\n<li>Rezumatele dvs. anterioare de desc\u0103rcare<\/li>\n<li>Imagini cu raze X<\/li>\n<li>Teste de laborator<\/li>\n<li>Medicamentele tale<\/li>\n<li>Adresele \u0219i numerele de telefon ale persoanei dvs. de contact<\/li>\n<\/ul>\n<p>Trebuie s\u0103 v\u0103 asigura\u021bi c\u0103 medicul dumneavoastr\u0103 a semnat biletul de trimitere \u0219i a clarificat dac\u0103 lua\u021bi medicamente \u00een momentul intern\u0103rii. Dac\u0103 lua\u021bi medicamente, v\u0103 rug\u0103m s\u0103 le ar\u0103ta\u021bi medicului dumneavoastr\u0103. Pute\u021bi aduce o carte, ustensile de scris \u0219i altele. Exist\u0103 un televizor \u00een fiecare camer\u0103 de pacient. V\u0103 recomand\u0103m s\u0103 fie utilizat \u00eentr-un mod care s\u0103 nu deranjeze odihna \u0219i tratamentul altor pacien\u021bi.<\/p>\n<p>Este dreptul dumneavoastr\u0103 s\u0103 alege\u021bi un medic sau o echip\u0103 medical\u0103 pentru o tax\u0103 suplimentar\u0103.<\/p>\n<p><strong>Este interzis\u0103 aducerea:<\/strong><\/p>\n<ul>\n<li>Alcool \u0219i narcotice<\/li>\n<li>Suma mare de bani<\/li>\n<li>Bijuterii<\/li>\n<\/ul>\n<p>Spitalul nu este responsabil pentru p\u0103strarea \u00een siguran\u021b\u0103 a obiectelor de valoare.<\/p>\n[\/vc_column_text][\/vc_column][\/vc_row]\n<\/div>","protected":false},"excerpt":{"rendered":"<p>[vc_row][vc_column][mk_padding_divider size=&#8221;60&#8243;][mk_fancy_title tag_name=&#8221;h4&#8243; color=&#8221;#1e73be&#8221; size=&#8221;36&#8243; force_font_size=&#8221;true&#8221; size_phone=&#8221;30&#8243; font_weight=&#8221;400&#8243; txt_transform=&#8221;uppercase&#8221; font_family=&#8221;Open+Sans&#8221; font_type=&#8221;google&#8221; animation=&#8221;top-to-bottom&#8221;]Internare[\/mk_fancy_title][mk_padding_divider size=&#8221;60&#8243;][\/vc_column][\/vc_row][vc_row][vc_column width=&#8221;2\/3&#8243;][vc_column_text css=&#8221;.vc_custom_1658324568284{margin-bottom: 0px !important;}&#8221;]Medicul sau specialistul, care a emis nota de trimitere, trebuie s\u0103 se consulte cu noi cu privire la data \u0219i ora admiterii. Data admiterii este scris\u0103 \u00een nota de trimitere. \u00cenainte de internare, trebuie s\u0103 v\u0103 organiza\u021bi transportul la [&hellip;]<\/p>\n","protected":false},"author":1,"featured_media":0,"parent":21732,"menu_order":4,"comment_status":"closed","ping_status":"closed","template":"","meta":{"footnotes":""},"class_list":["post-21840","page","type-page","status-publish","hentry"],"_links":{"self":[{"href":"https:\/\/cardiacinstitute.bg\/ro\/wp-json\/wp\/v2\/pages\/21840","targetHints":{"allow":["GET"]}}],"collection":[{"href":"https:\/\/cardiacinstitute.bg\/ro\/wp-json\/wp\/v2\/pages"}],"about":[{"href":"https:\/\/cardiacinstitute.bg\/ro\/wp-json\/wp\/v2\/types\/page"}],"author":[{"embeddable":true,"href":"https:\/\/cardiacinstitute.bg\/ro\/wp-json\/wp\/v2\/users\/1"}],"replies":[{"embeddable":true,"href":"https:\/\/cardiacinstitute.bg\/ro\/wp-json\/wp\/v2\/comments?post=21840"}],"version-history":[{"count":3,"href":"https:\/\/cardiacinstitute.bg\/ro\/wp-json\/wp\/v2\/pages\/21840\/revisions"}],"predecessor-version":[{"id":21843,"href":"https:\/\/cardiacinstitute.bg\/ro\/wp-json\/wp\/v2\/pages\/21840\/revisions\/21843"}],"up":[{"embeddable":true,"href":"https:\/\/cardiacinstitute.bg\/ro\/wp-json\/wp\/v2\/pages\/21732"}],"wp:attachment":[{"href":"https:\/\/cardiacinstitute.bg\/ro\/wp-json\/wp\/v2\/media?parent=21840"}],"curies":[{"name":"wp","href":"https:\/\/api.w.org\/{rel}","templated":true}]}}