{"id":21834,"date":"2022-07-20T13:40:08","date_gmt":"2022-07-20T13:40:08","guid":{"rendered":"https:\/\/cardiacinstitute.bg\/?page_id=21834"},"modified":"2022-08-05T07:49:17","modified_gmt":"2022-08-05T07:49:17","slug":"appointment-for-examination-and-consultation","status":"publish","type":"page","link":"https:\/\/cardiacinstitute.bg\/ro\/for-patients\/appointment-for-examination-and-consultation\/","title":{"rendered":"Programari pentru examinare si consultare"},"content":{"rendered":"<div class=\"wpb-content-wrapper\">[vc_row][vc_column][mk_padding_divider size=&#8221;60&#8243;][mk_fancy_title tag_name=&#8221;h4&#8243; color=&#8221;#1e73be&#8221; size=&#8221;36&#8243; force_font_size=&#8221;true&#8221; size_phone=&#8221;30&#8243; font_weight=&#8221;400&#8243; txt_transform=&#8221;uppercase&#8221; font_family=&#8221;Open+Sans&#8221; font_type=&#8221;google&#8221; animation=&#8221;top-to-bottom&#8221;]Programari pentru examinare si consultare[\/mk_fancy_title][mk_padding_divider size=&#8221;60&#8243;][\/vc_column][\/vc_row][vc_row][vc_column width=&#8221;1\/3&#8243;][mk_image src=&#8221;\/\/cardiacinstitute.bg\/wp-content\/uploads\/2017\/11\/kak-da-zapishem-chas.jpg&#8221;][vc_column_text css=&#8221;.vc_custom_1503926236966{margin-bottom: 0px !important;}&#8221;][\/vc_column_text][\/vc_column][vc_column width=&#8221;2\/3&#8243;][vc_column_text css=&#8221;.vc_custom_1658324380947{margin-bottom: 0px !important;}&#8221;]Pute\u021bi programa program\u0103ri pentru examin\u0103ri \u0219i consulta\u021bii \u00een spitalele \u0219i centrele noastre medicale. Nu ave\u021bi nevoie de o not\u0103 de trimitere pentru a vedea un specialist sau pentru a fi admis, totu\u0219i toate examin\u0103rile, consulta\u021biile, analizele de laborator \u0219i alte servicii medicale pe care le primi\u021bi f\u0103r\u0103 bilet de trimitere nu sunt acoperite de fondul de asigur\u0103ri obligatorii de s\u0103n\u0103tate din Bulgaria \u0219i vor fi taxate conform politicii noastre interne \u0219i a listei noastre de pre\u021buri actuale.<\/p>\n<p>Pentru planificarea consulta\u021biilor, v\u0103 rug\u0103m s\u0103 utiliza\u021bi urm\u0103toarele numere \u0219i s\u0103 decide\u021bi care departament medical este cel mai convenabil pentru dvs.[\/vc_column_text][\/vc_column][\/vc_row][vc_row][vc_column][vc_column_text css=&#8221;.vc_custom_1658324403254{margin-bottom: 0px !important;}&#8221;]\u00cen cazul \u00een care ave\u021bi bilet de trimitere de la medicul dumneavoastr\u0103 generalist\/medicul de familie (MG), trebuie s\u0103 v\u0103 planifica\u021bi consulta\u021bia \u00een centrele noastre medicale (numerele de telefon \u0219i adresele de contact sunt enumerate mai sus) \u00een termen de 30 de zile calendaristice de la data emiterii. A doua examinare trebuie efectuat\u0103 la maximum 30 de zile de la examinarea primar\u0103.<\/p>\n<p>Biletul de trimitere pentru un specialist v\u0103 d\u0103 dreptul la o serie de examin\u0103ri \u0219i teste, care sunt acoperite de fondul bulgar de asigur\u0103ri de s\u0103n\u0103tate obligatorii, f\u0103r\u0103 costuri suplimentare pentru dumneavoastr\u0103.<\/p>\n<p>\u00cen cazul \u00een care ave\u021bi un bilet de trimitere pentru spitalizare, medicul dumneavoastr\u0103 de familie sau specialistul dumneavoastr\u0103 va planifica internarea \u00een spitalele noastre. Biletul de trimitere pentru spitalizare programat\u0103 este valabil\u0103 10 zile calendaristice.<\/p>\n<p>Data admiterii este indicat\u0103 pe biletul de trimitere. Dac\u0103 sunte\u021bi asigurat \u00een cadrul fondului bulgar de asigur\u0103ri de s\u0103n\u0103tate obligatorii, fondul v\u0103 acoper\u0103 \u0219ederea \u00een spital. \u00cen acest caz pl\u0103ti\u021bi numai taxa de consum, prev\u0103zut\u0103 la art. Nr. 37 din Legea asigur\u0103rilor de s\u0103n\u0103tate, \u00een valoare total\u0103 de 2% din salariul minim sau 5,80 BGN pe zi. Aceast\u0103 plat\u0103 este necesar\u0103 doar pentru primele 10 zile de spitalizare, dup\u0103 care este gratuit\u0103. Sunt gratuite pacientii sub 18 ani, femeile \u00een timpul sarcinii sau maternit\u0103\u021bii p\u00e2n\u0103 la 45 de zile de la na\u0219tere, persoanele defavorizate social, veteranii de r\u0103zboi \u0219i invalizii de r\u0103zboi, bolnavii oncologici, medicii speciali\u0219ti, persoanele cu dizabilit\u0103\u021bi \u0219i altele. \u00cen cazul unei spitaliz\u0103ri repetate, pacientul trebuie s\u0103 prezinte chitan\u021bele pl\u0103\u021bilor de impozit de consum din spitaliz\u0103rile anterioare din anul curent.[\/vc_column_text][\/vc_column][\/vc_row]\n<\/div>","protected":false},"excerpt":{"rendered":"<p>[vc_row][vc_column][mk_padding_divider size=&#8221;60&#8243;][mk_fancy_title tag_name=&#8221;h4&#8243; color=&#8221;#1e73be&#8221; size=&#8221;36&#8243; force_font_size=&#8221;true&#8221; size_phone=&#8221;30&#8243; font_weight=&#8221;400&#8243; txt_transform=&#8221;uppercase&#8221; font_family=&#8221;Open+Sans&#8221; font_type=&#8221;google&#8221; animation=&#8221;top-to-bottom&#8221;]Programari pentru examinare si consultare[\/mk_fancy_title][mk_padding_divider size=&#8221;60&#8243;][\/vc_column][\/vc_row][vc_row][vc_column width=&#8221;1\/3&#8243;][mk_image src=&#8221;\/\/cardiacinstitute.bg\/wp-content\/uploads\/2017\/11\/kak-da-zapishem-chas.jpg&#8221;][vc_column_text css=&#8221;.vc_custom_1503926236966{margin-bottom: 0px !important;}&#8221;][\/vc_column_text][\/vc_column][vc_column width=&#8221;2\/3&#8243;][vc_column_text css=&#8221;.vc_custom_1658324380947{margin-bottom: 0px !important;}&#8221;]Pute\u021bi programa program\u0103ri pentru examin\u0103ri \u0219i consulta\u021bii \u00een spitalele \u0219i centrele noastre medicale. Nu ave\u021bi nevoie de o not\u0103 de trimitere pentru a vedea un specialist sau pentru a fi [&hellip;]<\/p>\n","protected":false},"author":1,"featured_media":0,"parent":21732,"menu_order":2,"comment_status":"closed","ping_status":"closed","template":"","meta":{"footnotes":""},"class_list":["post-21834","page","type-page","status-publish","hentry"],"_links":{"self":[{"href":"https:\/\/cardiacinstitute.bg\/ro\/wp-json\/wp\/v2\/pages\/21834","targetHints":{"allow":["GET"]}}],"collection":[{"href":"https:\/\/cardiacinstitute.bg\/ro\/wp-json\/wp\/v2\/pages"}],"about":[{"href":"https:\/\/cardiacinstitute.bg\/ro\/wp-json\/wp\/v2\/types\/page"}],"author":[{"embeddable":true,"href":"https:\/\/cardiacinstitute.bg\/ro\/wp-json\/wp\/v2\/users\/1"}],"replies":[{"embeddable":true,"href":"https:\/\/cardiacinstitute.bg\/ro\/wp-json\/wp\/v2\/comments?post=21834"}],"version-history":[{"count":4,"href":"https:\/\/cardiacinstitute.bg\/ro\/wp-json\/wp\/v2\/pages\/21834\/revisions"}],"predecessor-version":[{"id":21838,"href":"https:\/\/cardiacinstitute.bg\/ro\/wp-json\/wp\/v2\/pages\/21834\/revisions\/21838"}],"up":[{"embeddable":true,"href":"https:\/\/cardiacinstitute.bg\/ro\/wp-json\/wp\/v2\/pages\/21732"}],"wp:attachment":[{"href":"https:\/\/cardiacinstitute.bg\/ro\/wp-json\/wp\/v2\/media?parent=21834"}],"curies":[{"name":"wp","href":"https:\/\/api.w.org\/{rel}","templated":true}]}}