{"id":21830,"date":"2022-07-20T13:36:31","date_gmt":"2022-07-20T13:36:31","guid":{"rendered":"https:\/\/cardiacinstitute.bg\/?page_id=21830"},"modified":"2022-08-05T07:48:42","modified_gmt":"2022-08-05T07:48:42","slug":"emergency-ambulances-and-mobile-teams","status":"publish","type":"page","link":"https:\/\/cardiacinstitute.bg\/ro\/for-patients\/emergency-ambulances-and-mobile-teams\/","title":{"rendered":"Echipe de urgen\u021b\u0103, ambulan\u021be \u0219i mobile"},"content":{"rendered":"<div class=\"wpb-content-wrapper\">[vc_row][vc_column][mk_padding_divider size=&#8221;60&#8243;][mk_fancy_title tag_name=&#8221;h4&#8243; color=&#8221;#1e73be&#8221; size=&#8221;36&#8243; force_font_size=&#8221;true&#8221; size_phone=&#8221;30&#8243; font_weight=&#8221;400&#8243; txt_transform=&#8221;uppercase&#8221; font_family=&#8221;Open+Sans&#8221; font_type=&#8221;google&#8221; animation=&#8221;top-to-bottom&#8221;]Echipe de urgen\u021b\u0103, ambulan\u021be \u0219i mobile[\/mk_fancy_title][vc_column_text disable_pattern=&#8221;false&#8221; css=&#8221;.vc_custom_1503926994161{margin-bottom: 0px !important;}&#8221;][\/vc_column_text][mk_padding_divider size=&#8221;60&#8243;][\/vc_column][\/vc_row][vc_row][vc_column width=&#8221;1\/3&#8243;][mk_image src=&#8221;\/\/cardiacinstitute.bg\/wp-content\/uploads\/2017\/11\/priem-po-speshnost.jpg&#8221;][vc_column_text css=&#8221;.vc_custom_1503926236966{margin-bottom: 0px !important;}&#8221;][\/vc_column_text][\/vc_column][vc_column width=&#8221;2\/3&#8243;][vc_column_text css=&#8221;.vc_custom_1658324178747{margin-bottom: 0px !important;}&#8221;]\u00cen caz de urgen\u021b\u0103 pute\u021bi folosi aceste numere de telefon.<\/p>\n<p>Pentru internarea de urgen\u021b\u0103 \u00een spitalele Institutului Cardiac din Bulgaria ave\u021bi nevoie de o not\u0103 de trimitere. Acest document este valabil 48 de ore. Pute\u021bi fi \u00eendrumat c\u0103tre spitalele noastre de c\u0103tre un departament de urgen\u021b\u0103, medicul dumneavoastr\u0103 generalist, specialistul din asisten\u021ba medical\u0103 ambulatorie, un alt spital sau la alegerea dumneavoastr\u0103.<\/p>\n<p>\u00cen cazuri de urgen\u021b\u0103, sau \u00een cazul unei intern\u0103ri neprogramate f\u0103r\u0103 aviz de trimitere, este posibil s\u0103 fii \u0219i internat direct \u00een spitalele noastre. \u00cen s\u0103lile noastre de consulta\u021bii de admitere ve\u021bi beneficia de un examen fizic, toate analizele de laborator necesare se vor face contra cost, conform reglement\u0103rilor interne \u0219i a listei de pre\u021buri \u00een vigoare. Medicul din sala de consulta\u021bii de admitere va decide dac\u0103 ave\u021bi nevoie de o internare urgent\u0103 sau programat\u0103 sau dac\u0103 trebuie s\u0103 fi\u021bi internat \u00eentr-un alt spital.<\/p>\n<p>\u00cen cazul \u00een care este nevoie urgent\u0103 de transport medical specializat \u00eentr-o regiune, \u00een care nu exist\u0103 Spitalul Institutului Cardiac din Bulgaria, avem o flot\u0103 de peste 20 de ambulan\u021be \u0219i echipe medicale specializate, complet echipate, disponibile 24 de ore pe zi pentru transportul de urgen\u021b\u0103 sau internarea pacientilor.<\/p>\n<p>Necesitatea transportului urgent va fi determinat\u0103 de medicul sau departamentul medical pe care \u00eel contacta\u021bi mai \u00eent\u00e2i.[\/vc_column_text][\/vc_column][\/vc_row]\n<\/div>","protected":false},"excerpt":{"rendered":"<p>[vc_row][vc_column][mk_padding_divider size=&#8221;60&#8243;][mk_fancy_title tag_name=&#8221;h4&#8243; color=&#8221;#1e73be&#8221; size=&#8221;36&#8243; force_font_size=&#8221;true&#8221; size_phone=&#8221;30&#8243; font_weight=&#8221;400&#8243; txt_transform=&#8221;uppercase&#8221; font_family=&#8221;Open+Sans&#8221; font_type=&#8221;google&#8221; animation=&#8221;top-to-bottom&#8221;]Echipe de urgen\u021b\u0103, ambulan\u021be \u0219i mobile[\/mk_fancy_title][vc_column_text disable_pattern=&#8221;false&#8221; css=&#8221;.vc_custom_1503926994161{margin-bottom: 0px !important;}&#8221;][\/vc_column_text][mk_padding_divider size=&#8221;60&#8243;][\/vc_column][\/vc_row][vc_row][vc_column width=&#8221;1\/3&#8243;][mk_image src=&#8221;\/\/cardiacinstitute.bg\/wp-content\/uploads\/2017\/11\/priem-po-speshnost.jpg&#8221;][vc_column_text css=&#8221;.vc_custom_1503926236966{margin-bottom: 0px !important;}&#8221;][\/vc_column_text][\/vc_column][vc_column width=&#8221;2\/3&#8243;][vc_column_text css=&#8221;.vc_custom_1658324178747{margin-bottom: 0px !important;}&#8221;]\u00cen caz de urgen\u021b\u0103 pute\u021bi folosi aceste numere de telefon. Pentru internarea de urgen\u021b\u0103 \u00een spitalele Institutului Cardiac din Bulgaria ave\u021bi nevoie de o not\u0103 [&hellip;]<\/p>\n","protected":false},"author":1,"featured_media":0,"parent":21732,"menu_order":1,"comment_status":"closed","ping_status":"closed","template":"","meta":{"footnotes":""},"class_list":["post-21830","page","type-page","status-publish","hentry"],"_links":{"self":[{"href":"https:\/\/cardiacinstitute.bg\/ro\/wp-json\/wp\/v2\/pages\/21830","targetHints":{"allow":["GET"]}}],"collection":[{"href":"https:\/\/cardiacinstitute.bg\/ro\/wp-json\/wp\/v2\/pages"}],"about":[{"href":"https:\/\/cardiacinstitute.bg\/ro\/wp-json\/wp\/v2\/types\/page"}],"author":[{"embeddable":true,"href":"https:\/\/cardiacinstitute.bg\/ro\/wp-json\/wp\/v2\/users\/1"}],"replies":[{"embeddable":true,"href":"https:\/\/cardiacinstitute.bg\/ro\/wp-json\/wp\/v2\/comments?post=21830"}],"version-history":[{"count":2,"href":"https:\/\/cardiacinstitute.bg\/ro\/wp-json\/wp\/v2\/pages\/21830\/revisions"}],"predecessor-version":[{"id":21832,"href":"https:\/\/cardiacinstitute.bg\/ro\/wp-json\/wp\/v2\/pages\/21830\/revisions\/21832"}],"up":[{"embeddable":true,"href":"https:\/\/cardiacinstitute.bg\/ro\/wp-json\/wp\/v2\/pages\/21732"}],"wp:attachment":[{"href":"https:\/\/cardiacinstitute.bg\/ro\/wp-json\/wp\/v2\/media?parent=21830"}],"curies":[{"name":"wp","href":"https:\/\/api.w.org\/{rel}","templated":true}]}}