{"id":21800,"date":"2022-07-20T12:38:26","date_gmt":"2022-07-20T12:38:26","guid":{"rendered":"https:\/\/cardiacinstitute.bg\/?page_id=21800"},"modified":"2022-08-15T13:26:33","modified_gmt":"2022-08-15T13:26:33","slug":"partial-or-total-knee-endoprosthesis","status":"publish","type":"page","link":"https:\/\/cardiacinstitute.bg\/ro\/for-patients\/partial-or-total-knee-endoprosthesis\/","title":{"rendered":"Endoprotez\u0103 par\u021bial\u0103 sau total\u0103 de genunchi"},"content":{"rendered":"<div class=\"wpb-content-wrapper\">[vc_row][vc_column][mk_fancy_title tag_name=&#8221;h4&#8243; color=&#8221;#1e73be&#8221; size=&#8221;36&#8243; force_font_size=&#8221;true&#8221; size_phone=&#8221;30&#8243; txt_transform=&#8221;uppercase&#8221; font_family=&#8221;Open+Sans&#8221; font_type=&#8221;google&#8221; animation=&#8221;top-to-bottom&#8221;]\n<p style=\"text-align: center;\">Endoprosteza par\u021bial\u0103 de genunchi \/PKE\/ sau endoprosteza total\u0103 de genunchi \/TKE\/<\/p>\n[\/mk_fancy_title][mk_padding_divider][\/vc_column][\/vc_row][vc_row][vc_column][vc_column_text css=&#8221;.vc_custom_1658320693900{margin-bottom: 0px !important;}&#8221;]Dragi pacienti,<\/p>\n<p>Dezvoltarea semnificativ\u0103 a implantologiei \u00een ultimii ani, precum \u0219i utilizarea masiv\u0103 a re\u021belelor de socializare, a dus la necesitatea unei con\u0219tientiz\u0103ri mai exacte a dumneavoastr\u0103, a pacientului, asupra problemelor endoprotetice.<\/p>\n<h2><img decoding=\"async\" class=\"alignleft\" src=\"https:\/\/cardiacinstitute.bg\/wp-content\/uploads\/2022\/03\/knee-pain.jpg\" \/><\/h2>\n<p>Experien\u021ba considerabil\u0103 pe care am acumulat-o deja \u00een acest domeniu ne-a determinat s\u0103 ne indrept\u0103m aten\u021bia c\u0103tre acest aspect al chirurgiei ortopedice.<\/p>\n<p>Motivul care duce la necesitatea uneia dintre cele dou\u0103 proceduri este boala osteoartrita\/OA\/ a articula\u021biei genunchiului. \u00cen lumea de ast\u0103zi, oamenii sunt activi \u0219i fac sport \u00een fiecare zi, astfel \u00eenc\u00e2t probabilitatea de a avea mai multe traume cu un stres mai mare asupra genunchiului \u0219i dezvoltarea ulterioar\u0103 a osteoartritei este mai mare.<\/p>\n<p>Unul dintre cele mai importante principii \u00een chirurgia ortopedic\u0103 este p\u0103strarea structurilor naturale ale articula\u021biei genunchiului ori de c\u00e2te ori este posibil. Acest lucru sun\u0103 contradictoriu atunci c\u00e2nd \u00eenlocuim toate suprafe\u021bele articula\u021biilor, nu doar pe cele deteriorate semnificativ. Endoprotezarea par\u021bial\u0103 a genunchiului a fost mult timp subiectul dezbaterii \u0219tiin\u021bifice. S-a crezut c\u0103 un echilibru bun al articula\u021biilor nu este la fel de important ca \u00een cazul \u00eenlocuirii totale a genunchiului. Aceast\u0103 abordare \u00een combina\u021bie cu designul slab al implantului a condus la rezultate nesatisf\u0103c\u0103toare la \u00eenceput.<\/p>\n<p>Acum, lucrurile stau radical diferit. Filosofia procedurii, abordarea selec\u021biei pacien\u021bilor, designul implanturilor s-au schimbat semnificativ. Toate acestea au condus la rezultate excelente publicate \u00een diverse studii str\u0103ine.<\/p>\n<p>Rezultatele clinicilor de ortopedie \u0219i traumatologie din Burgas \u0219i Pleven \u00eendeplinesc standardele mondiale \u0219i se bazeaz\u0103 pe mul\u021bi ani de experien\u021b\u0103 a echipei \u00een protezarea articula\u021biilor mari \u0219i mici.<\/p>\n<p><strong>Indica\u021bii pentru \u00eenlocuirea par\u021bial\u0103 a genunchiului:<\/strong><br \/>\n1. Lezarea cartilajului \u00eentr-o zon\u0103 izolat\u0103 a genunchiului (gradul 3-4) cu cartilaj relativ conservat \u00een alte p\u0103r\u021bi ale articula\u021biei. Afectarea este cel mai adesea o consecin\u021b\u0103 a osteoartritei, necrozei osoase sau a traumatismelor.<br \/>\n2. Persoane de v\u00e2rst\u0103 mijlocie cu activitate fizic\u0103 medie sau ridicat\u0103 50 \u2013 65 ani<br \/>\n3. Stabilitatea articula\u021biei p\u0103strat\u0103.<br \/>\n4. Persoane cu greutate corporal\u0103 normal\u0103 (indicele de mas\u0103 corporal\u0103 p\u00e2n\u0103 la 20-25).<br \/>\n5. Absen\u021ba unei reac\u021bii inflamatorii marcate \u00een articula\u021bie.<\/p>\n<p><strong>Indica\u021bii pentru protec\u021bia total\u0103 a genunchiului:<\/strong><br \/>\n1. Lezarea cartilajului articula\u021biei \u00een dou\u0103 sau mai multe zone (3-4 grade).<br \/>\n2. V\u00e2rsta peste 65 \u2013 70 de ani cu cerin\u021be mai mici pentru activitatea zilnic\u0103.<br \/>\n3. Posibil\u0103 instabilitate \u00een articula\u021bie.<br \/>\n4. Indicele de mas\u0103 corporal\u0103 p\u00e2n\u0103 la 35.<br \/>\n5. Nu exist\u0103 sau nu este puternic\u0103 reac\u021bie inflamatorie \u00een articula\u021bie.<\/p>\n<p><strong>Beneficiile \u00eenlocuirii par\u021biale a genunchiului:<\/strong><br \/>\n1 . Interven\u021bie semnificativ mai blanda \u0219i scurt\u0103.<br \/>\n2. Pierderi semnificativ mai mici de s\u00e2nge.<br \/>\n3. Edem postoperator mai pu\u021bin pronun\u021bat \u0219i risc mai mic de complica\u021bii tromboembolice.<br \/>\n4. Risc mai mic de complica\u021bii infec\u021bioase.<br \/>\n5. F\u0103r\u0103 afectare a senza\u021biei profunde, pacien\u021bii simt adesea articula\u021bia ca pe a lor.<br \/>\n6. Revenirea mai rapid\u0103 la activitatea fizic\u0103 zilnic\u0103.<\/p>\n<p>Echipele clinicilor de ortopedie \u0219i traumatologie de la Spitalele Inimii \u0219i Creierului din Pleven \u0219i Burgas au o \u00eenalt\u0103 expertiz\u0103 \u0219i o vast\u0103 experien\u021b\u0103 \u00een aplicarea artroplastiei par\u021biale sau totale de genunchi.<\/p>\n<p><strong>A lua legatura:<\/strong><br \/>\n<strong>Burgas: 056 703003<\/strong><br \/>\n<strong>Pleven: 064 678400<\/strong><\/p>\n[\/vc_column_text][\/vc_column][\/vc_row]\n<\/div>","protected":false},"excerpt":{"rendered":"<p>[vc_row][vc_column][mk_fancy_title tag_name=&#8221;h4&#8243; color=&#8221;#1e73be&#8221; size=&#8221;36&#8243; force_font_size=&#8221;true&#8221; size_phone=&#8221;30&#8243; txt_transform=&#8221;uppercase&#8221; font_family=&#8221;Open+Sans&#8221; font_type=&#8221;google&#8221; animation=&#8221;top-to-bottom&#8221;] Endoprosteza par\u021bial\u0103 de genunchi \/PKE\/ sau endoprosteza total\u0103 de genunchi \/TKE\/ [\/mk_fancy_title][mk_padding_divider][\/vc_column][\/vc_row][vc_row][vc_column][vc_column_text css=&#8221;.vc_custom_1658320693900{margin-bottom: 0px !important;}&#8221;]Dragi pacienti, Dezvoltarea semnificativ\u0103 a implantologiei \u00een ultimii ani, precum \u0219i utilizarea masiv\u0103 a re\u021belelor de socializare, a dus la necesitatea unei con\u0219tientiz\u0103ri mai exacte a dumneavoastr\u0103, a pacientului, asupra problemelor [&hellip;]<\/p>\n","protected":false},"author":1,"featured_media":0,"parent":21732,"menu_order":0,"comment_status":"closed","ping_status":"closed","template":"","meta":{"footnotes":""},"class_list":["post-21800","page","type-page","status-publish","hentry"],"_links":{"self":[{"href":"https:\/\/cardiacinstitute.bg\/ro\/wp-json\/wp\/v2\/pages\/21800","targetHints":{"allow":["GET"]}}],"collection":[{"href":"https:\/\/cardiacinstitute.bg\/ro\/wp-json\/wp\/v2\/pages"}],"about":[{"href":"https:\/\/cardiacinstitute.bg\/ro\/wp-json\/wp\/v2\/types\/page"}],"author":[{"embeddable":true,"href":"https:\/\/cardiacinstitute.bg\/ro\/wp-json\/wp\/v2\/users\/1"}],"replies":[{"embeddable":true,"href":"https:\/\/cardiacinstitute.bg\/ro\/wp-json\/wp\/v2\/comments?post=21800"}],"version-history":[{"count":5,"href":"https:\/\/cardiacinstitute.bg\/ro\/wp-json\/wp\/v2\/pages\/21800\/revisions"}],"predecessor-version":[{"id":24558,"href":"https:\/\/cardiacinstitute.bg\/ro\/wp-json\/wp\/v2\/pages\/21800\/revisions\/24558"}],"up":[{"embeddable":true,"href":"https:\/\/cardiacinstitute.bg\/ro\/wp-json\/wp\/v2\/pages\/21732"}],"wp:attachment":[{"href":"https:\/\/cardiacinstitute.bg\/ro\/wp-json\/wp\/v2\/media?parent=21800"}],"curies":[{"name":"wp","href":"https:\/\/api.w.org\/{rel}","templated":true}]}}