{"id":21750,"date":"2022-07-20T11:42:54","date_gmt":"2022-07-20T11:42:54","guid":{"rendered":"https:\/\/cardiacinstitute.bg\/?page_id=21750"},"modified":"2026-02-26T14:37:13","modified_gmt":"2026-02-26T14:37:13","slug":"hospitals-and-centers","status":"publish","type":"page","link":"https:\/\/cardiacinstitute.bg\/ro\/hospitals-and-centers\/","title":{"rendered":"Spitale si centre"},"content":{"rendered":"<div class=\"wpb-content-wrapper\">[mk_page_section bg_image=&#8221;\/\/cardiacinstitute.bg\/wp-content\/uploads\/2022\/01\/heart-and-brain-header3.jpg&#8221; bg_color=&#8221;rgba(123,123,123,0.48)&#8221; bg_repeat=&#8221;no-repeat&#8221; video_opacity=&#8221;0.9&#8243; min_height=&#8221;&#8221; js_vertical_centered=&#8221;true&#8221; padding_top=&#8221;0&#8243; padding_bottom=&#8221;0&#8243; sidebar=&#8221;sidebar-1&#8243;][vc_column][mk_fancy_title tag_name=&#8221;h1&#8243; color=&#8221;#e8e8e8&#8243; size=&#8221;40&#8243; force_font_size=&#8221;true&#8221; size_tablet=&#8221;40&#8243; size_phone=&#8221;20&#8243; line_height=&#8221;95&#8243; font_weight=&#8221;bold&#8221; txt_transform=&#8221;uppercase&#8221; margin_top=&#8221;350&#8243; margin_bottom=&#8221;120&#8243; font_family=&#8221;Open+Sans&#8221; font_type=&#8221;google&#8221; responsive_align=&#8221;left&#8221;]Expertiz\u0103 de \u00eenalt\u0103 specializare \u00een<br \/>\nServiciu de salvare a vie\u021bilor &#8211; \u00een curs de desf\u0103\u0219urare[\/mk_fancy_title][\/vc_column][\/mk_page_section][vc_row][vc_column][mk_padding_divider size=&#8221;120&#8243;][mk_fancy_title tag_name=&#8221;h3&#8243; color=&#8221;#1e73be&#8221; size=&#8221;60&#8243; force_font_size=&#8221;true&#8221; size_tablet=&#8221;40&#8243; size_phone=&#8221;30&#8243; font_weight=&#8221;400&#8243; txt_transform=&#8221;uppercase&#8221; font_family=&#8221;Open+Sans&#8221; font_type=&#8221;google&#8221; animation=&#8221;top-to-bottom&#8221;]Spitale si centre[\/mk_fancy_title][\/vc_column][\/vc_row][mk_page_section padding_top=&#8221;40&#8243; padding_bottom=&#8221;40&#8243; sidebar=&#8221;sidebar-1&#8243;][vc_column width=&#8221;1\/3&#8243;][mk_image src=&#8221;\/\/cardiacinstitute.bg\/wp-content\/uploads\/2023\/06\/logo-hb-en.png&#8221; image_size=&#8221;full&#8221; frame_style=&#8221;rounded&#8221; link=&#8221;\/\/cardiacinstitute.bg\/ro\/hospitals-and-centers\/heart-and-brain-center-of-excellence-pleven\/&#8221; caption_location=&#8221;outside-image&#8221; align=&#8221;center&#8221;][mk_title_box font_family=&#8221;none&#8221; align=&#8221;center&#8221;]<a href=\"\/\/cardiacinstitute.bg\/ro\/hospitals-and-centers\/heart-and-brain-center-of-excellence-pleven\/\">Inima Si Creier Centru De<\/a><br \/>\n<a href=\"\/\/cardiacinstitute.bg\/ro\/hospitals-and-centers\/heart-and-brain-center-of-excellence-pleven\/\">Excelen\u021b\u0103 Clinic\u0103, Pleven<\/a>[\/mk_title_box][mk_padding_divider][mk_image src=&#8221;\/\/cardiacinstitute.bg\/wp-content\/uploads\/2018\/05\/logo_sbalk_yambol_eng-small.png&#8221; frame_style=&#8221;rounded&#8221; caption_location=&#8221;outside-image&#8221; align=&#8221;center&#8221;][mk_title_box font_family=&#8221;none&#8221; align=&#8221;center&#8221;]Cardiology Hospital,<br \/>\nYambol[\/mk_title_box][mk_padding_divider][mk_image src=&#8221;\/\/cardiacinstitute.bg\/wp-content\/uploads\/2018\/05\/logo_sbalk_tarnovo_eng-small.png&#8221; frame_style=&#8221;rounded&#8221; caption_location=&#8221;outside-image&#8221; align=&#8221;center&#8221;][mk_title_box font_family=&#8221;none&#8221; align=&#8221;center&#8221;]Cardiology Hospital,<br \/>\nVeliko Tarnovo[\/mk_title_box][mk_padding_divider][mk_image src=&#8221;\/\/cardiacinstitute.bg\/wp-content\/uploads\/2022\/04\/kmc-pn-bs-eng.png&#8221; image_size=&#8221;full&#8221; frame_style=&#8221;rounded&#8221; caption_location=&#8221;outside-image&#8221; align=&#8221;center&#8221;][mk_title_box font_family=&#8221;none&#8221; align=&#8221;center&#8221;]Cardiology Medical Center Doctors for us, Pleven[\/mk_title_box][\/vc_column][vc_column width=&#8221;1\/3&#8243;][mk_image src=&#8221;\/\/cardiacinstitute.bg\/wp-content\/uploads\/2023\/06\/logo-hb-en.png&#8221; image_size=&#8221;full&#8221; frame_style=&#8221;rounded&#8221; link=&#8221;\/\/cardiacinstitute.bg\/ro\/hospitals-and-centers\/heart-and-brain-center-of-excellence-burgas\/&#8221; caption_location=&#8221;outside-image&#8221; align=&#8221;center&#8221;][mk_title_box font_family=&#8221;none&#8221; align=&#8221;center&#8221;]<a href=\"\/\/cardiacinstitute.bg\/ro\/hospitals-and-centers\/heart-and-brain-center-of-excellence-burgas\/\">Inima \u0218i Creier Centru De<\/a><br \/>\n<a href=\"\/\/cardiacinstitute.bg\/ro\/hospitals-and-centers\/heart-and-brain-center-of-excellence-burgas\/\">Excelen\u021b\u0103 Clinic\u0103, Burgas<\/a>[\/mk_title_box][mk_padding_divider][mk_image src=&#8221;\/\/cardiacinstitute.bg\/wp-content\/uploads\/2018\/05\/logo_sbalk_pleven_eng-small.png&#8221; frame_style=&#8221;rounded&#8221; caption_location=&#8221;outside-image&#8221; align=&#8221;center&#8221;][mk_title_box font_family=&#8221;none&#8221; align=&#8221;center&#8221;]Cardiology Hospital,<br \/>\nPleven[\/mk_title_box][mk_padding_divider][mk_image src=&#8221;\/\/cardiacinstitute.bg\/wp-content\/uploads\/2023\/06\/logo-hb-en.png&#8221; image_size=&#8221;full&#8221; frame_style=&#8221;rounded&#8221; caption_location=&#8221;outside-image&#8221; align=&#8221;center&#8221;][mk_title_box font_family=&#8221;none&#8221; align=&#8221;center&#8221;]Medical Center Heart and Brain, Sofia[\/mk_title_box][mk_padding_divider][mk_image src=&#8221;\/\/cardiacinstitute.bg\/wp-content\/uploads\/2018\/07\/kmc-tarnovo-eng.png&#8221; image_size=&#8221;full&#8221; frame_style=&#8221;rounded&#8221; caption_location=&#8221;outside-image&#8221; align=&#8221;center&#8221;][mk_title_box font_family=&#8221;none&#8221; align=&#8221;center&#8221;]Cardiology Medical Center,<br \/>\nVeliko Turnovo[\/mk_title_box][\/vc_column][vc_column width=&#8221;1\/3&#8243;][mk_image src=&#8221;\/\/cardiacinstitute.bg\/wp-content\/uploads\/2018\/05\/logo_sbalk_varna_eng-small.png&#8221; frame_style=&#8221;rounded&#8221; caption_location=&#8221;outside-image&#8221; align=&#8221;center&#8221;][mk_title_box font_family=&#8221;none&#8221; align=&#8221;center&#8221;]Cardiology Hospital,<br \/>\nVarna[\/mk_title_box][mk_padding_divider][mk_image src=&#8221;\/\/cardiacinstitute.bg\/wp-content\/uploads\/2018\/05\/logo_sbalk_shumen_eng-small.png&#8221; frame_style=&#8221;rounded&#8221; caption_location=&#8221;outside-image&#8221; align=&#8221;center&#8221;][mk_title_box font_family=&#8221;none&#8221; align=&#8221;center&#8221;]Cardiology Hospital Madara, Shumen[\/mk_title_box][mk_padding_divider][mk_image src=&#8221;\/\/cardiacinstitute.bg\/wp-content\/uploads\/2022\/04\/kmc-pn-bs-eng.png&#8221; image_size=&#8221;full&#8221; frame_style=&#8221;rounded&#8221; caption_location=&#8221;outside-image&#8221; align=&#8221;center&#8221;][mk_title_box font_family=&#8221;none&#8221; align=&#8221;center&#8221;]Medical Center Doctors for us, Burgas[\/mk_title_box][mk_padding_divider][mk_image src=&#8221;\/\/cardiacinstitute.bg\/wp-content\/uploads\/2018\/07\/kmc-yambol-eng.png&#8221; image_size=&#8221;full&#8221; frame_style=&#8221;rounded&#8221; caption_location=&#8221;outside-image&#8221; align=&#8221;center&#8221;][mk_title_box font_family=&#8221;none&#8221; align=&#8221;center&#8221;]Cardiology Medical Center,<br \/>\nYambol[\/mk_title_box][\/vc_column][\/mk_page_section]\n<\/div>","protected":false},"excerpt":{"rendered":"<p>[mk_page_section bg_image=&#8221;\/\/cardiacinstitute.bg\/wp-content\/uploads\/2022\/01\/heart-and-brain-header3.jpg&#8221; bg_color=&#8221;rgba(123,123,123,0.48)&#8221; bg_repeat=&#8221;no-repeat&#8221; video_opacity=&#8221;0.9&#8243; min_height=&#8221;&#8221; js_vertical_centered=&#8221;true&#8221; padding_top=&#8221;0&#8243; padding_bottom=&#8221;0&#8243; sidebar=&#8221;sidebar-1&#8243;][vc_column][mk_fancy_title tag_name=&#8221;h1&#8243; color=&#8221;#e8e8e8&#8243; size=&#8221;40&#8243; force_font_size=&#8221;true&#8221; size_tablet=&#8221;40&#8243; size_phone=&#8221;20&#8243; line_height=&#8221;95&#8243; font_weight=&#8221;bold&#8221; txt_transform=&#8221;uppercase&#8221; margin_top=&#8221;350&#8243; margin_bottom=&#8221;120&#8243; font_family=&#8221;Open+Sans&#8221; font_type=&#8221;google&#8221; responsive_align=&#8221;left&#8221;]Expertiz\u0103 de \u00eenalt\u0103 specializare \u00een Serviciu de salvare a vie\u021bilor &#8211; \u00een curs de desf\u0103\u0219urare[\/mk_fancy_title][\/vc_column][\/mk_page_section][vc_row][vc_column][mk_padding_divider size=&#8221;120&#8243;][mk_fancy_title tag_name=&#8221;h3&#8243; color=&#8221;#1e73be&#8221; size=&#8221;60&#8243; force_font_size=&#8221;true&#8221; size_tablet=&#8221;40&#8243; size_phone=&#8221;30&#8243; font_weight=&#8221;400&#8243; txt_transform=&#8221;uppercase&#8221; font_family=&#8221;Open+Sans&#8221; font_type=&#8221;google&#8221; animation=&#8221;top-to-bottom&#8221;]Spitale si centre[\/mk_fancy_title][\/vc_column][\/vc_row][mk_page_section padding_top=&#8221;40&#8243; padding_bottom=&#8221;40&#8243; sidebar=&#8221;sidebar-1&#8243;][vc_column [&hellip;]<\/p>\n","protected":false},"author":1,"featured_media":0,"parent":0,"menu_order":4,"comment_status":"closed","ping_status":"closed","template":"","meta":{"footnotes":""},"class_list":["post-21750","page","type-page","status-publish","hentry"],"_links":{"self":[{"href":"https:\/\/cardiacinstitute.bg\/ro\/wp-json\/wp\/v2\/pages\/21750","targetHints":{"allow":["GET"]}}],"collection":[{"href":"https:\/\/cardiacinstitute.bg\/ro\/wp-json\/wp\/v2\/pages"}],"about":[{"href":"https:\/\/cardiacinstitute.bg\/ro\/wp-json\/wp\/v2\/types\/page"}],"author":[{"embeddable":true,"href":"https:\/\/cardiacinstitute.bg\/ro\/wp-json\/wp\/v2\/users\/1"}],"replies":[{"embeddable":true,"href":"https:\/\/cardiacinstitute.bg\/ro\/wp-json\/wp\/v2\/comments?post=21750"}],"version-history":[{"count":13,"href":"https:\/\/cardiacinstitute.bg\/ro\/wp-json\/wp\/v2\/pages\/21750\/revisions"}],"predecessor-version":[{"id":56027,"href":"https:\/\/cardiacinstitute.bg\/ro\/wp-json\/wp\/v2\/pages\/21750\/revisions\/56027"}],"wp:attachment":[{"href":"https:\/\/cardiacinstitute.bg\/ro\/wp-json\/wp\/v2\/media?parent=21750"}],"curies":[{"name":"wp","href":"https:\/\/api.w.org\/{rel}","templated":true}]}}