{"id":20340,"date":"2022-07-20T11:08:22","date_gmt":"2022-07-20T11:08:22","guid":{"rendered":"https:\/\/cardiacinstitute.bg\/?page_id=20340"},"modified":"2022-09-16T14:49:49","modified_gmt":"2022-09-16T14:49:49","slug":"gamma-knife","status":"publish","type":"page","link":"https:\/\/cardiacinstitute.bg\/ro\/gamma-knife\/","title":{"rendered":"Cutitul Gamma"},"content":{"rendered":"<div class=\"wpb-content-wrapper\">[vc_row][vc_column][mk_fancy_title color=&#8221;#19839b&#8221; size=&#8221;26&#8243; font_family=&#8221;none&#8221; align=&#8221;center&#8221;]Singurul cu\u021bit Gamma din Bulgaria &#8211; O nou\u0103 er\u0103 \u00een tratamentul tumorilor cerebrale[\/mk_fancy_title][vc_column_text css=&#8221;.vc_custom_1663339506113{margin-bottom: 0px !important;}&#8221;]Pentru prima dat\u0103 \u00een Bulgaria, la Centrul de excelen\u021b\u0103 clinic\u0103 pentru inim\u0103 \u0219i creier din Pleven, a fost creat \u0219i func\u021bioneaz\u0103 un centru oncologic complex, care face posibil\u0103 diagnosticarea contemporan\u0103, tratamentul de \u00eenalt\u0103 tehnologie \u0219i urm\u0103rirea pe termen lung a afec\u021biunii &#8211; ceea ce fac doar cele mai mari centre oncologice din SUA \u0219i Europa de Vest<\/p>\n<p>O component\u0103 destul de crucial\u0103 \u0219i general\u0103 este prezen\u021ba celui mai avansat complex de echipamente de radioterapie const\u00e2nd din<strong> cu\u021bit Gamma, accelerator liniar, scaner 4D, echipamente dozimetrice<\/strong>, precum \u0219i bazele de date de service ale acestora \u0219i software-ul de calculator pentru planificarea, efectuarea \u0219i controlul calit\u0103\u021bii radioterapiei. \u0219i radiochirurgia afec\u021biunilor \u00eentregului organism \u0219i \u00een special a creierului principal \u0219i a sistemului nervos central.[\/vc_column_text][mk_fancy_title color=&#8221;#19839b&#8221; size=&#8221;24&#8243; font_family=&#8221;none&#8221; align=&#8221;center&#8221;]Cutitul Gamma[\/mk_fancy_title][vc_column_text css=&#8221;.vc_custom_1663339786823{margin-bottom: 0px !important;}&#8221;]\n<h3><\/h3>\n<div id=\"attachment_20011\" style=\"width: 410px\" class=\"wp-caption alignleft\"><img loading=\"lazy\" decoding=\"async\" aria-describedby=\"caption-attachment-20011\" class=\"wp-image-20011\" src=\"https:\/\/cardiacinstitute.bg\/wp-content\/uploads\/2021\/11\/gamma-knife1-300x200.jpg\" alt=\"cutitul Gamma\" width=\"400\" height=\"267\" srcset=\"https:\/\/cardiacinstitute.bg\/wp-content\/uploads\/2021\/11\/gamma-knife1-300x200.jpg 300w, https:\/\/cardiacinstitute.bg\/wp-content\/uploads\/2021\/11\/gamma-knife1.jpg 555w\" sizes=\"auto, (max-width: 400px) 100vw, 400px\" \/><p id=\"caption-attachment-20011\" class=\"wp-caption-text\">cutitul Gamma<\/p><\/div>\n<h3>CE ESTE?<\/h3>\n<p>Radioterapia \u201echirurgical\u0103\u201d utilizat\u0103 pentru tratarea anomaliilor func\u021bionale \u0219i a tumorilor cerebrale mici este numit\u0103 \u0219i radiochirurgie stereotactic\u0103 (SRS). Leksell Gamma Knife este din punct de vedere istoric primul sistem SRS conceput \u0219i implementat clinic din lume \u0219i singura astfel de platform\u0103 creat\u0103 special pentru tratamentul bolilor creierului.<\/p>\n<p>Cutitul Gamma este utilizat pentru tratamentul tuturor tipurilor de tumori localizate \u00een zona capului cu cel mai optim efect cu dimensiunea masei de p\u00e2n\u0103 la 3 cm. \u00centre una \u0219i cinci proceduri, se concentreaz\u0103 o doz\u0103 mare de radia\u021bii \u00een direc\u021bia \u021besutului tumoral. Acest lucru este executat cu o acurate\u021be excep\u021bional\u0103 &#8211; aproximativ o zecime din milimetru \u0219i aceast\u0103 precizie este verificat\u0103 \u0219i confirmat\u0103 \u00een fiecare zi \u00eenainte de efectuarea unui tratament \u0219i este monitorizat\u0103 constant \u00een timp ce radia\u021bia este \u00een desf\u0103\u0219urare.<\/p>\n<p>&nbsp;<\/p>\n<div id=\"attachment_19863\" style=\"width: 410px\" class=\"wp-caption alignleft\"><img loading=\"lazy\" decoding=\"async\" aria-describedby=\"caption-attachment-19863\" class=\"wp-image-19863\" src=\"https:\/\/cardiacinstitute.bg\/wp-content\/uploads\/2021\/03\/umbal-otdelenie-lachelechenie-300x216.jpg\" alt=\"accelerator liniar\" width=\"400\" height=\"288\" srcset=\"https:\/\/cardiacinstitute.bg\/wp-content\/uploads\/2021\/03\/umbal-otdelenie-lachelechenie-300x216.jpg 300w, https:\/\/cardiacinstitute.bg\/wp-content\/uploads\/2021\/03\/umbal-otdelenie-lachelechenie.jpg 555w\" sizes=\"auto, (max-width: 400px) 100vw, 400px\" \/><p id=\"caption-attachment-19863\" class=\"wp-caption-text\">accelerator liniar<\/p><\/div>\n<p>Tehnologia este cel mai bine adaptat\u0103 pentru tratamentul radiochirurgical specializat (RS) \u00een zona creierului \u0219i a meningelor. RS d\u0103 rezultate excelente \u00een tumorile situate \u00een apropierea unor centri importante ale creierului. Metoda blocheaz\u0103 capacitatea \u021besutului patologic de a se multiplica prin deteriorarea structurilor vitale ale celulelor bolnave. Astfel, ei mor treptat, iar tumora se mic\u0219oreaz\u0103 \u0219i dispare, fiind \u00eenlocuit\u0103 par\u021bial de \u021besut conjunctiv. Tumorile benigne \u0219i maligne din zona creierului sunt tratate printr-o metod\u0103 f\u0103r\u0103 s\u00e2nge \u0219i f\u0103r\u0103 interven\u021bie chirurgical\u0103 standard &#8211; acest lucru evit\u0103 inciziile \u0219i necesitatea suturilor; nu este necesar\u0103 \u00eendep\u0103rtarea p\u0103rului; structurile creierului din jur responsabile de auz, vedere, mi\u0219care, respira\u021bie sau activitatea inimii nu sunt deteriorate; pacientul nu are nevoie de anestezie.<\/p>\n<p>Platforma integrat\u0103 a Cutitului Gamma \u0219i componentele atent calibrate permit o precizie ultra-\u00eenalt\u0103 (\u00een jur de 0,15 mm), precum \u0219i o cantitate de radia\u021bie de zeci de ori mai sc\u0103zut\u0103 \u00een compara\u021bie cu alte sisteme.[\/vc_column_text][vc_separator][vc_column_text css=&#8221;.vc_custom_1658314987822{margin-bottom: 0px !important;}&#8221;]\n<h3><strong><img loading=\"lazy\" decoding=\"async\" class=\"wp-image-13798 alignright\" src=\"https:\/\/cardiacinstitute.bg\/wp-content\/uploads\/2021\/02\/gamma-knife-frame-300x195.jpg\" alt=\"\" width=\"600\" height=\"390\" srcset=\"https:\/\/cardiacinstitute.bg\/wp-content\/uploads\/2021\/02\/gamma-knife-frame-300x195.jpg 300w, https:\/\/cardiacinstitute.bg\/wp-content\/uploads\/2021\/02\/gamma-knife-frame.jpg 650w\" sizes=\"auto, (max-width: 600px) 100vw, 600px\" \/><\/strong><\/h3>\n<h3>CE BOLI POT FI TRATATE?<\/h3>\n<p>Gamma Knife ar putea fi utilizat pentru tratamentul indica\u021biilor creierului, de la volume \u021bint\u0103 foarte mici, care variaz\u0103 \u00een dimensiune de la c\u00e2\u021biva milimetri p\u00e2n\u0103 la cele de c\u00e2\u021biva centimetri, inclusiv zone ale creierului care nu sunt accesibile prin metodele chirurgicale tradi\u021bionale sau sunt situate \u00een apropierea unor zone critice. zone precum trunchiul cerebral, nervul optic sau auditiv \u0219i altele.[\/vc_column_text][\/vc_column][\/vc_row][vc_row][vc_column width=&#8221;1\/4&#8243;][mk_custom_list title=&#8221;TUMORI CEREBALE BENIGNE&#8221;]\n<ul>\n<li>Meningioame<\/li>\n<li>Tumoare pituitar\u0103<\/li>\n<li>Schwannoame vestibulare (tumoare a nervului de echilibru auditiv)<\/li>\n<li>Schwannoamele trigemenului<\/li>\n<li>Hemangioblastoame<\/li>\n<li>Tumori ale regiunii pineale<\/li>\n<li>Craniofaringioame<\/li>\n<li>Tumoare a corpului jugular<\/li>\n<li>Chordom<\/li>\n<\/ul>\n[\/mk_custom_list][\/vc_column][vc_column width=&#8221;1\/4&#8243;][mk_custom_list title=&#8221;TUMORI CEREBRALE MALIGNE&#8221;]\n<ul>\n<li>Melanomul malign<\/li>\n<li>Melanomul uveal<\/li>\n<li>Unele tumori gliale<\/li>\n<li>Hemangiopericitom<\/li>\n<li>Carcinom nazofaringian<\/li>\n<\/ul>\n[\/mk_custom_list][\/vc_column][vc_column width=&#8221;1\/4&#8243;][mk_custom_list title=&#8221;BOLI ALE VASELOR DE SANGE&#8221;]\n<ul>\n<li>Malforma\u021bii arteriovenoase (MAV)<\/li>\n<li>Cavernoame<\/li>\n<li>Malforma\u021bii cavernoase cerebrale<\/li>\n<li>Fistule arteriovenoase durale<\/li>\n<\/ul>\n[\/mk_custom_list][\/vc_column][vc_column width=&#8221;1\/4&#8243;][mk_custom_list title=&#8221;BOLI FUNC\u021aIONALE&#8221;]\n<ul>\n<li>Nevralgie de trigemen<\/li>\n<\/ul>\n[\/mk_custom_list][mk_custom_list title=&#8221;TULBUR\u0102RI MOTORII&#8221;]\n<ul>\n<li>Tremor asociat cu boala Parkinson<\/li>\n<li>Tremor essential<\/li>\n<\/ul>\n[\/mk_custom_list][\/vc_column][\/vc_row][vc_row][vc_column][mk_custom_list title=&#8221;AVANTAJELE TRATAMENTULUI CU CU\u021aIT GAMMA&#8221; icon_color=&#8221;#dd3333&#8243;]\n<ul>\n<li>Procedura minim invaziv\u0103 mai sigur\u0103<\/li>\n<li>\u021aesutul cerebral s\u0103n\u0103tos este expus la o doz\u0103 foarte mic\u0103 de radia\u021bii<\/li>\n<li>Nu este necesar\u0103 nicio interven\u021bie chirurgical\u0103 deschis\u0103, nicio incizie \u0219i suturi chirurgicale<\/li>\n<li>Nu este necesar\u0103 anestezie general\u0103<\/li>\n<li>Risc minim de reac\u021bii adverse legate de tratament<\/li>\n<li>P\u0103rul nu cade \u0219i nu trebuie tuns<\/li>\n<li>Starea minim\u0103 \u00een spital \u2013 pacientul se poate \u00eentoarce acas\u0103 sau la munca \u00een aceea\u0219i zi<\/li>\n<\/ul>\n[\/mk_custom_list][\/vc_column][\/vc_row]\n<\/div>","protected":false},"excerpt":{"rendered":"<p>[vc_row][vc_column][mk_fancy_title color=&#8221;#19839b&#8221; size=&#8221;26&#8243; font_family=&#8221;none&#8221; align=&#8221;center&#8221;]Singurul cu\u021bit Gamma din Bulgaria &#8211; O nou\u0103 er\u0103 \u00een tratamentul tumorilor cerebrale[\/mk_fancy_title][vc_column_text css=&#8221;.vc_custom_1663339506113{margin-bottom: 0px !important;}&#8221;]Pentru prima dat\u0103 \u00een Bulgaria, la Centrul de excelen\u021b\u0103 clinic\u0103 pentru inim\u0103 \u0219i creier din Pleven, a fost creat \u0219i func\u021bioneaz\u0103 un centru oncologic complex, care face posibil\u0103 diagnosticarea contemporan\u0103, tratamentul de \u00eenalt\u0103 tehnologie \u0219i urm\u0103rirea [&hellip;]<\/p>\n","protected":false},"author":1,"featured_media":0,"parent":0,"menu_order":0,"comment_status":"closed","ping_status":"closed","template":"","meta":{"footnotes":""},"class_list":["post-20340","page","type-page","status-publish","hentry"],"_links":{"self":[{"href":"https:\/\/cardiacinstitute.bg\/ro\/wp-json\/wp\/v2\/pages\/20340","targetHints":{"allow":["GET"]}}],"collection":[{"href":"https:\/\/cardiacinstitute.bg\/ro\/wp-json\/wp\/v2\/pages"}],"about":[{"href":"https:\/\/cardiacinstitute.bg\/ro\/wp-json\/wp\/v2\/types\/page"}],"author":[{"embeddable":true,"href":"https:\/\/cardiacinstitute.bg\/ro\/wp-json\/wp\/v2\/users\/1"}],"replies":[{"embeddable":true,"href":"https:\/\/cardiacinstitute.bg\/ro\/wp-json\/wp\/v2\/comments?post=20340"}],"version-history":[{"count":5,"href":"https:\/\/cardiacinstitute.bg\/ro\/wp-json\/wp\/v2\/pages\/20340\/revisions"}],"predecessor-version":[{"id":26649,"href":"https:\/\/cardiacinstitute.bg\/ro\/wp-json\/wp\/v2\/pages\/20340\/revisions\/26649"}],"wp:attachment":[{"href":"https:\/\/cardiacinstitute.bg\/ro\/wp-json\/wp\/v2\/media?parent=20340"}],"curies":[{"name":"wp","href":"https:\/\/api.w.org\/{rel}","templated":true}]}}