{"id":20240,"date":"2022-07-19T12:46:37","date_gmt":"2022-07-19T12:46:37","guid":{"rendered":"https:\/\/cardiacinstitute.bg\/?page_id=20240"},"modified":"2024-02-19T06:38:50","modified_gmt":"2024-02-19T06:38:50","slug":"what-we-are-looking-for","status":"publish","type":"page","link":"https:\/\/cardiacinstitute.bg\/ro\/careers\/what-we-are-looking-for\/","title":{"rendered":"Ce cautam"},"content":{"rendered":"<div class=\"wpb-content-wrapper\">[mk_page_section bg_color=&#8221;#1e73be&#8221; padding_top=&#8221;40&#8243; padding_bottom=&#8221;40&#8243; sidebar=&#8221;sidebar-1&#8243;][vc_column][mk_fancy_title tag_name=&#8221;h4&#8243; color=&#8221;#ffffff&#8221; size=&#8221;48&#8243; force_font_size=&#8221;true&#8221; size_tablet=&#8221;40&#8243; font_weight=&#8221;400&#8243; txt_transform=&#8221;uppercase&#8221; margin_top=&#8221;15&#8243; margin_bottom=&#8221;0&#8243; font_family=&#8221;Open+Sans&#8221; font_type=&#8221;google&#8221; align=&#8221;center&#8221; animation=&#8221;top-to-bottom&#8221;]Ce cautam[\/mk_fancy_title][\/vc_column][\/mk_page_section][vc_row][vc_column][mk_padding_divider size=&#8221;60&#8243;][\/vc_column][\/vc_row][vc_row][vc_column][vc_column_text css=&#8221;.vc_custom_1658234952969{margin-bottom: 0px !important;}&#8221;]\n<h3>Institutul Cardiac din Bulgaria<\/h3>\n<p>Institutul Cardiac din Bulgaria caut\u0103 profesioni\u0219ti tineri \u0219i cu experien\u021b\u0103 din diferite domenii. Dac\u0103 sunte\u021bi medic, asistent medical, specialist de laborator sau alt specialist \u00een s\u0103n\u0103tate, v\u0103 rug\u0103m s\u0103 ne trimite\u021bi CV-ul pe <a href=\"mailto:info@cardiacinstitute.bg\">info@cardiacinstitute.bg<\/a>.<\/p>\n<p>Pozi\u021bii curente:<\/p>\n<p>Centrul de Excelen\u021b\u0103 INIM\u0102 \u0218I CREIER caut\u0103:<\/p>\n<p><strong>Student postuniversitar<\/strong> la specialitatea Anestezie \u0219i Terapie Intensiv\u0103.<\/p>\n<p>Cerin\u021be:<\/p>\n<ul>\n<li>O diplom\u0103 \u00een medicin\u0103<\/li>\n<li>Experien\u021ba anterioar\u0103 \u00een domeniile anesteziei \u0219i terapiei intensive reprezint\u0103 un avantaj<\/li>\n<li>Interes profesional<\/li>\n<li>Bune cuno\u0219tin\u021be de calculator<\/li>\n<li>O bun\u0103 cunoa\u0219tere a limbii engleze reprezint\u0103 un avantaj<\/li>\n<\/ul>\n<p><strong>Asistente<\/strong><\/p>\n<p>Cerin\u021be:<\/p>\n<ul>\n<li>O diploma<\/li>\n<li>Minim 1 an de experienta<\/li>\n<li>Recomand\u0103ri excelente \u0219i interes profesional<\/li>\n<li>Cuno\u0219tin\u021be medii de utilizare a calculatorului<\/li>\n<li>O bun\u0103 cunoa\u0219tere a limbii engleze reprezint\u0103 un avantaj<\/li>\n<\/ul>\n<p>Descriere a pozitiei:<\/p>\n<ul>\n<li>Asisten\u021b\u0103 medical\u0103 calificat\u0103 \u0219i eficient\u0103 pentru pacien\u021bi<\/li>\n<li>Admiterea pacien\u0163ilor \u015fi introducerea Regulamentului Intern<\/li>\n<li>Urm\u0103rirea \u0219i \u00eenregistrarea testelor de laborator, opera\u021biunilor \u0219i serviciilor de s\u0103n\u0103tate<\/li>\n<li>Sprijin psihic, fizic \u015fi social pentru pacien\u0163i<\/li>\n<li>Igien\u0103, profilaxie individual\u0103 \u0219i de s\u0103n\u0103tate public\u0103<\/li>\n<li>Particip\u0103 la raportul zilnic al asistentei \u0219i la briefing-urile despre starea pacientului<\/li>\n<li>Asist\u0103 medicii \u00een timpul opera\u021biunilor \u0219i interven\u021biilor<\/li>\n<\/ul>\n<p>Oferim un mediu pentru:<\/p>\n<ul>\n<li>Dezvoltare profesional\u0103 rapid\u0103<\/li>\n<li>Lucru dinamic<\/li>\n<li>Un salariu atractiv<\/li>\n<\/ul>\n[\/vc_column_text][\/vc_column][\/vc_row][vc_row][vc_column][mk_padding_divider size=&#8221;60&#8243;][\/vc_column][\/vc_row]\n<\/div>","protected":false},"excerpt":{"rendered":"<p>[mk_page_section bg_color=&#8221;#1e73be&#8221; padding_top=&#8221;40&#8243; padding_bottom=&#8221;40&#8243; sidebar=&#8221;sidebar-1&#8243;][vc_column][mk_fancy_title tag_name=&#8221;h4&#8243; color=&#8221;#ffffff&#8221; size=&#8221;48&#8243; force_font_size=&#8221;true&#8221; size_tablet=&#8221;40&#8243; font_weight=&#8221;400&#8243; txt_transform=&#8221;uppercase&#8221; margin_top=&#8221;15&#8243; margin_bottom=&#8221;0&#8243; font_family=&#8221;Open+Sans&#8221; font_type=&#8221;google&#8221; align=&#8221;center&#8221; animation=&#8221;top-to-bottom&#8221;]Ce cautam[\/mk_fancy_title][\/vc_column][\/mk_page_section][vc_row][vc_column][mk_padding_divider size=&#8221;60&#8243;][\/vc_column][\/vc_row][vc_row][vc_column][vc_column_text css=&#8221;.vc_custom_1658234952969{margin-bottom: 0px !important;}&#8221;] Institutul Cardiac din Bulgaria Institutul Cardiac din Bulgaria caut\u0103 profesioni\u0219ti tineri \u0219i cu experien\u021b\u0103 din diferite domenii. Dac\u0103 sunte\u021bi medic, asistent medical, specialist de laborator sau alt specialist \u00een s\u0103n\u0103tate, v\u0103 rug\u0103m [&hellip;]<\/p>\n","protected":false},"author":1,"featured_media":0,"parent":20236,"menu_order":0,"comment_status":"closed","ping_status":"closed","template":"","meta":{"footnotes":""},"class_list":["post-20240","page","type-page","status-publish","hentry"],"_links":{"self":[{"href":"https:\/\/cardiacinstitute.bg\/ro\/wp-json\/wp\/v2\/pages\/20240","targetHints":{"allow":["GET"]}}],"collection":[{"href":"https:\/\/cardiacinstitute.bg\/ro\/wp-json\/wp\/v2\/pages"}],"about":[{"href":"https:\/\/cardiacinstitute.bg\/ro\/wp-json\/wp\/v2\/types\/page"}],"author":[{"embeddable":true,"href":"https:\/\/cardiacinstitute.bg\/ro\/wp-json\/wp\/v2\/users\/1"}],"replies":[{"embeddable":true,"href":"https:\/\/cardiacinstitute.bg\/ro\/wp-json\/wp\/v2\/comments?post=20240"}],"version-history":[{"count":5,"href":"https:\/\/cardiacinstitute.bg\/ro\/wp-json\/wp\/v2\/pages\/20240\/revisions"}],"predecessor-version":[{"id":20245,"href":"https:\/\/cardiacinstitute.bg\/ro\/wp-json\/wp\/v2\/pages\/20240\/revisions\/20245"}],"up":[{"embeddable":true,"href":"https:\/\/cardiacinstitute.bg\/ro\/wp-json\/wp\/v2\/pages\/20236"}],"wp:attachment":[{"href":"https:\/\/cardiacinstitute.bg\/ro\/wp-json\/wp\/v2\/media?parent=20240"}],"curies":[{"name":"wp","href":"https:\/\/api.w.org\/{rel}","templated":true}]}}