{"id":20216,"date":"2022-07-19T11:57:36","date_gmt":"2022-07-19T11:57:36","guid":{"rendered":"https:\/\/cardiacinstitute.bg\/?page_id=20216"},"modified":"2022-08-05T07:55:49","modified_gmt":"2022-08-05T07:55:49","slug":"history","status":"publish","type":"page","link":"https:\/\/cardiacinstitute.bg\/ro\/about\/history\/","title":{"rendered":"Istorie"},"content":{"rendered":"<div class=\"wpb-content-wrapper\">[mk_page_section bg_image=&#8221;\/\/cardiacinstitute.bg\/wp-content\/uploads\/2017\/07\/home-header.jpg&#8221; bg_color=&#8221;rgba(123,123,123,0.48)&#8221; bg_position=&#8221;center center&#8221; bg_repeat=&#8221;no-repeat&#8221; video_opacity=&#8221;0.9&#8243; js_vertical_centered=&#8221;true&#8221; padding_top=&#8221;0&#8243; padding_bottom=&#8221;140&#8243; sidebar=&#8221;sidebar-1&#8243;][vc_column][mk_padding_divider size=&#8221;400&#8243; visibility=&#8221;hidden-sm&#8221;][mk_fancy_title tag_name=&#8221;h1&#8243; color=&#8221;rgba(30,115,190,0.5)&#8221; size=&#8221;40&#8243; force_font_size=&#8221;true&#8221; size_tablet=&#8221;40&#8243; font_weight=&#8221;bold&#8221; txt_transform=&#8221;uppercase&#8221; margin_bottom=&#8221;0&#8243; font_family=&#8221;Open+Sans&#8221; font_type=&#8221;google&#8221;]Grija pentru via\u021ba ta<br \/>\neste grija noastr\u0103, pentru via\u021b\u0103[\/mk_fancy_title][\/vc_column][\/mk_page_section][vc_row][vc_column][mk_padding_divider size=&#8221;60&#8243;][\/vc_column][\/vc_row][mk_page_section bg_color=&#8221;#1e73be&#8221; padding_top=&#8221;40&#8243; padding_bottom=&#8221;40&#8243; sidebar=&#8221;sidebar-1&#8243;][vc_column][mk_fancy_title tag_name=&#8221;h4&#8243; color=&#8221;#ffffff&#8221; size=&#8221;48&#8243; force_font_size=&#8221;true&#8221; size_tablet=&#8221;40&#8243; font_weight=&#8221;400&#8243; txt_transform=&#8221;uppercase&#8221; margin_top=&#8221;15&#8243; margin_bottom=&#8221;0&#8243; font_family=&#8221;Open+Sans&#8221; font_type=&#8221;google&#8221; align=&#8221;center&#8221; animation=&#8221;top-to-bottom&#8221;]Istorie[\/mk_fancy_title][\/vc_column][\/mk_page_section][vc_row][vc_column][mk_padding_divider size=&#8221;60&#8243;][\/vc_column][\/vc_row][vc_row][vc_column][vc_column_text css=&#8221;.vc_custom_1658231650388{margin-bottom: 0px !important;}&#8221;]Institutul Bulgar Cardiac a fost fondat \u00een 2007 de Tihomir Kamenov, pre\u0219edintele organiza\u021biei de s\u0103n\u0103tate bulgare de top \u2013 Commercial League Healthcare and Insurance Group, o companie lider \u00een produc\u021bia \u0219i comercializarea de produse medicale, asigur\u0103ri de s\u0103n\u0103tate \u0219i inova\u021bii de marketing.<\/p>\n<p>Investi\u021biile Institutului Bulgar Cardiac \u00een domeniul s\u0103n\u0103t\u0103\u021bii se concentreaz\u0103 pe reducerea mortalit\u0103\u021bii cardiovasculare \u0219i a ratei dizabilit\u0103\u021bii prin crearea unei structuri na\u021bionale de spitale \u0219i centre de cardiologie \u00eenalt specializate \u00een zone cu acces insuficient la asisten\u021b\u0103 medical\u0103.[\/vc_column_text][mk_padding_divider size=&#8221;60&#8243;][\/vc_column][\/vc_row][vc_row][vc_column][mk_image src=&#8221;https:\/\/cardiacinstitute.bg\/wp-content\/uploads\/2022\/04\/logo-text-pleven-eng.png&#8221; image_size=&#8221;full&#8221; align=&#8221;right&#8221;][\/vc_column][\/vc_row][vc_row][vc_column][mk_padding_divider size=&#8221;30&#8243;][\/vc_column][\/vc_row][vc_row][vc_column width=&#8221;1\/2&#8243;][mk_image src=&#8221;https:\/\/cardiacinstitute.bg\/wp-content\/uploads\/2021\/05\/sbalk-pn-otkrivane.jpg&#8221; image_size=&#8221;full&#8221;][\/vc_column][vc_column width=&#8221;1\/2&#8243;][vc_column_text disable_pattern=&#8221;false&#8221; css=&#8221;.vc_custom_1658231680063{margin-bottom: 0px !important;}&#8221;]Primul Spital Specializat de Cardiologie din nord-vestul Bulgariei, din Pleven, a fost deschis pe 24 iunie 2008. Acesta a introdus pentru prima dat\u0103 \u00een regiune tratamentul invaziv de rutin\u0103 pentru pacien\u021bii cu sindrom coronarian acut \u0219i infarct miocardic. Ofer\u0103 acces la un tratament de cardiologie modern pentru pacien\u021bii din regiunile Pleven, Lovech, Vratsa, Vidin \u0219i Montana \u2013 pentru peste 750 de mii de persoane.[\/vc_column_text][\/vc_column][\/vc_row][vc_row][vc_column][mk_padding_divider size=&#8221;60&#8243;][\/vc_column][\/vc_row][vc_row][vc_column][mk_image src=&#8221;https:\/\/cardiacinstitute.bg\/wp-content\/uploads\/2018\/07\/logo_s_nadpis_tarnovo_eng.png&#8221; image_size=&#8221;full&#8221;][\/vc_column][\/vc_row][vc_row][vc_column][mk_padding_divider size=&#8221;30&#8243;][\/vc_column][\/vc_row][vc_row][vc_column width=&#8221;1\/2&#8243;][vc_column_text disable_pattern=&#8221;false&#8221; css=&#8221;.vc_custom_1658231712289{margin-bottom: 0px !important;}&#8221;]Primul spital specializat de cardiologie din centrul nordului Bulgariei, \u00een Veliko Turnovo, a fost deschis la 31 octombrie 2008. Acesta a introdus tratamentul invaziv de rutin\u0103 al pacien\u021bilor cu sindrom coronarian acut \u0219i infarct miocardic \u00een regiune. Ofer\u0103 acces la un tratament de cardiologie modern pentru pacien\u021bii din Veliko Turnovo, Gabrovo, Ruse, Razgrad \u0219i Turgovishte \u2013 pentru peste 800 de mii de oameni.[\/vc_column_text][\/vc_column][vc_column width=&#8221;1\/2&#8243;][mk_image src=&#8221;\/\/cardiacinstitute.bg\/wp-content\/uploads\/2017\/11\/sbalk-vt-otkrivane.jpg&#8221; image_size=&#8221;full&#8221;][\/vc_column][\/vc_row][vc_row][vc_column][mk_padding_divider size=&#8221;60&#8243;][\/vc_column][\/vc_row][vc_row][vc_column][mk_image src=&#8221;https:\/\/cardiacinstitute.bg\/wp-content\/uploads\/2018\/07\/logo_s_nadpis_yambol_eng.png&#8221; image_size=&#8221;full&#8221; align=&#8221;right&#8221;][\/vc_column][\/vc_row][vc_row][vc_column][mk_padding_divider size=&#8221;30&#8243;][\/vc_column][\/vc_row][vc_row][vc_column width=&#8221;1\/2&#8243;][mk_image src=&#8221;\/\/cardiacinstitute.bg\/wp-content\/uploads\/2017\/11\/sbalk-jm-otkrivane.jpg&#8221; image_size=&#8221;full&#8221;][\/vc_column][vc_column width=&#8221;1\/2&#8243;][vc_column_text disable_pattern=&#8221;false&#8221; css=&#8221;.vc_custom_1658231745603{margin-bottom: 0px !important;}&#8221;]Primul spital specializat de cardiologie din sud-estul Bulgariei, \u00een Yambol, a fost deschis pe 22 noiembrie 2008. Acesta a introdus tratamentul invaziv de rutin\u0103 al pacien\u021bilor cu sindrom coronarian acut \u0219i infarct miocardic \u00een regiune. Ofer\u0103 acces la un tratament de cardiologie modern pentru pacien\u021bii din Yambol, Burgas, Sliven, Stara Zagora, Haskovo, Kurdjali \u2013 pentru peste 1,4 milioane de oameni.[\/vc_column_text][\/vc_column][\/vc_row][vc_row][vc_column][mk_padding_divider size=&#8221;60&#8243;][\/vc_column][\/vc_row][vc_row][vc_column][mk_image src=&#8221;https:\/\/cardiacinstitute.bg\/wp-content\/uploads\/2018\/07\/logo_s_nadpis_varna_eng.png&#8221; image_size=&#8221;full&#8221;][\/vc_column][\/vc_row][vc_row][vc_column][mk_padding_divider size=&#8221;30&#8243;][\/vc_column][\/vc_row][vc_row][vc_column width=&#8221;1\/2&#8243;][vc_column_text disable_pattern=&#8221;false&#8221; css=&#8221;.vc_custom_1658231790525{margin-bottom: 0px !important;}&#8221;]Primul spital specializat de cardiologie din nord-estul Bulgariei \u2013 Varna a fost deschis pe 5 noiembrie 2009. Acesta a introdus tratamentul invaziv de rutin\u0103 al pacien\u021bilor cu sindrom coronarian acut \u0219i infarct miocardic \u00een regiune. Ofer\u0103 acces la un tratament de cardiologie modern pentru pacien\u021bii din Varna, Shumen, Dobrici, Silistra \u2013 pentru peste 930 de mii de persoane.[\/vc_column_text][\/vc_column][vc_column width=&#8221;1\/2&#8243;][mk_image src=&#8221;\/\/cardiacinstitute.bg\/wp-content\/uploads\/2017\/11\/sbalk-vn-otkrivane.jpg&#8221; image_size=&#8221;full&#8221;][\/vc_column][\/vc_row][vc_row][vc_column][mk_padding_divider size=&#8221;60&#8243;][\/vc_column][\/vc_row][vc_row][vc_column][mk_image src=&#8221;https:\/\/cardiacinstitute.bg\/wp-content\/uploads\/2018\/07\/logo_s_nadpis_shumen_eng-1.png&#8221; image_size=&#8221;full&#8221; align=&#8221;right&#8221;][\/vc_column][\/vc_row][vc_row][vc_column][mk_padding_divider size=&#8221;30&#8243;][\/vc_column][\/vc_row][vc_row][vc_column width=&#8221;1\/2&#8243;][mk_image src=&#8221;\/\/cardiacinstitute.bg\/wp-content\/uploads\/2017\/11\/sbalk-sh-otkrivane.jpg&#8221; image_size=&#8221;full&#8221;][\/vc_column][vc_column width=&#8221;1\/2&#8243;][vc_column_text disable_pattern=&#8221;false&#8221; css=&#8221;.vc_custom_1658231800738{margin-bottom: 0px !important;}&#8221;]Al doilea spital specializat de cardiologie din nord-estul Bulgariei, \u00een regiunea Ludogorie \u2013 Shumen, a fost deschis pe 27 martie 2013. Acesta a introdus tratamentul invaziv de rutin\u0103 al pacien\u021bilor cu sindrom coronarian acut \u0219i infarct miocardic \u00een regiune. Ofer\u0103 acces la un tratament de cardiologie modern pentru pacien\u021bii din Shumen, Razgrad, Turgovishte \u2013 pentru peste 400 de mii de oameni.[\/vc_column_text][\/vc_column][\/vc_row][vc_row][vc_column][mk_padding_divider size=&#8221;60&#8243;][\/vc_column][\/vc_row][vc_row][vc_column][mk_image src=&#8221;https:\/\/cardiacinstitute.bg\/wp-content\/uploads\/2022\/04\/logo-text-hbpn-eng.png&#8221; image_size=&#8221;full&#8221;][\/vc_column][\/vc_row][vc_row][vc_column][mk_padding_divider size=&#8221;30&#8243;][\/vc_column][\/vc_row][vc_row][vc_column width=&#8221;1\/2&#8243;][vc_column_text disable_pattern=&#8221;false&#8221; css=&#8221;.vc_custom_1658231826231{margin-bottom: 0px !important;}&#8221;]Primul spital universitar multidisciplinar pentru un tratament complex al bolilor cardiovasculare \u0219i cerebrovasculare din centrul de nord \u0219i nord-vestul Bulgariei \u2013 Centrul de excelen\u021b\u0103 clinic\u0103 pentru inim\u0103 \u0219i creier din Pleven a fost deschis pe 27 februarie 2017. Spitalul este specializat \u00een tehnologii inovatoare de asisten\u021b\u0103 medical\u0103 \u00een chirurgie cardiac\u0103, neurochirurgie, chirurgie vascular\u0103 \u0219i trateaz\u0103 pacien\u021bi din regiunile Vidin, Montana, Vratsa, Pleven, Gabrovo, Lovech, Ruse, Veliko Turnovo, Turgovishte, Razgrad, Shumen, cu o popula\u021bie de peste 1,5 milioane de oameni.[\/vc_column_text][\/vc_column][vc_column width=&#8221;1\/2&#8243;][mk_image src=&#8221;https:\/\/cardiacinstitute.bg\/wp-content\/uploads\/2022\/04\/mbal-hb-pn.jpg&#8221; image_size=&#8221;full&#8221;][\/vc_column][\/vc_row][vc_row][vc_column][mk_padding_divider size=&#8221;60&#8243;][\/vc_column][\/vc_row][vc_row][vc_column][mk_image src=&#8221;https:\/\/cardiacinstitute.bg\/wp-content\/uploads\/2022\/04\/logo-text-hbbs-eng.png&#8221; image_size=&#8221;full&#8221; align=&#8221;right&#8221;][\/vc_column][\/vc_row][vc_row][vc_column][mk_padding_divider size=&#8221;60&#8243;][\/vc_column][\/vc_row][vc_row][vc_column width=&#8221;1\/2&#8243;][mk_image src=&#8221;https:\/\/cardiacinstitute.bg\/wp-content\/uploads\/2022\/04\/mbal-hb-bs.jpg&#8221; image_size=&#8221;full&#8221;][\/vc_column][vc_column width=&#8221;1\/2&#8243;][vc_column_text disable_pattern=&#8221;false&#8221; css=&#8221;.vc_custom_1658231837976{margin-bottom: 0px !important;}&#8221;]\u00cen doar doi ani, \u00een \u201emicul\u201d Centru \u201eInim\u0103 \u0219i creier\u201d din Burgas au fost efectuate peste 1300 de opera\u021bii la inim\u0103 \u0219i au salvat mii de vie\u021bi, iar de la jum\u0103tatea lunii noiembrie 2021 spitalul a \u00eenceput lucr\u0103rile \u00eentr-un nou complex ultramodern, premiat cu \u201eCl\u0103direa anului 2021\u201d. Centrul de Excelen\u021b\u0103 Clinic\u0103 Inim\u0103 \u0219i Creier desf\u0103\u0219urat pe 9 etaje supraterane \u0219i 2 subterane, pe o suprafa\u021b\u0103 de 15.000 de metri p\u0103tra\u021bi, spitalul high-tech are 330 de paturi, 14 s\u0103li de opera\u021bie, 13 clinici \u0219i sec\u021bii \u0219i 12 s\u0103li de primire pentru medici.[\/vc_column_text][\/vc_column][\/vc_row][vc_row][vc_column][mk_padding_divider size=&#8221;60&#8243;][\/vc_column][\/vc_row][vc_row][vc_column][vc_column_text css=&#8221;.vc_custom_1658231853449{margin-bottom: 0px !important;}&#8221;]Investi\u021biile vaste ale Institutului Cardiac Bulgar \u00een asisten\u021ba medical\u0103 bulgar\u0103, \u00eempreun\u0103 cu munca dedicat\u0103 echipelor medicale, duc la rezultate rapide \u0219i palpabile. Primele rezultate publicate arat\u0103 c\u0103 mortalitatea prin sindromul coronarian acut \u00een nord-vestul Europei pentru 2008 a sc\u0103zut de la 13,09% la 9,25%, mortalitatea la pacien\u021bi interna\u021bi a sc\u0103zut la 2,99%. Un an mai t\u00e2rziu, rezultate similare au fost ob\u021binute \u0219i \u00een celelalte regiuni. Rezultatele importante privind reducerea mortalit\u0103\u021bii cardiovasculare \u00een Bulgaria au fost prezentate la Congresul Mondial de Cardiologie de la Beijing, China, \u00een iunie 2010 \u0219i au fost publicate \u00een revista \u0219tiin\u021bific\u0103 de top la nivel mondial \u201eCirculation\u201d 122 (2), 2010.[\/vc_column_text][\/vc_column][\/vc_row][vc_row][vc_column][mk_padding_divider size=&#8221;60&#8243;][\/vc_column][\/vc_row]\n<\/div>","protected":false},"excerpt":{"rendered":"<p>[mk_page_section bg_image=&#8221;\/\/cardiacinstitute.bg\/wp-content\/uploads\/2017\/07\/home-header.jpg&#8221; bg_color=&#8221;rgba(123,123,123,0.48)&#8221; bg_position=&#8221;center center&#8221; bg_repeat=&#8221;no-repeat&#8221; video_opacity=&#8221;0.9&#8243; js_vertical_centered=&#8221;true&#8221; padding_top=&#8221;0&#8243; padding_bottom=&#8221;140&#8243; sidebar=&#8221;sidebar-1&#8243;][vc_column][mk_padding_divider size=&#8221;400&#8243; visibility=&#8221;hidden-sm&#8221;][mk_fancy_title tag_name=&#8221;h1&#8243; color=&#8221;rgba(30,115,190,0.5)&#8221; size=&#8221;40&#8243; force_font_size=&#8221;true&#8221; size_tablet=&#8221;40&#8243; font_weight=&#8221;bold&#8221; txt_transform=&#8221;uppercase&#8221; margin_bottom=&#8221;0&#8243; font_family=&#8221;Open+Sans&#8221; font_type=&#8221;google&#8221;]Grija pentru via\u021ba ta este grija noastr\u0103, pentru via\u021b\u0103[\/mk_fancy_title][\/vc_column][\/mk_page_section][vc_row][vc_column][mk_padding_divider size=&#8221;60&#8243;][\/vc_column][\/vc_row][mk_page_section bg_color=&#8221;#1e73be&#8221; padding_top=&#8221;40&#8243; padding_bottom=&#8221;40&#8243; sidebar=&#8221;sidebar-1&#8243;][vc_column][mk_fancy_title tag_name=&#8221;h4&#8243; color=&#8221;#ffffff&#8221; size=&#8221;48&#8243; force_font_size=&#8221;true&#8221; size_tablet=&#8221;40&#8243; font_weight=&#8221;400&#8243; txt_transform=&#8221;uppercase&#8221; margin_top=&#8221;15&#8243; margin_bottom=&#8221;0&#8243; font_family=&#8221;Open+Sans&#8221; font_type=&#8221;google&#8221; align=&#8221;center&#8221; animation=&#8221;top-to-bottom&#8221;]Istorie[\/mk_fancy_title][\/vc_column][\/mk_page_section][vc_row][vc_column][mk_padding_divider size=&#8221;60&#8243;][\/vc_column][\/vc_row][vc_row][vc_column][vc_column_text css=&#8221;.vc_custom_1658231650388{margin-bottom: 0px !important;}&#8221;]Institutul Bulgar Cardiac [&hellip;]<\/p>\n","protected":false},"author":1,"featured_media":0,"parent":20207,"menu_order":1,"comment_status":"closed","ping_status":"closed","template":"","meta":{"footnotes":""},"class_list":["post-20216","page","type-page","status-publish","hentry"],"_links":{"self":[{"href":"https:\/\/cardiacinstitute.bg\/ro\/wp-json\/wp\/v2\/pages\/20216","targetHints":{"allow":["GET"]}}],"collection":[{"href":"https:\/\/cardiacinstitute.bg\/ro\/wp-json\/wp\/v2\/pages"}],"about":[{"href":"https:\/\/cardiacinstitute.bg\/ro\/wp-json\/wp\/v2\/types\/page"}],"author":[{"embeddable":true,"href":"https:\/\/cardiacinstitute.bg\/ro\/wp-json\/wp\/v2\/users\/1"}],"replies":[{"embeddable":true,"href":"https:\/\/cardiacinstitute.bg\/ro\/wp-json\/wp\/v2\/comments?post=20216"}],"version-history":[{"count":2,"href":"https:\/\/cardiacinstitute.bg\/ro\/wp-json\/wp\/v2\/pages\/20216\/revisions"}],"predecessor-version":[{"id":20218,"href":"https:\/\/cardiacinstitute.bg\/ro\/wp-json\/wp\/v2\/pages\/20216\/revisions\/20218"}],"up":[{"embeddable":true,"href":"https:\/\/cardiacinstitute.bg\/ro\/wp-json\/wp\/v2\/pages\/20207"}],"wp:attachment":[{"href":"https:\/\/cardiacinstitute.bg\/ro\/wp-json\/wp\/v2\/media?parent=20216"}],"curies":[{"name":"wp","href":"https:\/\/api.w.org\/{rel}","templated":true}]}}