{"id":20212,"date":"2022-07-19T11:42:36","date_gmt":"2022-07-19T11:42:36","guid":{"rendered":"https:\/\/cardiacinstitute.bg\/?page_id=20212"},"modified":"2022-08-05T07:54:34","modified_gmt":"2022-08-05T07:54:34","slug":"mission-and-vision","status":"publish","type":"page","link":"https:\/\/cardiacinstitute.bg\/ro\/about\/mission-and-vision\/","title":{"rendered":"Misiune si viziune"},"content":{"rendered":"<div class=\"wpb-content-wrapper\">[mk_page_section bg_color=&#8221;#1e73be&#8221; padding_top=&#8221;40&#8243; padding_bottom=&#8221;40&#8243; sidebar=&#8221;sidebar-1&#8243;][vc_column][mk_fancy_title tag_name=&#8221;h4&#8243; color=&#8221;#ffffff&#8221; size=&#8221;48&#8243; force_font_size=&#8221;true&#8221; size_tablet=&#8221;40&#8243; font_weight=&#8221;400&#8243; txt_transform=&#8221;uppercase&#8221; margin_top=&#8221;15&#8243; margin_bottom=&#8221;0&#8243; font_family=&#8221;Open+Sans&#8221; font_type=&#8221;google&#8221; align=&#8221;center&#8221; animation=&#8221;top-to-bottom&#8221;]Misiune si viziune[\/mk_fancy_title][\/vc_column][\/mk_page_section][vc_row][vc_column][mk_padding_divider size=&#8221;60&#8243;][\/vc_column][\/vc_row][vc_row][vc_column][mk_fancy_title color=&#8221;rgba(150,150,150,0.74)&#8221; font_weight=&#8221;300&#8243; letter_spacing=&#8221;1&#8243; font_family=&#8221;none&#8221; animation=&#8221;left-to-right&#8221;]\n<h2>Misiune<\/h2>\n[\/mk_fancy_title][\/vc_column][\/vc_row][vc_row][vc_column][vc_column_text css=&#8221;.vc_custom_1658230902733{margin-bottom: 0px !important;}&#8221;]Misiunea Institutului Cardiac din Bulgaria este de a explora nevoile pacien\u021bilor \u00een detaliu, de a oferi servicii medicale de \u00eenalt\u0103 calitate, de a dep\u0103\u0219i a\u0219tept\u0103rile pacien\u021bilor \u0219i de a sprijini educa\u021bia pe termen lung \u0219i calificarea profesional\u0103 a medicilor no\u0219tri.<\/p>\n<p>Pentru realizarea acestei misiuni, Institutul Cardiac din Bulgaria \u00ee\u0219i stabile\u0219te urm\u0103toarele obiective:<\/p>\n<ul>\n<li>Superioritatea \u00een asisten\u021ba medical\u0103 de specialitate, sus\u021binut\u0103 de cercetare \u0219tiin\u021bific\u0103 \u0219i educa\u021bie<\/li>\n<li>Dezvoltarea, aplicarea, evaluarea \u0219i participarea la tehnologii medicale inovatoare<\/li>\n<li>Atragerea de profesioni\u0219ti din domeniul medical, \u0219tiin\u021bific \u0219i din domeniul s\u0103n\u0103t\u0103\u021bii de \u00eenalt\u0103 calitate<\/li>\n<li>Furnizarea de servicii de asisten\u021b\u0103 medical\u0103 la pre\u021buri accesibile<\/li>\n<li>S\u0103 garanteze c\u0103, calitatea tuturor serviciilor de s\u0103n\u0103tate se afl\u0103 \u00een centrul fiec\u0103rei decizii terapeutice<\/li>\n<\/ul>\n[\/vc_column_text][\/vc_column][\/vc_row][vc_row][vc_column][mk_padding_divider size=&#8221;60&#8243;][\/vc_column][\/vc_row][vc_row][vc_column][mk_fancy_title color=&#8221;rgba(150,150,150,0.74)&#8221; font_weight=&#8221;300&#8243; letter_spacing=&#8221;1&#8243; font_family=&#8221;none&#8221; animation=&#8221;left-to-right&#8221;]\n<h2>Viziune<\/h2>\n[\/mk_fancy_title][\/vc_column][\/vc_row][vc_row][vc_column][vc_column_text css=&#8221;.vc_custom_1658230950146{margin-bottom: 0px !important;}&#8221;]Viziunea Institutului Cardiac din Bulgaria se bazeaz\u0103 pe hot\u0103r\u00e2rea de a deveni lider regional \u00een Europa de Est \u00een ceea ce prive\u0219te \u00eengrijirea pacien\u021bilor, rezultatele clinice, cercetarea \u0219tiin\u021bific\u0103 \u0219i educa\u021bia medical\u0103.<\/p>\n<p>Fondatorul \u0219i echipa de conducere a Institutului Cardiac din Bulgaria consider\u0103 c\u0103 to\u021bi diferi\u021bii speciali\u0219ti medicali pot \u0219i trebuie s\u0103 lucreze \u00eempreun\u0103 ca o echip\u0103. Acest tip de colaborare, eficacitate \u0219i viziune comun\u0103 stimuleaz\u0103 realiz\u0103rile de v\u00e2rf \u00een asisten\u021ba medical\u0103, cercetarea \u0219tiin\u021bific\u0103 \u0219i educa\u021bia medical\u0103 a pacien\u021bilor. Aceste principii sunt valabile \u00een prezent pentru Institutul Cardiac din Bulgaria \u2013 o organiza\u021bie medical\u0103, \u0219tiin\u021bific\u0103 \u0219i educa\u021bional\u0103, fondat\u0103 de lideri vizionari, care cred \u00een \u0219ase valori fundamentale, care alc\u0103tuiesc coloana vertebral\u0103 a culturii corporative:<\/p>\n<ul>\n<li>Calitate \u2013 men\u021binem standarde \u00eenalte prin evaluarea, analiza \u0219i \u00eembun\u0103t\u0103\u021birea rezultatelor s\u0103n\u0103t\u0103\u021bii<\/li>\n<li>Inova\u021bie \u2013 c\u0103ut\u0103m \u00een mod constant tehnologii medicale mai eficiente, sigure \u0219i mai rentabile<\/li>\n<li>Colaborare \u2013 colabor\u0103m \u0219i \u00eemp\u0103rt\u0103\u0219im experien\u021ba cu colegii din \u00eentreaga lume<\/li>\n<li>Satisfac\u021bia \u2013 ne str\u0103duim s\u0103 dep\u0103\u0219im a\u0219tept\u0103rile pacien\u021bilor \u0219i ale speciali\u0219tilor medicali<\/li>\n<li>Integritate \u2013 ader\u0103m la cele mai \u00eenalte principii morale \u0219i standarde profesionale<\/li>\n<li>\u00cengrijire \u2013 ne str\u0103duim s\u0103 oferim un mediu de \u00eengrijire \u0219i de sprijin pentru pacien\u021bii no\u0219tri, familiile acestora \u0219i medicul specialist<\/li>\n<\/ul>\n[\/vc_column_text][\/vc_column][\/vc_row][vc_row][vc_column][mk_padding_divider size=&#8221;60&#8243;][\/vc_column][\/vc_row]\n<\/div>","protected":false},"excerpt":{"rendered":"<p>[mk_page_section bg_color=&#8221;#1e73be&#8221; padding_top=&#8221;40&#8243; padding_bottom=&#8221;40&#8243; sidebar=&#8221;sidebar-1&#8243;][vc_column][mk_fancy_title tag_name=&#8221;h4&#8243; color=&#8221;#ffffff&#8221; size=&#8221;48&#8243; force_font_size=&#8221;true&#8221; size_tablet=&#8221;40&#8243; font_weight=&#8221;400&#8243; txt_transform=&#8221;uppercase&#8221; margin_top=&#8221;15&#8243; margin_bottom=&#8221;0&#8243; font_family=&#8221;Open+Sans&#8221; font_type=&#8221;google&#8221; align=&#8221;center&#8221; animation=&#8221;top-to-bottom&#8221;]Misiune si viziune[\/mk_fancy_title][\/vc_column][\/mk_page_section][vc_row][vc_column][mk_padding_divider size=&#8221;60&#8243;][\/vc_column][\/vc_row][vc_row][vc_column][mk_fancy_title color=&#8221;rgba(150,150,150,0.74)&#8221; font_weight=&#8221;300&#8243; letter_spacing=&#8221;1&#8243; font_family=&#8221;none&#8221; animation=&#8221;left-to-right&#8221;] Misiune [\/mk_fancy_title][\/vc_column][\/vc_row][vc_row][vc_column][vc_column_text css=&#8221;.vc_custom_1658230902733{margin-bottom: 0px !important;}&#8221;]Misiunea Institutului Cardiac din Bulgaria este de a explora nevoile pacien\u021bilor \u00een detaliu, de a oferi servicii medicale de \u00eenalt\u0103 calitate, de a dep\u0103\u0219i a\u0219tept\u0103rile [&hellip;]<\/p>\n","protected":false},"author":1,"featured_media":0,"parent":20207,"menu_order":0,"comment_status":"closed","ping_status":"closed","template":"","meta":{"footnotes":""},"class_list":["post-20212","page","type-page","status-publish","hentry"],"_links":{"self":[{"href":"https:\/\/cardiacinstitute.bg\/ro\/wp-json\/wp\/v2\/pages\/20212","targetHints":{"allow":["GET"]}}],"collection":[{"href":"https:\/\/cardiacinstitute.bg\/ro\/wp-json\/wp\/v2\/pages"}],"about":[{"href":"https:\/\/cardiacinstitute.bg\/ro\/wp-json\/wp\/v2\/types\/page"}],"author":[{"embeddable":true,"href":"https:\/\/cardiacinstitute.bg\/ro\/wp-json\/wp\/v2\/users\/1"}],"replies":[{"embeddable":true,"href":"https:\/\/cardiacinstitute.bg\/ro\/wp-json\/wp\/v2\/comments?post=20212"}],"version-history":[{"count":2,"href":"https:\/\/cardiacinstitute.bg\/ro\/wp-json\/wp\/v2\/pages\/20212\/revisions"}],"predecessor-version":[{"id":20214,"href":"https:\/\/cardiacinstitute.bg\/ro\/wp-json\/wp\/v2\/pages\/20212\/revisions\/20214"}],"up":[{"embeddable":true,"href":"https:\/\/cardiacinstitute.bg\/ro\/wp-json\/wp\/v2\/pages\/20207"}],"wp:attachment":[{"href":"https:\/\/cardiacinstitute.bg\/ro\/wp-json\/wp\/v2\/media?parent=20212"}],"curies":[{"name":"wp","href":"https:\/\/api.w.org\/{rel}","templated":true}]}}