{"id":20173,"date":"2022-07-19T10:21:43","date_gmt":"2022-07-19T10:21:43","guid":{"rendered":"https:\/\/cardiacinstitute.bg\/?page_id=20173"},"modified":"2022-08-05T08:05:19","modified_gmt":"2022-08-05T08:05:19","slug":"scientific-areas","status":"publish","type":"page","link":"https:\/\/cardiacinstitute.bg\/ro\/scientific-research\/scientific-areas\/","title":{"rendered":"Domenii \u0219tiin\u021bifice"},"content":{"rendered":"<div class=\"wpb-content-wrapper\">[mk_page_section bg_image=&#8221;\/\/cardiacinstitute.bg\/wp-content\/uploads\/2017\/07\/nauchni-sferi-header.jpg&#8221; bg_color=&#8221;rgba(123,123,123,0.48)&#8221; blend_mode=&#8221;multiply&#8221; bg_repeat=&#8221;no-repeat&#8221; bg_stretch=&#8221;true&#8221; video_opacity=&#8221;0.9&#8243; padding_top=&#8221;0&#8243; padding_bottom=&#8221;140&#8243; sidebar=&#8221;sidebar-1&#8243;][vc_column][mk_padding_divider size=&#8221;160&#8243; visibility=&#8221;hidden-sm&#8221;][mk_padding_divider size=&#8221;100&#8243;][mk_fancy_title tag_name=&#8221;h1&#8243; color=&#8221;#ffffff&#8221; size=&#8221;42&#8243; force_font_size=&#8221;true&#8221; size_tablet=&#8221;45&#8243; line_height=&#8221;95&#8243; font_weight=&#8221;bold&#8221; txt_transform=&#8221;uppercase&#8221; margin_bottom=&#8221;0&#8243; font_family=&#8221;Open+Sans&#8221; font_type=&#8221;google&#8221;]Scientific research and innovations<br \/>\nin regards of the patients[\/mk_fancy_title][\/vc_column][\/mk_page_section][vc_row][vc_column][mk_padding_divider size=&#8221;120&#8243;][\/vc_column][\/vc_row][vc_row][vc_column width=&#8221;1\/2&#8243;][mk_fancy_title tag_name=&#8221;h3&#8243; color=&#8221;#1e73be&#8221; size=&#8221;60&#8243; force_font_size=&#8221;true&#8221; size_tablet=&#8221;40&#8243; font_weight=&#8221;400&#8243; txt_transform=&#8221;uppercase&#8221; font_family=&#8221;Open+Sans&#8221; font_type=&#8221;google&#8221; animation=&#8221;top-to-bottom&#8221;]Domenii \u0219tiin\u021bifice[\/mk_fancy_title][vc_column_text disable_pattern=&#8221;false&#8221;][\/vc_column_text][\/vc_column][vc_column width=&#8221;1\/2&#8243;][mk_padding_divider size=&#8221;124&#8243;][\/vc_column][\/vc_row][vc_row][vc_column][mk_padding_divider size=&#8221;120&#8243;][\/vc_column][\/vc_row][vc_row][vc_column width=&#8221;1\/2&#8243;][mk_image src=&#8221;\/\/cardiacinstitute.bg\/wp-content\/uploads\/2017\/07\/bazovi-klinichni-prouchvania.jpg&#8221; image_size=&#8221;full&#8221;][\/vc_column][vc_column width=&#8221;1\/2&#8243;][mk_fancy_title tag_name=&#8221;h4&#8243; color=&#8221;#1e73be&#8221; size=&#8221;36&#8243; force_font_size=&#8221;true&#8221; size_phone=&#8221;30&#8243; font_weight=&#8221;400&#8243; txt_transform=&#8221;uppercase&#8221; margin_bottom=&#8221;30&#8243; font_family=&#8221;Open+Sans&#8221; font_type=&#8221;google&#8221; animation=&#8221;top-to-bottom&#8221;]Cercetare \u0219tiin\u021bific\u0103 de baza[\/mk_fancy_title][vc_column_text disable_pattern=&#8221;false&#8221; css=&#8221;.vc_custom_1658225950548{margin-bottom: 0px !important;}&#8221;]Efectu\u0103m studii \u0219tiin\u021bifice aleatoare bazate pe tehnologii inovatoare pentru prevenirea \u0219i tratamentul bolilor precum boala coronarian\u0103, sindromul coronarian acut, fibrila\u021bia atrial\u0103, hipercolesterolemia familial\u0103 heterozigot\u0103, cardioversia electric\u0103 \u00een fibrila\u021bia atrial\u0103 non-valvular\u0103, infarctul miocardic, embolia pulmonar\u0103, insuficien\u021ba cardiac\u0103 cronic\u0103, trigliceridemie \u00een diabet.[\/vc_column_text][\/vc_column][\/vc_row][vc_row][vc_column][mk_padding_divider size=&#8221;150&#8243;][\/vc_column][\/vc_row][vc_row][vc_column width=&#8221;1\/2&#8243;][mk_fancy_title tag_name=&#8221;h4&#8243; color=&#8221;#1e73be&#8221; size=&#8221;36&#8243; force_font_size=&#8221;true&#8221; size_phone=&#8221;30&#8243; font_weight=&#8221;400&#8243; txt_transform=&#8221;uppercase&#8221; margin_bottom=&#8221;30&#8243; font_family=&#8221;Open+Sans&#8221; font_type=&#8221;google&#8221; animation=&#8221;top-to-bottom&#8221;]Medicina personalizat\u0103[\/mk_fancy_title][vc_column_text disable_pattern=&#8221;false&#8221; css=&#8221;.vc_custom_1658225992511{margin-bottom: 0px !important;}&#8221;]Derul\u0103m prevenirea, diagnosticarea \u0219i tratamentul bolilor, ghida\u021bi de evaluarea biomarkerilor genomici specifici pacientului. Informa\u021bia genetic\u0103 joac\u0103 un rol major \u00een mai multe aspecte ale medicinei personalizate (farmacogenomic\u0103).<\/p>\n<p>Conceptul de medicin\u0103 personalizat\u0103 poate fi aplicat abord\u0103rilor inovatoare \u0219i transformatoare din domeniul s\u0103n\u0103t\u0103\u021bii. Asisten\u021ba medical\u0103 personalizat\u0103 se bazeaz\u0103 pe dinamica sistemelor biologice \u0219i utilizeaz\u0103 instrumente previzibile pentru evaluarea prevenirii s\u0103n\u0103t\u0103\u021bii \u0219i programe personalizate de s\u0103n\u0103tate pentru a ajuta pacien\u021bii \u00een ceea ce prive\u0219te reducerea riscului, prevenirea bolilor \u0219i tratamentul precis.[\/vc_column_text][mk_padding_divider size=&#8221;60&#8243; visibility=&#8221;visible-sm&#8221;][\/vc_column][vc_column width=&#8221;1\/2&#8243;][mk_image src=&#8221;\/\/cardiacinstitute.bg\/wp-content\/uploads\/2017\/07\/personalizirana-medicina.jpg&#8221; image_size=&#8221;full&#8221;][\/vc_column][\/vc_row][vc_row][vc_column][mk_padding_divider size=&#8221;150&#8243;][\/vc_column][\/vc_row][vc_row][vc_column width=&#8221;1\/2&#8243;][mk_image src=&#8221;\/\/cardiacinstitute.bg\/wp-content\/uploads\/2017\/07\/visokospecializirani-intervencii.jpg&#8221; image_size=&#8221;full&#8221;][\/vc_column][vc_column width=&#8221;1\/2&#8243;][mk_fancy_title tag_name=&#8221;h4&#8243; color=&#8221;#1e73be&#8221; size=&#8221;36&#8243; force_font_size=&#8221;true&#8221; size_phone=&#8221;30&#8243; font_weight=&#8221;400&#8243; txt_transform=&#8221;uppercase&#8221; margin_bottom=&#8221;30&#8243; font_family=&#8221;Open+Sans&#8221; font_type=&#8221;google&#8221; animation=&#8221;top-to-bottom&#8221;]Proceduri chirurgicale \u0219i terapeutice de \u00eenalt\u0103 specialitate[\/mk_fancy_title][vc_column_text disable_pattern=&#8221;false&#8221; css=&#8221;.vc_custom_1658226037914{margin-bottom: 0px !important;}&#8221;]Activit\u0103\u021bile de cercetare sunt axate pe prevenirea, diagnosticarea \u0219i tratamentul bolilor cardiovasculare \u0219i cerebrovasculare \u2013 opera\u021bii minim invazive ale valvelor cardiace, interven\u021bii chirurgicale \u0219i tratamentul tumorilor cardiace, proceduri chirurgicale de economisire a valvelor, implantare endovascular\u0103 a valvelor cardiace, imagistic\u0103 intraoperatorie pentru navigarea procedurii chirurgicale pentru tratamentul tumorilor cerebrale, tratamentul interven\u021bional al bolilor cardiovasculare etc.[\/vc_column_text][mk_padding_divider size=&#8221;60&#8243; visibility=&#8221;visible-sm&#8221;][\/vc_column][\/vc_row][vc_row][vc_column][mk_padding_divider size=&#8221;150&#8243;][\/vc_column][\/vc_row][vc_row][vc_column width=&#8221;1\/2&#8243;][mk_fancy_title tag_name=&#8221;h4&#8243; color=&#8221;#1e73be&#8221; size=&#8221;36&#8243; force_font_size=&#8221;true&#8221; size_phone=&#8221;30&#8243; font_weight=&#8221;400&#8243; txt_transform=&#8221;uppercase&#8221; margin_bottom=&#8221;30&#8243; font_family=&#8221;Open+Sans&#8221; font_type=&#8221;google&#8221; animation=&#8221;top-to-bottom&#8221;]Cercetarea \u00een domeniul s\u0103n\u0103t\u0103\u021bii[\/mk_fancy_title][vc_column_text disable_pattern=&#8221;false&#8221; css=&#8221;.vc_custom_1658226078427{margin-bottom: 0px !important;}&#8221;]Cercetarea \u00een domeniul s\u0103n\u0103t\u0103\u021bii este realizat\u0103 \u00een colaborare cu Universitatea de Medicin\u0103 din Pleven \u0219i include dezvoltarea de solu\u021bii inovatoare pentru \u00eembun\u0103t\u0103\u021birea \u00eengrijirii s\u0103n\u0103t\u0103\u021bii pacien\u021bilor \u00een timpul \u0219i dup\u0103 \u0219ederea \u00een spital.<\/p>\n<p>Programele includ servicii de s\u0103n\u0103tate la domiciliu, monitorizare telemetric\u0103 \u0219i instrumente de evaluare a \u00eembun\u0103t\u0103\u021birii rezultatelor pe termen lung ale pacien\u021bilor.[\/vc_column_text][mk_padding_divider size=&#8221;60&#8243; visibility=&#8221;visible-sm&#8221;][\/vc_column][vc_column width=&#8221;1\/2&#8243;][mk_image src=&#8221;\/\/cardiacinstitute.bg\/wp-content\/uploads\/2017\/07\/zdravni-griji.jpg&#8221; image_size=&#8221;full&#8221;][\/vc_column][\/vc_row][vc_row][vc_column][mk_padding_divider size=&#8221;150&#8243;][\/vc_column][\/vc_row][vc_row][vc_column width=&#8221;1\/2&#8243;][mk_image src=&#8221;\/\/cardiacinstitute.bg\/wp-content\/uploads\/2017\/07\/zdravna-ikonomika.jpg&#8221; image_size=&#8221;full&#8221;][\/vc_column][vc_column width=&#8221;1\/2&#8243;][mk_fancy_title tag_name=&#8221;h4&#8243; color=&#8221;#1e73be&#8221; size=&#8221;36&#8243; force_font_size=&#8221;true&#8221; size_phone=&#8221;30&#8243; font_weight=&#8221;400&#8243; txt_transform=&#8221;uppercase&#8221; margin_bottom=&#8221;30&#8243; font_family=&#8221;Open+Sans&#8221; font_type=&#8221;google&#8221; animation=&#8221;top-to-bottom&#8221;]Cercetarea economic\u0103 a s\u0103n\u0103t\u0103\u021bii[\/mk_fancy_title][vc_column_text disable_pattern=&#8221;false&#8221; css=&#8221;.vc_custom_1658226100146{margin-bottom: 0px !important;}&#8221;]Cercetarea \u0219tiin\u021bific\u0103 se concentreaz\u0103 pe analiza comparativ\u0103 a tehnologiilor alternative de asisten\u021b\u0103 medical\u0103, eficacitatea \u0219i siguran\u021ba terapeutic\u0103 \u00een tratamentul bolilor cardiovasculare, cerebrovasculare \u0219i oncologice.<\/p>\n<p>Cercetarea este realizat\u0103 \u00een colaborare cu Centrul Na\u021bional de S\u0103n\u0103tate Public\u0103 \u0219i Analiz\u0103 \u0219i Comisia de Evaluare a Tehnologiilor S\u0103n\u0103t\u0103\u021bii.[\/vc_column_text][mk_padding_divider size=&#8221;60&#8243; visibility=&#8221;visible-sm&#8221;][\/vc_column][\/vc_row][vc_row][vc_column][mk_padding_divider size=&#8221;140&#8243;][\/vc_column][\/vc_row]\n<\/div>","protected":false},"excerpt":{"rendered":"<p>[mk_page_section bg_image=&#8221;\/\/cardiacinstitute.bg\/wp-content\/uploads\/2017\/07\/nauchni-sferi-header.jpg&#8221; bg_color=&#8221;rgba(123,123,123,0.48)&#8221; blend_mode=&#8221;multiply&#8221; bg_repeat=&#8221;no-repeat&#8221; bg_stretch=&#8221;true&#8221; video_opacity=&#8221;0.9&#8243; padding_top=&#8221;0&#8243; padding_bottom=&#8221;140&#8243; sidebar=&#8221;sidebar-1&#8243;][vc_column][mk_padding_divider size=&#8221;160&#8243; visibility=&#8221;hidden-sm&#8221;][mk_padding_divider size=&#8221;100&#8243;][mk_fancy_title tag_name=&#8221;h1&#8243; color=&#8221;#ffffff&#8221; size=&#8221;42&#8243; force_font_size=&#8221;true&#8221; size_tablet=&#8221;45&#8243; line_height=&#8221;95&#8243; font_weight=&#8221;bold&#8221; txt_transform=&#8221;uppercase&#8221; margin_bottom=&#8221;0&#8243; font_family=&#8221;Open+Sans&#8221; font_type=&#8221;google&#8221;]Scientific research and innovations in regards of the patients[\/mk_fancy_title][\/vc_column][\/mk_page_section][vc_row][vc_column][mk_padding_divider size=&#8221;120&#8243;][\/vc_column][\/vc_row][vc_row][vc_column width=&#8221;1\/2&#8243;][mk_fancy_title tag_name=&#8221;h3&#8243; color=&#8221;#1e73be&#8221; size=&#8221;60&#8243; force_font_size=&#8221;true&#8221; size_tablet=&#8221;40&#8243; font_weight=&#8221;400&#8243; txt_transform=&#8221;uppercase&#8221; font_family=&#8221;Open+Sans&#8221; font_type=&#8221;google&#8221; animation=&#8221;top-to-bottom&#8221;]Domenii \u0219tiin\u021bifice[\/mk_fancy_title][vc_column_text disable_pattern=&#8221;false&#8221;][\/vc_column_text][\/vc_column][vc_column width=&#8221;1\/2&#8243;][mk_padding_divider size=&#8221;124&#8243;][\/vc_column][\/vc_row][vc_row][vc_column][mk_padding_divider size=&#8221;120&#8243;][\/vc_column][\/vc_row][vc_row][vc_column width=&#8221;1\/2&#8243;][mk_image src=&#8221;\/\/cardiacinstitute.bg\/wp-content\/uploads\/2017\/07\/bazovi-klinichni-prouchvania.jpg&#8221; image_size=&#8221;full&#8221;][\/vc_column][vc_column width=&#8221;1\/2&#8243;][mk_fancy_title tag_name=&#8221;h4&#8243; color=&#8221;#1e73be&#8221; [&hellip;]<\/p>\n","protected":false},"author":1,"featured_media":0,"parent":20170,"menu_order":0,"comment_status":"closed","ping_status":"closed","template":"","meta":{"footnotes":""},"class_list":["post-20173","page","type-page","status-publish","hentry"],"_links":{"self":[{"href":"https:\/\/cardiacinstitute.bg\/ro\/wp-json\/wp\/v2\/pages\/20173","targetHints":{"allow":["GET"]}}],"collection":[{"href":"https:\/\/cardiacinstitute.bg\/ro\/wp-json\/wp\/v2\/pages"}],"about":[{"href":"https:\/\/cardiacinstitute.bg\/ro\/wp-json\/wp\/v2\/types\/page"}],"author":[{"embeddable":true,"href":"https:\/\/cardiacinstitute.bg\/ro\/wp-json\/wp\/v2\/users\/1"}],"replies":[{"embeddable":true,"href":"https:\/\/cardiacinstitute.bg\/ro\/wp-json\/wp\/v2\/comments?post=20173"}],"version-history":[{"count":3,"href":"https:\/\/cardiacinstitute.bg\/ro\/wp-json\/wp\/v2\/pages\/20173\/revisions"}],"predecessor-version":[{"id":20176,"href":"https:\/\/cardiacinstitute.bg\/ro\/wp-json\/wp\/v2\/pages\/20173\/revisions\/20176"}],"up":[{"embeddable":true,"href":"https:\/\/cardiacinstitute.bg\/ro\/wp-json\/wp\/v2\/pages\/20170"}],"wp:attachment":[{"href":"https:\/\/cardiacinstitute.bg\/ro\/wp-json\/wp\/v2\/media?parent=20173"}],"curies":[{"name":"wp","href":"https:\/\/api.w.org\/{rel}","templated":true}]}}