{"id":20162,"date":"2022-07-19T09:56:15","date_gmt":"2022-07-19T09:56:15","guid":{"rendered":"https:\/\/cardiacinstitute.bg\/?page_id=20162"},"modified":"2022-08-05T08:13:46","modified_gmt":"2022-08-05T08:13:46","slug":"education","status":"publish","type":"page","link":"https:\/\/cardiacinstitute.bg\/ro\/education\/education\/","title":{"rendered":"Educa\u021bia continu\u0103"},"content":{"rendered":"<div class=\"wpb-content-wrapper\">[vc_row][vc_column width=&#8221;1\/2&#8243;][mk_image src=&#8221;\/\/cardiacinstitute.bg\/wp-content\/uploads\/2017\/07\/produljavashto-obuchenie.jpg&#8221; image_size=&#8221;full&#8221;][\/vc_column][vc_column width=&#8221;1\/2&#8243;][mk_fancy_title tag_name=&#8221;h4&#8243; color=&#8221;#1e73be&#8221; size=&#8221;36&#8243; force_font_size=&#8221;true&#8221; size_phone=&#8221;30&#8243; font_weight=&#8221;400&#8243; txt_transform=&#8221;uppercase&#8221; margin_bottom=&#8221;30&#8243; font_family=&#8221;Open+Sans&#8221; font_type=&#8221;google&#8221; animation=&#8221;top-to-bottom&#8221;]Educa\u021bia continu\u0103[\/mk_fancy_title][vc_column_text disable_pattern=&#8221;false&#8221; css=&#8221;.vc_custom_1658224556811{margin-bottom: 0px !important;}&#8221;]Institutul Bulgar de Cardiologie, \u00eempreun\u0103 cu Uniunea Medicilor din Bulgaria, organizeaz\u0103 o serie de evenimente pentru educa\u021bia medical\u0103 postuniversitar\u0103: seminarii, congrese, simpozioane, cursuri, preg\u0103tire individual\u0103 \u0219i programe de calificare profesional\u0103.<\/p>\n<p>Subiectele educa\u021bionale includ cele mai recente realiz\u0103ri \u00een domeniul medical, standarde medicale, ghiduri clinice \u0219i farmacologice \u00een medicin\u0103 general\u0103, cardiologie, chirurgie cardiac\u0103, neurologie, neurochirurgie, chirurgie vascular\u0103, anestezie \u0219i terapie intensiv\u0103, radiologie.[\/vc_column_text][\/vc_column][\/vc_row]\n<\/div>","protected":false},"excerpt":{"rendered":"<p>[vc_row][vc_column width=&#8221;1\/2&#8243;][mk_image src=&#8221;\/\/cardiacinstitute.bg\/wp-content\/uploads\/2017\/07\/produljavashto-obuchenie.jpg&#8221; image_size=&#8221;full&#8221;][\/vc_column][vc_column width=&#8221;1\/2&#8243;][mk_fancy_title tag_name=&#8221;h4&#8243; color=&#8221;#1e73be&#8221; size=&#8221;36&#8243; force_font_size=&#8221;true&#8221; size_phone=&#8221;30&#8243; font_weight=&#8221;400&#8243; txt_transform=&#8221;uppercase&#8221; margin_bottom=&#8221;30&#8243; font_family=&#8221;Open+Sans&#8221; font_type=&#8221;google&#8221; animation=&#8221;top-to-bottom&#8221;]Educa\u021bia continu\u0103[\/mk_fancy_title][vc_column_text disable_pattern=&#8221;false&#8221; css=&#8221;.vc_custom_1658224556811{margin-bottom: 0px !important;}&#8221;]Institutul Bulgar de Cardiologie, \u00eempreun\u0103 cu Uniunea Medicilor din Bulgaria, organizeaz\u0103 o serie de evenimente pentru educa\u021bia medical\u0103 postuniversitar\u0103: seminarii, congrese, simpozioane, cursuri, preg\u0103tire individual\u0103 \u0219i programe de calificare profesional\u0103. Subiectele educa\u021bionale includ cele mai [&hellip;]<\/p>\n","protected":false},"author":1,"featured_media":0,"parent":20140,"menu_order":2,"comment_status":"closed","ping_status":"closed","template":"","meta":{"footnotes":""},"class_list":["post-20162","page","type-page","status-publish","hentry"],"_links":{"self":[{"href":"https:\/\/cardiacinstitute.bg\/ro\/wp-json\/wp\/v2\/pages\/20162","targetHints":{"allow":["GET"]}}],"collection":[{"href":"https:\/\/cardiacinstitute.bg\/ro\/wp-json\/wp\/v2\/pages"}],"about":[{"href":"https:\/\/cardiacinstitute.bg\/ro\/wp-json\/wp\/v2\/types\/page"}],"author":[{"embeddable":true,"href":"https:\/\/cardiacinstitute.bg\/ro\/wp-json\/wp\/v2\/users\/1"}],"replies":[{"embeddable":true,"href":"https:\/\/cardiacinstitute.bg\/ro\/wp-json\/wp\/v2\/comments?post=20162"}],"version-history":[{"count":3,"href":"https:\/\/cardiacinstitute.bg\/ro\/wp-json\/wp\/v2\/pages\/20162\/revisions"}],"predecessor-version":[{"id":20165,"href":"https:\/\/cardiacinstitute.bg\/ro\/wp-json\/wp\/v2\/pages\/20162\/revisions\/20165"}],"up":[{"embeddable":true,"href":"https:\/\/cardiacinstitute.bg\/ro\/wp-json\/wp\/v2\/pages\/20140"}],"wp:attachment":[{"href":"https:\/\/cardiacinstitute.bg\/ro\/wp-json\/wp\/v2\/media?parent=20162"}],"curies":[{"name":"wp","href":"https:\/\/api.w.org\/{rel}","templated":true}]}}