{"id":20157,"date":"2022-07-19T09:53:24","date_gmt":"2022-07-19T09:53:24","guid":{"rendered":"https:\/\/cardiacinstitute.bg\/?page_id=20157"},"modified":"2022-08-05T08:13:21","modified_gmt":"2022-08-05T08:13:21","slug":"postgraduate-education","status":"publish","type":"page","link":"https:\/\/cardiacinstitute.bg\/ro\/education\/postgraduate-education\/","title":{"rendered":"\u00cenv\u0103\u021b\u0103m\u00e2ntul postuniversitar"},"content":{"rendered":"<div class=\"wpb-content-wrapper\">[vc_row][vc_column width=&#8221;1\/2&#8243;][mk_fancy_title tag_name=&#8221;h4&#8243; color=&#8221;#1e73be&#8221; size=&#8221;36&#8243; force_font_size=&#8221;true&#8221; size_phone=&#8221;30&#8243; font_weight=&#8221;400&#8243; txt_transform=&#8221;uppercase&#8221; margin_bottom=&#8221;30&#8243; font_family=&#8221;Open+Sans&#8221; font_type=&#8221;google&#8221; animation=&#8221;top-to-bottom&#8221;]\u00cenv\u0103\u021b\u0103m\u00e2ntul postuniversitar[\/mk_fancy_title][vc_column_text disable_pattern=&#8221;false&#8221; css=&#8221;.vc_custom_1658224397334{margin-bottom: 0px !important;}&#8221;]Institutul Cardiac din Bulgaria, \u00eempreun\u0103 cu Universitatea de Medicin\u0103 din Pleven, ofer\u0103 cursuri complete pentru urm\u0103toarele procese medicale de \u00eenalt\u0103 specializare:<\/p>\n<ol>\n<li>Cardiologie diagnostic\u0103 invaziv\u0103 \u0219i cardiologie interven\u021bional\u0103<\/li>\n<li>Ecocardiografie \u2013 nivel de baz\u0103 \u0219i expert<\/li>\n<li>Cardiostimulare<\/li>\n<\/ol>\n<p>Vor fi sus\u021binute \u0219i examene pentru cursurile individuale.<\/p>\n<p>Programele educa\u021bionale sunt \u00een conformitate cu cerin\u021bele legisla\u021biei bulgare \u0219i cu realiz\u0103rile moderne inovatoare ale \u0219tiin\u021bei medicale \u0219i tehnologiilor medicale.[\/vc_column_text][mk_padding_divider size=&#8221;60&#8243; visibility=&#8221;visible-sm&#8221;][\/vc_column][vc_column width=&#8221;1\/2&#8243;][mk_image src=&#8221;\/\/cardiacinstitute.bg\/wp-content\/uploads\/2017\/07\/sleddiplomna-kvalifikacia.jpg&#8221; image_size=&#8221;full&#8221;][\/vc_column][\/vc_row]\n<\/div>","protected":false},"excerpt":{"rendered":"<p>[vc_row][vc_column width=&#8221;1\/2&#8243;][mk_fancy_title tag_name=&#8221;h4&#8243; color=&#8221;#1e73be&#8221; size=&#8221;36&#8243; force_font_size=&#8221;true&#8221; size_phone=&#8221;30&#8243; font_weight=&#8221;400&#8243; txt_transform=&#8221;uppercase&#8221; margin_bottom=&#8221;30&#8243; font_family=&#8221;Open+Sans&#8221; font_type=&#8221;google&#8221; animation=&#8221;top-to-bottom&#8221;]\u00cenv\u0103\u021b\u0103m\u00e2ntul postuniversitar[\/mk_fancy_title][vc_column_text disable_pattern=&#8221;false&#8221; css=&#8221;.vc_custom_1658224397334{margin-bottom: 0px !important;}&#8221;]Institutul Cardiac din Bulgaria, \u00eempreun\u0103 cu Universitatea de Medicin\u0103 din Pleven, ofer\u0103 cursuri complete pentru urm\u0103toarele procese medicale de \u00eenalt\u0103 specializare: Cardiologie diagnostic\u0103 invaziv\u0103 \u0219i cardiologie interven\u021bional\u0103 Ecocardiografie \u2013 nivel de baz\u0103 \u0219i expert Cardiostimulare Vor fi sus\u021binute [&hellip;]<\/p>\n","protected":false},"author":1,"featured_media":0,"parent":20140,"menu_order":1,"comment_status":"closed","ping_status":"closed","template":"","meta":{"footnotes":""},"class_list":["post-20157","page","type-page","status-publish","hentry"],"_links":{"self":[{"href":"https:\/\/cardiacinstitute.bg\/ro\/wp-json\/wp\/v2\/pages\/20157","targetHints":{"allow":["GET"]}}],"collection":[{"href":"https:\/\/cardiacinstitute.bg\/ro\/wp-json\/wp\/v2\/pages"}],"about":[{"href":"https:\/\/cardiacinstitute.bg\/ro\/wp-json\/wp\/v2\/types\/page"}],"author":[{"embeddable":true,"href":"https:\/\/cardiacinstitute.bg\/ro\/wp-json\/wp\/v2\/users\/1"}],"replies":[{"embeddable":true,"href":"https:\/\/cardiacinstitute.bg\/ro\/wp-json\/wp\/v2\/comments?post=20157"}],"version-history":[{"count":4,"href":"https:\/\/cardiacinstitute.bg\/ro\/wp-json\/wp\/v2\/pages\/20157\/revisions"}],"predecessor-version":[{"id":21995,"href":"https:\/\/cardiacinstitute.bg\/ro\/wp-json\/wp\/v2\/pages\/20157\/revisions\/21995"}],"up":[{"embeddable":true,"href":"https:\/\/cardiacinstitute.bg\/ro\/wp-json\/wp\/v2\/pages\/20140"}],"wp:attachment":[{"href":"https:\/\/cardiacinstitute.bg\/ro\/wp-json\/wp\/v2\/media?parent=20157"}],"curies":[{"name":"wp","href":"https:\/\/api.w.org\/{rel}","templated":true}]}}