{"id":20145,"date":"2022-07-19T09:12:18","date_gmt":"2022-07-19T09:12:18","guid":{"rendered":"https:\/\/cardiacinstitute.bg\/?page_id=20145"},"modified":"2022-08-05T08:12:57","modified_gmt":"2022-08-05T08:12:57","slug":"specialties","status":"publish","type":"page","link":"https:\/\/cardiacinstitute.bg\/ro\/education\/specialties\/","title":{"rendered":"Specialit\u0103\u021bi medicale"},"content":{"rendered":"<div class=\"wpb-content-wrapper\">[vc_row][vc_column width=&#8221;1\/2&#8243;][mk_image src=&#8221;\/\/cardiacinstitute.bg\/wp-content\/uploads\/2017\/07\/medicinski-specialnosti.jpg&#8221; image_size=&#8221;full&#8221;][\/vc_column][vc_column width=&#8221;1\/2&#8243;][mk_fancy_title tag_name=&#8221;h4&#8243; color=&#8221;#1e73be&#8221; size=&#8221;36&#8243; force_font_size=&#8221;true&#8221; size_phone=&#8221;30&#8243; font_weight=&#8221;400&#8243; txt_transform=&#8221;uppercase&#8221; margin_bottom=&#8221;30&#8243; font_family=&#8221;Open+Sans&#8221; font_type=&#8221;google&#8221; animation=&#8221;top-to-bottom&#8221;]Specialit\u0103\u021bi medicale[\/mk_fancy_title][vc_column_text disable_pattern=&#8221;false&#8221; css=&#8221;.vc_custom_1658221899075{margin-bottom: 0px !important;}&#8221;]Spitalele Institutului Cardiac din Bulgaria sunt acreditate pentru educa\u021bia studen\u021bilor \u0219i studen\u021bilor postuniversitari \u00een conformitate cu legisla\u021bia bulgar\u0103.<\/p>\n<p>Preg\u0103tirea teoretic\u0103 a studen\u021bilor \u0219i studen\u021bilor postuniversitari la specialit\u0103\u021bile cardiologie, chirurgie cardiac\u0103, chirurgie vascular\u0103, anestezie \u0219i terapie intensiv\u0103 se realizeaz\u0103 la Universitatea de Medicin\u0103 din Pleven.[\/vc_column_text][\/vc_column][\/vc_row][vc_row][vc_column][vc_column_text css=&#8221;.vc_custom_1658221933755{margin-bottom: 0px !important;}&#8221;]Educa\u021bia practic\u0103 a studen\u021bilor \u0219i studen\u021bilor postuniversitari se realizeaz\u0103 la spitalele Institutului Cardiac Bulgar din Pleven, Veliko Turnovo, Varna, Shumen \u0219i Yambol, care asigur\u0103 lectorii abilita\u021bi \u0219i bazele tehnologice moderne necesare pentru predarea programului educa\u021bional la toate sec\u021biile \u0219i modulele de specialitate.<\/p>\n<p>\u00cenv\u0103\u021b\u0103m\u00e2ntul pentru calificarea de specialitate se realizeaz\u0103 \u00een conformitate cu programe aprobate de ministrul s\u0103n\u0103t\u0103\u021bii.<\/p>\n<p>Programele educa\u021bionale includ:<\/p>\n<p>1. Con\u021binutul educa\u021bional obligatoriu teoretic \u0219i practic \u0219i timpul de formare obligatoriu necesar<br \/>\n2. Distribu\u021bia \u0219i durata modulelor<br \/>\n3. Colocviul obligatoriu \u0219i orarul<br \/>\n4. Cuno\u0219tin\u021bele, abilit\u0103\u021bile \u0219i competen\u021bele care trebuie dob\u00e2ndite<\/p>\n<p>Institutul Cardiac din Bulgaria asigur\u0103 calitatea educa\u021biei pentru certificarea de specialitate printr-un sistem intern de evaluare, sprijin \u0219i dezvoltare a calit\u0103\u021bii educa\u021bionale, inclusiv sondaje de \u201eopinie ale studen\u021bilor\u201d cel pu\u021bin o dat\u0103 pe an.[\/vc_column_text][\/vc_column][\/vc_row]\n<\/div>","protected":false},"excerpt":{"rendered":"<p>[vc_row][vc_column width=&#8221;1\/2&#8243;][mk_image src=&#8221;\/\/cardiacinstitute.bg\/wp-content\/uploads\/2017\/07\/medicinski-specialnosti.jpg&#8221; image_size=&#8221;full&#8221;][\/vc_column][vc_column width=&#8221;1\/2&#8243;][mk_fancy_title tag_name=&#8221;h4&#8243; color=&#8221;#1e73be&#8221; size=&#8221;36&#8243; force_font_size=&#8221;true&#8221; size_phone=&#8221;30&#8243; font_weight=&#8221;400&#8243; txt_transform=&#8221;uppercase&#8221; margin_bottom=&#8221;30&#8243; font_family=&#8221;Open+Sans&#8221; font_type=&#8221;google&#8221; animation=&#8221;top-to-bottom&#8221;]Specialit\u0103\u021bi medicale[\/mk_fancy_title][vc_column_text disable_pattern=&#8221;false&#8221; css=&#8221;.vc_custom_1658221899075{margin-bottom: 0px !important;}&#8221;]Spitalele Institutului Cardiac din Bulgaria sunt acreditate pentru educa\u021bia studen\u021bilor \u0219i studen\u021bilor postuniversitari \u00een conformitate cu legisla\u021bia bulgar\u0103. Preg\u0103tirea teoretic\u0103 a studen\u021bilor \u0219i studen\u021bilor postuniversitari la specialit\u0103\u021bile cardiologie, chirurgie cardiac\u0103, chirurgie vascular\u0103, anestezie \u0219i terapie [&hellip;]<\/p>\n","protected":false},"author":1,"featured_media":0,"parent":20140,"menu_order":0,"comment_status":"closed","ping_status":"closed","template":"","meta":{"footnotes":""},"class_list":["post-20145","page","type-page","status-publish","hentry"],"_links":{"self":[{"href":"https:\/\/cardiacinstitute.bg\/ro\/wp-json\/wp\/v2\/pages\/20145","targetHints":{"allow":["GET"]}}],"collection":[{"href":"https:\/\/cardiacinstitute.bg\/ro\/wp-json\/wp\/v2\/pages"}],"about":[{"href":"https:\/\/cardiacinstitute.bg\/ro\/wp-json\/wp\/v2\/types\/page"}],"author":[{"embeddable":true,"href":"https:\/\/cardiacinstitute.bg\/ro\/wp-json\/wp\/v2\/users\/1"}],"replies":[{"embeddable":true,"href":"https:\/\/cardiacinstitute.bg\/ro\/wp-json\/wp\/v2\/comments?post=20145"}],"version-history":[{"count":2,"href":"https:\/\/cardiacinstitute.bg\/ro\/wp-json\/wp\/v2\/pages\/20145\/revisions"}],"predecessor-version":[{"id":20147,"href":"https:\/\/cardiacinstitute.bg\/ro\/wp-json\/wp\/v2\/pages\/20145\/revisions\/20147"}],"up":[{"embeddable":true,"href":"https:\/\/cardiacinstitute.bg\/ro\/wp-json\/wp\/v2\/pages\/20140"}],"wp:attachment":[{"href":"https:\/\/cardiacinstitute.bg\/ro\/wp-json\/wp\/v2\/media?parent=20145"}],"curies":[{"name":"wp","href":"https:\/\/api.w.org\/{rel}","templated":true}]}}