{"id":29105,"date":"2023-04-05T12:21:32","date_gmt":"2023-04-05T12:21:32","guid":{"rendered":"https:\/\/cardiacinstitute.bg\/?page_id=29105"},"modified":"2025-02-05T07:08:30","modified_gmt":"2025-02-05T07:08:30","slug":"gastroenterology-clinic","status":"publish","type":"page","link":"https:\/\/cardiacinstitute.bg\/el\/hospitals-and-centers\/heart-and-brain-center-of-excellence-pleven\/clinics-and-departments\/gastroenterology-clinic\/","title":{"rendered":"\u0393\u03b1\u03c3\u03c4\u03c1\u03b5\u03bd\u03c4\u03b5\u03c1\u03bf\u03bb\u03bf\u03b3\u03af\u03b1"},"content":{"rendered":"<div class=\"wpb-content-wrapper\">[mk_page_section bg_color=&#8221;#1e73be&#8221; padding_top=&#8221;40&#8243; padding_bottom=&#8221;40&#8243; sidebar=&#8221;sidebar-1&#8243;][vc_column][mk_fancy_title tag_name=&#8221;h4&#8243; color=&#8221;#ffffff&#8221; size=&#8221;48&#8243; force_font_size=&#8221;true&#8221; size_tablet=&#8221;40&#8243; font_weight=&#8221;400&#8243; txt_transform=&#8221;uppercase&#8221; margin_top=&#8221;15&#8243; margin_bottom=&#8221;0&#8243; font_family=&#8221;Open+Sans&#8221; font_type=&#8221;google&#8221; align=&#8221;center&#8221; animation=&#8221;top-to-bottom&#8221;]\u0393\u03b1\u03c3\u03c4\u03c1\u03b5\u03bd\u03c4\u03b5\u03c1\u03bf\u03bb\u03bf\u03b3\u03af\u03b1[\/mk_fancy_title][\/vc_column][\/mk_page_section][vc_row][vc_column][mk_padding_divider][vc_column_text css=&#8221;.vc_custom_1680700765668{margin-bottom: 0px !important;}&#8221;]<strong>\u03a3\u03c7\u03b5\u03c4\u03b9\u03ba\u03ac \u03bc\u03b5 \u03c4\u03bf \u03c4\u03bc\u03ae\u03bc\u03b1:<\/strong><br \/>\n\u0397 \u0393\u03b1\u03c3\u03c4\u03c1\u03b5\u03bd\u03c4\u03b5\u03c1\u03bf\u03bb\u03bf\u03b3\u03b9\u03ba\u03ae \u039a\u03bb\u03b9\u03bd\u03b9\u03ba\u03ae \u03b4\u03b9\u03b1\u03b8\u03ad\u03c4\u03b5\u03b9 \u03bc\u03b9\u03b1 \u03bd\u03ad\u03b1, \u03c6\u03b9\u03bb\u03cc\u03b4\u03bf\u03be\u03b7 \u03ba\u03b1\u03b9 \u03c5\u03c8\u03b7\u03bb\u03ac \u03ba\u03b1\u03c4\u03b1\u03c1\u03c4\u03b9\u03c3\u03bc\u03ad\u03bd\u03b7 \u03bf\u03bc\u03ac\u03b4\u03b1 \u03b9\u03ba\u03b1\u03bd\u03ce\u03bd, \u03c3\u03c5\u03bc\u03c0\u03bb\u03b7\u03c1\u03c9\u03bc\u03b1\u03c4\u03b9\u03ba\u03ce\u03bd \u03b9\u03b1\u03c4\u03c1\u03ce\u03bd \u03bc\u03b5 \u03c0\u03c1\u03bf\u03b7\u03b3\u03bc\u03ad\u03bd\u03b5\u03c2 \u03b3\u03bd\u03ce\u03c3\u03b5\u03b9\u03c2 \u03ba\u03b1\u03b9 \u03c3\u03cd\u03b3\u03c7\u03c1\u03bf\u03bd\u03b7 \u03c0\u03c1\u03bf\u03c3\u03ad\u03b3\u03b3\u03b9\u03c3\u03b7 \u03c3\u03c4\u03bf\u03bd \u03c4\u03bf\u03bc\u03ad\u03b1 \u03c4\u03b7\u03c2 \u03b3\u03b1\u03c3\u03c4\u03c1\u03b5\u03bd\u03c4\u03b5\u03c1\u03bf\u03bb\u03bf\u03b3\u03af\u03b1\u03c2. \u0397 \u03bc\u03bf\u03bd\u03ac\u03b4\u03b1 \u03bd\u03bf\u03c3\u03b7\u03bb\u03b5\u03af\u03b1\u03c2 \u03b4\u03b9\u03b1\u03b8\u03ad\u03c4\u03b5\u03b9 \u03bf\u03ba\u03c4\u03ce \u03b4\u03c9\u03bc\u03ac\u03c4\u03b9\u03b1 \u03bd\u03bf\u03c3\u03b7\u03bb\u03b5\u03af\u03b1\u03c2 \u03bc\u03b5 2, 3 \u03ba\u03b1\u03b9 5 \u03ba\u03c1\u03b5\u03b2\u03ac\u03c4\u03b9\u03b1. \u0395\u03bd\u03c4\u03cc\u03c2 \u03c4\u03b7\u03c2 \u039a\u03bb\u03b9\u03bd\u03b9\u03ba\u03ae\u03c2 \u03c5\u03c0\u03ac\u03c1\u03c7\u03bf\u03c5\u03bd \u03b1\u03af\u03b8\u03bf\u03c5\u03c3\u03b1 \u03c5\u03c0\u03b5\u03c1\u03ae\u03c7\u03c9\u03bd \u03ba\u03b1\u03b9 \u03c4\u03bc\u03ae\u03bc\u03b1 \u03b5\u03bd\u03b4\u03bf\u03c3\u03ba\u03cc\u03c0\u03b7\u03c3\u03b7\u03c2 \u03cc\u03c0\u03bf\u03c5 \u03c0\u03c1\u03b1\u03b3\u03bc\u03b1\u03c4\u03bf\u03c0\u03bf\u03b9\u03bf\u03cd\u03bd\u03c4\u03b1\u03b9 \u03b5\u03c0\u03b5\u03bc\u03b2\u03b1\u03c4\u03b9\u03ba\u03ad\u03c2 \u03b5\u03bd\u03b4\u03bf\u03c3\u03ba\u03bf\u03c0\u03b9\u03ba\u03ad\u03c2 \u03b5\u03c0\u03b5\u03bc\u03b2\u03ac\u03c3\u03b5\u03b9\u03c2.<\/p>\n<p><strong>\u03a5\u03c0\u03b7\u03c1\u03b5\u03c3\u03af\u03b5\u03c2:<\/strong><br \/>\n\u0397 \u0393\u03b1\u03c3\u03c4\u03c1\u03b5\u03bd\u03c4\u03b5\u03c1\u03bf\u03bb\u03bf\u03b3\u03b9\u03ba\u03ae \u039a\u03bb\u03b9\u03bd\u03b9\u03ba\u03ae \u03b1\u03c3\u03ba\u03b5\u03af \u03b4\u03c1\u03b1\u03c3\u03c4\u03b7\u03c1\u03b9\u03cc\u03c4\u03b7\u03c4\u03b5\u03c2 \u03b4\u03b9\u03ac\u03b3\u03bd\u03c9\u03c3\u03b7\u03c2, \u03b8\u03b5\u03c1\u03b1\u03c0\u03b5\u03af\u03b1\u03c2, \u03c0\u03c1\u03cc\u03bb\u03b7\u03c8\u03b7\u03c2 \u03ba\u03b1\u03b9 \u03c0\u03b1\u03c1\u03b1\u03ba\u03bf\u03bb\u03bf\u03cd\u03b8\u03b7\u03c3\u03b7\u03c2 \u03cc\u03bb\u03bf\u03c5 \u03c4\u03bf\u03c5 \u03c6\u03ac\u03c3\u03bc\u03b1\u03c4\u03bf\u03c2 \u03c4\u03c9\u03bd \u03c0\u03b1\u03b8\u03ae\u03c3\u03b5\u03c9\u03bd \u03c4\u03bf\u03c5 \u03b3\u03b1\u03c3\u03c4\u03c1\u03b5\u03bd\u03c4\u03b5\u03c1\u03b9\u03ba\u03bf\u03cd \u03c3\u03c9\u03bb\u03ae\u03bd\u03b1, \u03c4\u03c9\u03bd \u03c0\u03b1\u03b8\u03ae\u03c3\u03b5\u03c9\u03bd \u03c4\u03bf\u03c5 \u03ae\u03c0\u03b1\u03c4\u03bf\u03c2 \u03ba\u03b1\u03b9 \u03c4\u03c9\u03bd \u03c0\u03b1\u03b8\u03ae\u03c3\u03b5\u03c9\u03bd \u03c4\u03bf\u03c5 \u03c0\u03b1\u03b3\u03ba\u03c1\u03ad\u03b1\u03c4\u03bf\u03c2 \u03ba\u03b1\u03b9 \u03c4\u03bf\u03c5 \u03c7\u03bf\u03bb\u03b7\u03c6\u03cc\u03c1\u03bf\u03c5 \u03c3\u03c5\u03c3\u03c4\u03ae\u03bc\u03b1\u03c4\u03bf\u03c2.<\/p>\n<p>\u0397 \u03ba\u03bb\u03b9\u03bd\u03b9\u03ba\u03ae \u03b4\u03b9\u03b1\u03b8\u03ad\u03c4\u03b5\u03b9 \u03c4\u03bf\u03bd \u03c4\u03b5\u03bb\u03b5\u03c5\u03c4\u03b1\u03af\u03b1\u03c2 \u03b3\u03b5\u03bd\u03b9\u03ac\u03c2 \u03c3\u03cd\u03b3\u03c7\u03c1\u03bf\u03bd\u03bf \u03b4\u03b9\u03b1\u03b3\u03bd\u03c9\u03c3\u03c4\u03b9\u03ba\u03cc \u03b5\u03be\u03bf\u03c0\u03bb\u03b9\u03c3\u03bc\u03cc \u03c5\u03c8\u03b7\u03bb\u03ae\u03c2 \u03c4\u03b5\u03c7\u03bd\u03bf\u03bb\u03bf\u03b3\u03af\u03b1\u03c2 \u03c0\u03bf\u03c5 \u03b5\u03c0\u03b9\u03c4\u03c1\u03ad\u03c0\u03b5\u03b9 \u03c3\u03c4\u03bf\u03c5\u03c2 \u03b3\u03b9\u03b1\u03c4\u03c1\u03bf\u03cd\u03c2 \u03c4\u03b7\u03bd \u03c0\u03b9\u03bf \u03c3\u03cd\u03b3\u03c7\u03c1\u03bf\u03bd\u03b7 \u03c3\u03cd\u03bd\u03b8\u03b5\u03c4\u03b7 \u03c0\u03c1\u03bf\u03c3\u03ad\u03b3\u03b3\u03b9\u03c3\u03b7 \u03c3\u03c4\u03b7 \u03b4\u03b9\u03ac\u03b3\u03bd\u03c9\u03c3\u03b7 \u03ba\u03b1\u03b9 \u03c4\u03b7 \u03b8\u03b5\u03c1\u03b1\u03c0\u03b5\u03af\u03b1 \u03c4\u03c9\u03bd \u03b1\u03c3\u03b8\u03b5\u03bd\u03ce\u03bd \u03c3\u03cd\u03bc\u03c6\u03c9\u03bd\u03b1 \u03bc\u03b5 \u03c4\u03b1 \u03c4\u03b5\u03bb\u03b5\u03c5\u03c4\u03b1\u03af\u03b1 \u03c0\u03b1\u03b3\u03ba\u03cc\u03c3\u03bc\u03b9\u03b1 \u03c0\u03c1\u03cc\u03c4\u03c5\u03c0\u03b1.<\/p>\n<p>\u0395\u03af\u03bd\u03b1\u03b9 \u03b5\u03c0\u03af\u03c3\u03b7\u03c2 \u03b5\u03be\u03bf\u03c0\u03bb\u03b9\u03c3\u03bc\u03ad\u03bd\u03b7 \u03bc\u03b5 \u03ad\u03bd\u03b1\u03bd \u03c5\u03c0\u03b5\u03c1\u03c3\u03cd\u03b3\u03c7\u03c1\u03bf\u03bd\u03bf \u03c5\u03c0\u03b5\u03c1\u03b7\u03c7\u03bf\u03c4\u03bf\u03bc\u03bf\u03b3\u03c1\u03ac\u03c6\u03bf Philips EPQ 7, \u03bc\u03b9\u03b1 \u03c5\u03c0\u03b5\u03c1\u03c3\u03cd\u03b3\u03c7\u03c1\u03bf\u03bd\u03b7 \u03bc\u03bf\u03bd\u03ac\u03b4\u03b1 \u03b5\u03bd\u03b4\u03bf\u03c3\u03ba\u03cc\u03c0\u03b7\u03c3\u03b7\u03c2 \u03c5\u03c8\u03b7\u03bb\u03ae\u03c2 \u03b5\u03c5\u03ba\u03c1\u03af\u03bd\u03b5\u03b9\u03b1\u03c2 HD \u03c4\u03b7\u03c2 Fuji Film \u03ba\u03b1\u03b9 \u03ad\u03bd\u03b1 \u03bc\u03b7\u03c7\u03ac\u03bd\u03b7\u03bc\u03b1 \u03b1\u03bc\u03c6\u03b9\u03b2\u03bb\u03b7\u03c3\u03c4\u03c1\u03bf\u03b5\u03b9\u03b4\u03bf\u03cd\u03c2 C-arm.<\/p>\n<p>\u03a0\u03c1\u03b1\u03b3\u03bc\u03b1\u03c4\u03bf\u03c0\u03bf\u03b9\u03bf\u03cd\u03bd\u03c4\u03b1\u03b9 \u03bf\u03b9 \u03b1\u03ba\u03cc\u03bb\u03bf\u03c5\u03b8\u03b5\u03c2 \u03b4\u03b9\u03b1\u03b3\u03bd\u03c9\u03c3\u03c4\u03b9\u03ba\u03ad\u03c2 \u03ba\u03b1\u03b9 \u03b8\u03b5\u03c1\u03b1\u03c0\u03b5\u03c5\u03c4\u03b9\u03ba\u03ad\u03c2 \u03b4\u03b9\u03b1\u03b4\u03b9\u03ba\u03b1\u03c3\u03af\u03b5\u03c2:<\/p>\n<ol>\n<li>Diagnosticarea endoscopiei superioare \u0219i inferioare cu aplicarea de rutin\u0103 a cromoendoscopiei virtuale;<\/li>\n<li>Polipectomie endoscopic\u0103 \u0219i coagulare cu argon-plasm\u0103;<\/li>\n<li>Hemostaza endoscopic\u0103 \/injectabil\u0103, termic\u0103 \u0219i mecanic\u0103\/ pentru leziuni hemoragice ale esofagului, stomacului, duodenului;<\/li>\n<li>Rezec\u021bia endoscopic\u0103 a mucoasei \u0219i disec\u021bia submucoas\u0103 endoscopic\u0103 pentru \u00eendep\u0103rtarea leziunilor premaligne precoce ale esofagului, stomacului, colonului;<\/li>\n<li>plasarea endoscopic\u0103 a gastrostomiilor;<\/li>\n<li>Protezarea endoscopic\u0103 cu proteze metalice autoexpansibile pentru obstruc\u021bia malign\u0103;<\/li>\n<li>Dilatarea cu balon a esofagului sub control endoscopic;<\/li>\n<li>Ligaturarea varicelor esofagiene;<\/li>\n<li>Tratamentul endoscopic al insuficien\u021belor anastomotice \u0219i al fistulelor;<\/li>\n<li>extrac\u021bia endoscopic\u0103 a corpurilor str\u0103ine din GIT;<\/li>\n<li>Colangiopancreatografia retrograd\u0103 endoscopic\u0103 \u0219i interven\u021biile terapeutice aferente:<\/li>\n<\/ol>\n<ul>\n<li>papillosfincterotomia, dilatarea cu balon a papilei Fateri;<\/li>\n<li>extragerea concre\u021biunilor din canalele biliare, litotripsie mecanic\u0103;<\/li>\n<li>protezare endocoas\u0103 cu proteze din plastic \u0219i proteze metalice autoexpansibile;<\/li>\n<li>biopsie intraductal\u0103.<\/li>\n<\/ul>\n<ol start=\"12\">\n<li>Ecoendoscopie diagnostic\u0103 \u0219i terapeutic\u0103:<\/li>\n<\/ol>\n<ul>\n<li>Caracteristicile \u0219i stadializarea leziunilor subepiteliale ale GIT;<\/li>\n<li>Perfec\u021bionarea diagnosticului neoplasmelor chistice pancreatice, al tumorilor pancreatice solide \u0219i al tumorilor periampulare;<\/li>\n<li>Biopsie cu ac fin sub control ecoendoscopic pentru verificare histologic\u0103 \u0219i\/sau citologic\u0103, evit\u00e2ndu-se interven\u021biile chirurgicale exploratorii.<\/li>\n<li>Drenajul \u00een pseudochisturile pancreatice.<\/li>\n<\/ul>\n<ol start=\"13\">\n<li>Ecografia organelor abdominale \u0219i a retroperitoneului<\/li>\n<\/ol>\n<ul>\n<li>ultrasonografie conven\u021bional\u0103 \u0219i Doppler;<\/li>\n<li>ultrasonografie cu contrast;<\/li>\n<li>evaluarea neinvaziv\u0103 a fibrozei hepatice &#8211; elastografia;<\/li>\n<li>efectuarea de biopsii percutanate sub control ecografic;<\/li>\n<li>efectuarea de drenaje percutanate sub control ultrasonografic.<\/li>\n<\/ul>\n<p>Clinica de Gastroenterologie colaboreaz\u0103 cu Clinica de Chirurgie \u00een domeniul a\u0219a-numitei chirurgii hibride. Se efectueaz\u0103 ultrasonografie intraoperatorie, opera\u021bii laparoscopice asistate endoscopic ale stomacului, colonului \u0219i sistemului biliar.<\/p>\n[\/vc_column_text][mk_padding_divider size=&#8221;120&#8243;][mk_employees column=&#8221;4&#8243; rounded_image=&#8221;false&#8221; grayscale_image=&#8221;false&#8221; count=&#8221;-1&#8243; order=&#8221;ASC&#8221; orderby=&#8221;menu_order&#8221; categories=&#8221;hb-pleven-gastroenterology-bg&#8221;][\/vc_column][\/vc_row]\n<\/div>","protected":false},"excerpt":{"rendered":"<p>[mk_page_section bg_color=&#8221;#1e73be&#8221; padding_top=&#8221;40&#8243; padding_bottom=&#8221;40&#8243; sidebar=&#8221;sidebar-1&#8243;][vc_column][mk_fancy_title tag_name=&#8221;h4&#8243; color=&#8221;#ffffff&#8221; size=&#8221;48&#8243; force_font_size=&#8221;true&#8221; size_tablet=&#8221;40&#8243; font_weight=&#8221;400&#8243; txt_transform=&#8221;uppercase&#8221; margin_top=&#8221;15&#8243; margin_bottom=&#8221;0&#8243; font_family=&#8221;Open+Sans&#8221; font_type=&#8221;google&#8221; align=&#8221;center&#8221; animation=&#8221;top-to-bottom&#8221;]\u0393\u03b1\u03c3\u03c4\u03c1\u03b5\u03bd\u03c4\u03b5\u03c1\u03bf\u03bb\u03bf\u03b3\u03af\u03b1[\/mk_fancy_title][\/vc_column][\/mk_page_section][vc_row][vc_column][mk_padding_divider][vc_column_text css=&#8221;.vc_custom_1680700765668{margin-bottom: 0px !important;}&#8221;]\u03a3\u03c7\u03b5\u03c4\u03b9\u03ba\u03ac \u03bc\u03b5 \u03c4\u03bf \u03c4\u03bc\u03ae\u03bc\u03b1: \u0397 \u0393\u03b1\u03c3\u03c4\u03c1\u03b5\u03bd\u03c4\u03b5\u03c1\u03bf\u03bb\u03bf\u03b3\u03b9\u03ba\u03ae \u039a\u03bb\u03b9\u03bd\u03b9\u03ba\u03ae \u03b4\u03b9\u03b1\u03b8\u03ad\u03c4\u03b5\u03b9 \u03bc\u03b9\u03b1 \u03bd\u03ad\u03b1, \u03c6\u03b9\u03bb\u03cc\u03b4\u03bf\u03be\u03b7 \u03ba\u03b1\u03b9 \u03c5\u03c8\u03b7\u03bb\u03ac \u03ba\u03b1\u03c4\u03b1\u03c1\u03c4\u03b9\u03c3\u03bc\u03ad\u03bd\u03b7 \u03bf\u03bc\u03ac\u03b4\u03b1 \u03b9\u03ba\u03b1\u03bd\u03ce\u03bd, \u03c3\u03c5\u03bc\u03c0\u03bb\u03b7\u03c1\u03c9\u03bc\u03b1\u03c4\u03b9\u03ba\u03ce\u03bd \u03b9\u03b1\u03c4\u03c1\u03ce\u03bd \u03bc\u03b5 \u03c0\u03c1\u03bf\u03b7\u03b3\u03bc\u03ad\u03bd\u03b5\u03c2 \u03b3\u03bd\u03ce\u03c3\u03b5\u03b9\u03c2 \u03ba\u03b1\u03b9 \u03c3\u03cd\u03b3\u03c7\u03c1\u03bf\u03bd\u03b7 \u03c0\u03c1\u03bf\u03c3\u03ad\u03b3\u03b3\u03b9\u03c3\u03b7 \u03c3\u03c4\u03bf\u03bd \u03c4\u03bf\u03bc\u03ad\u03b1 \u03c4\u03b7\u03c2 \u03b3\u03b1\u03c3\u03c4\u03c1\u03b5\u03bd\u03c4\u03b5\u03c1\u03bf\u03bb\u03bf\u03b3\u03af\u03b1\u03c2. \u0397 \u03bc\u03bf\u03bd\u03ac\u03b4\u03b1 \u03bd\u03bf\u03c3\u03b7\u03bb\u03b5\u03af\u03b1\u03c2 \u03b4\u03b9\u03b1\u03b8\u03ad\u03c4\u03b5\u03b9 \u03bf\u03ba\u03c4\u03ce \u03b4\u03c9\u03bc\u03ac\u03c4\u03b9\u03b1 \u03bd\u03bf\u03c3\u03b7\u03bb\u03b5\u03af\u03b1\u03c2 [&hellip;]<\/p>\n","protected":false},"author":1,"featured_media":0,"parent":22826,"menu_order":0,"comment_status":"closed","ping_status":"closed","template":"","meta":{"footnotes":""},"class_list":["post-29105","page","type-page","status-publish","hentry"],"_links":{"self":[{"href":"https:\/\/cardiacinstitute.bg\/el\/wp-json\/wp\/v2\/pages\/29105","targetHints":{"allow":["GET"]}}],"collection":[{"href":"https:\/\/cardiacinstitute.bg\/el\/wp-json\/wp\/v2\/pages"}],"about":[{"href":"https:\/\/cardiacinstitute.bg\/el\/wp-json\/wp\/v2\/types\/page"}],"author":[{"embeddable":true,"href":"https:\/\/cardiacinstitute.bg\/el\/wp-json\/wp\/v2\/users\/1"}],"replies":[{"embeddable":true,"href":"https:\/\/cardiacinstitute.bg\/el\/wp-json\/wp\/v2\/comments?post=29105"}],"version-history":[{"count":9,"href":"https:\/\/cardiacinstitute.bg\/el\/wp-json\/wp\/v2\/pages\/29105\/revisions"}],"predecessor-version":[{"id":50124,"href":"https:\/\/cardiacinstitute.bg\/el\/wp-json\/wp\/v2\/pages\/29105\/revisions\/50124"}],"up":[{"embeddable":true,"href":"https:\/\/cardiacinstitute.bg\/el\/wp-json\/wp\/v2\/pages\/22826"}],"wp:attachment":[{"href":"https:\/\/cardiacinstitute.bg\/el\/wp-json\/wp\/v2\/media?parent=29105"}],"curies":[{"name":"wp","href":"https:\/\/api.w.org\/{rel}","templated":true}]}}